{"id":1100,"date":"2016-07-11T12:05:00","date_gmt":"2016-07-11T16:05:00","guid":{"rendered":"http:\/\/www.dfp.ca\/fr\/?page_id=1100"},"modified":"2019-09-26T15:04:12","modified_gmt":"2019-09-26T19:04:12","slug":"systeme-dentretien-pour-le-cuir","status":"publish","type":"page","link":"https:\/\/www.dfp.ca\/fr\/cuir\/systeme-dentretien-pour-le-cuir\/","title":{"rendered":"SYST\u00c8ME D&#8217;ENTRETIEN POUR LE CUIR"},"content":{"rendered":"<p><img decoding=\"async\" src=\"https:\/\/www.dfp.ca\/wp-content\/uploads\/2019\/09\/Leather-Care-System-AllItems-FR.png\" alt=\"\"  \/><\/p>\n<p class=\"bodytext\"><i>Le choix des professionnels pour l\u2019entretien des meubles\u00a0<\/i><\/p>\n<p class=\"bodytext\"><i>en cuir<\/i><\/p>\n<p class=\"bodytext\">Prot\u00e9g\u00e9 vos meubles en cuir fin contre\u00a0:<\/p>\n<p class=\"bodytext\">\n<ul>\n<li>L\u2019accumulation de salet\u00e9<\/li>\n<li>La transpiration<\/li>\n<li>La nourriture et les liquides\n<p class=\"bodytext\">\n<\/li>\n<\/ul>\n<p class=\"bodytext\"><b>De plus\u00a0:<\/b><\/p>\n<p class=\"bodytext\">\n<ul>\n<li>Pr\u00e9servera sa souplesse<\/li>\n<li>Pr\u00e9viendra les craquelures<\/li>\n<li>Peut \u00eatre utiliser sur la plupart des types de cuir<\/li>\n<li>Donnera de meilleurs r\u00e9sultats que le produit concurrent principal\n<p class=\"bodytext\">\n<\/li>\n<\/ul>\n<p class=\"bodytext\"><b>Nettoyant Doux pour le cuir<\/b><\/p>\n<p class=\"bodytext\">Sans solvants, efficace et doux. Lorsque utilis\u00e9 r\u00e9guli\u00e8rement, pr\u00e9vient l\u2019accumulation des salet\u00e9s, mati\u00e8res abrasifs, les huiles et autres contaminants qui peuvent acc\u00e9l\u00e9rer la d\u00e9coloration du cuir. N\u2019affectera pas l\u2019apparence, les propri\u00e9t\u00e9s et le fini du cuir.<\/p>\n<p class=\"bodytext\"><b>Cr\u00e8me Protectrice pour le cuir<\/b><\/p>\n<p class=\"bodytext\">Augmentera la durabilit\u00e9 et la r\u00e9sistance du cuir contre les taches, les salet\u00e9s et les \u00e9claboussures. Donne les nutriments n\u00e9cessaires pour garder le cuir doux et souple, prolonge la dur\u00e9e de vie et l\u2019apparence. Pour de meilleurs r\u00e9sultats utiliser au pr\u00e9alable le nettoyant doux pour le cuir.<\/p>\n<p class=\"bodytext\">\n<ul>\n<li>Formule biod\u00e9gradable \u00e0 base d\u2019eau<\/li>\n<li>Ne pas utiliser sur le cuir de su\u00e8de et le fini \u00ab Nubuck \u00bb\n<p class=\"bodytext\">\n<\/li>\n<\/ul>\n<p class=\"bodytext\"><b>L\u2019ensemble contient\u00a0:<\/b><\/p>\n<p class=\"bodytext\">\n<ul>\n<li>Nettoyant Doux pour le Cuir<\/li>\n<li>Cr\u00e8me Protectrice pour le Cuir<\/li>\n<li>\u00c9ponge \u00e0 nettoyer<\/li>\n<li>Chiffon d\u2019application\n<p class=\"bodytext\">\n<\/li>\n<\/ul>\n<p class=\"bodytext\">Item #: 686300 (Disponible \u00e0 la caisse seulement)<\/p>\n<p class=\"bodytext\"><i>\u00a0<\/i><\/p>\n<p class=\"bodytext\">\n","protected":false},"excerpt":{"rendered":"<p>Le choix des professionnels pour l\u2019entretien des meubles\u00a0 en cuir Prot\u00e9g\u00e9 vos meubles en cuir fin contre\u00a0: L\u2019accumulation de salet\u00e9 La transpiration La nourriture et les liquides De plus\u00a0: Pr\u00e9servera sa souplesse Pr\u00e9viendra les craquelures Peut \u00eatre utiliser sur la plupart des types de cuir Donnera de meilleurs r\u00e9sultats que le produit concurrent principal Nettoyant [&hellip;]<\/p>\n","protected":false},"author":1,"featured_media":0,"parent":1091,"menu_order":0,"comment_status":"closed","ping_status":"closed","template":"template-left-sidebar.php","meta":{"footnotes":""},"class_list":["post-1100","page","type-page","status-publish","hentry"],"_links":{"self":[{"href":"https:\/\/www.dfp.ca\/fr\/wp-json\/wp\/v2\/pages\/1100"}],"collection":[{"href":"https:\/\/www.dfp.ca\/fr\/wp-json\/wp\/v2\/pages"}],"about":[{"href":"https:\/\/www.dfp.ca\/fr\/wp-json\/wp\/v2\/types\/page"}],"author":[{"embeddable":true,"href":"https:\/\/www.dfp.ca\/fr\/wp-json\/wp\/v2\/users\/1"}],"replies":[{"embeddable":true,"href":"https:\/\/www.dfp.ca\/fr\/wp-json\/wp\/v2\/comments?post=1100"}],"version-history":[{"count":6,"href":"https:\/\/www.dfp.ca\/fr\/wp-json\/wp\/v2\/pages\/1100\/revisions"}],"predecessor-version":[{"id":4115,"href":"https:\/\/www.dfp.ca\/fr\/wp-json\/wp\/v2\/pages\/1100\/revisions\/4115"}],"up":[{"embeddable":true,"href":"https:\/\/www.dfp.ca\/fr\/wp-json\/wp\/v2\/pages\/1091"}],"wp:attachment":[{"href":"https:\/\/www.dfp.ca\/fr\/wp-json\/wp\/v2\/media?parent=1100"}],"curies":[{"name":"wp","href":"https:\/\/api.w.org\/{rel}","templated":true}]}}