{"id":1142,"date":"2016-07-11T13:56:00","date_gmt":"2016-07-11T17:56:00","guid":{"rendered":"http:\/\/www.dfp.ca\/fr\/?page_id=1142"},"modified":"2019-05-23T15:48:24","modified_gmt":"2019-05-23T19:48:24","slug":"creme-protectrice-pour-la-cuir","status":"publish","type":"page","link":"https:\/\/www.dfp.ca\/fr\/cuir\/produits-dentretien-pour-le-cuir\/nettoyeurs-et-protecteurs\/creme-protectrice-pour-la-cuir\/","title":{"rendered":"CREME PROTECTRICE POUR LA CUIR"},"content":{"rendered":"<p class=\"bodytext\"><a href=\"\/wp-content\/uploads\/2016\/07\/686303-Leather-protection-creambig.png\"><img loading=\"lazy\" decoding=\"async\" class=\"alignright size-full wp-image-1139\" src=\"\/wp-content\/uploads\/2016\/07\/686303-Leather-protection-cream.png\" alt=\"686303-Leather-protection-cream\" width=\"300\" height=\"300\" srcset=\"https:\/\/www.dfp.ca\/wp-content\/uploads\/2016\/07\/686303-Leather-protection-cream.png 300w, https:\/\/www.dfp.ca\/wp-content\/uploads\/2016\/07\/686303-Leather-protection-cream-150x150.png 150w, https:\/\/www.dfp.ca\/wp-content\/uploads\/2016\/07\/686303-Leather-protection-cream-100x100.png 100w, https:\/\/www.dfp.ca\/wp-content\/uploads\/2016\/07\/686303-Leather-protection-cream-200x200.png 200w\" sizes=\"(max-width: 300px) 100vw, 300px\" \/>La Cr\u00e8me protectrice pour le cuir est un nettoyant \u00e0 base d&#8217;eau qui peut \u00eatre utilis\u00e9 sur tous les types de cuir C&#8217;est vraiment un produit incroyable, car il offre une excellente protection contre des taches \u00e0 base l&#8217;huile\/eau\/alcool ainsi que d&#8217;aider \u00e0 r\u00e9sister aux effets de salissure quotidienne.<\/a><\/p>\n<p>La Cr\u00e8me de protectrice pour le cuir met une barri\u00e8re l&#8217;invisible entre vous et votre cuir qui est perm\u00e9able \u00e0 l&#8217;air.<\/p>\n<p>Avec le temps, certains cuirs vont craquer ou peler. Ce n&#8217;est pas a cause de l&#8217;utilisation, mais plut\u00f4t due aux huiles corporel et la transpiration qui sont install\u00e9s dans le cuir et ont commenc\u00e9 \u00e0 dissoudre la finition. La Cr\u00e8me protectrice pour le cuir sera, lorsqu&#8217;il est utilis\u00e9 selon les instructions et avec le Nettoyeur doux pour le cuir, aident \u00e0 pr\u00e9venir pelage et le fendillement.<br \/>\nLa Cr\u00e8me protectrice pour le cuir travaillera \u00e9galement pour enlever les petites rayures en surface sur les cuirs aniline. Aussi, la Cr\u00e8me protectrice est utilis\u00e9e comme une \u00e9tape finale avec la plupart de r\u00e9parations ou retouches.<\/p>\n<p>Il suffit d&#8217;appliquer la Cr\u00e8me protectrice pour le cuir sur un chiffon doux et essuyez-le uniform\u00e9ment, en accordant une attention particuli\u00e8re aux zones \u00e0 forte utilisation comme les si\u00e8ges, les bras, la devanture et le dossier. Si les meubles en cuirs sont dans des pi\u00e8ces \u00e0 forte utilisation (par exemple, la salle de t\u00e9l\u00e9vision), il peut \u00eatre n\u00e9cessaire de nettoyer et de prot\u00e9ger plus souvent<\/p>\n<p>Avec le cuir, il est beaucoup plus facile de pratiquer la pr\u00e9vention que de tenter de r\u00e9soudre des probl\u00e8mes majeurs apr\u00e8s le fait. &lt; br&gt;<br \/>\nFor Leather Types A &amp; P<\/p>\n<p>Formats disponibles:<\/p>\n<ul>\n<li>686303 Cr\u00e8me protectrice pour le cuir &#8211; 1L<\/li>\n<li>686422 Cr\u00e8me protectrice pour le cuir \u2013 Lustr\u00e9 &#8211; 1L<\/li>\n<\/ul>\n<p>D&#8217;autres formats peuvent \u00eatre disponibles. Contactez-nous pour plus d\u2019information.<\/p>\n","protected":false},"excerpt":{"rendered":"<p>La Cr\u00e8me protectrice pour le cuir est un nettoyant \u00e0 base d&#8217;eau qui peut \u00eatre utilis\u00e9 sur tous les types de cuir C&#8217;est vraiment un produit incroyable, car il offre une excellente protection contre des taches \u00e0 base l&#8217;huile\/eau\/alcool ainsi que d&#8217;aider \u00e0 r\u00e9sister aux effets de salissure quotidienne. La Cr\u00e8me de protectrice pour le [&hellip;]<\/p>\n","protected":false},"author":1,"featured_media":0,"parent":1122,"menu_order":0,"comment_status":"closed","ping_status":"closed","template":"template-left-sidebar.php","meta":{"footnotes":""},"class_list":["post-1142","page","type-page","status-publish","hentry"],"_links":{"self":[{"href":"https:\/\/www.dfp.ca\/fr\/wp-json\/wp\/v2\/pages\/1142"}],"collection":[{"href":"https:\/\/www.dfp.ca\/fr\/wp-json\/wp\/v2\/pages"}],"about":[{"href":"https:\/\/www.dfp.ca\/fr\/wp-json\/wp\/v2\/types\/page"}],"author":[{"embeddable":true,"href":"https:\/\/www.dfp.ca\/fr\/wp-json\/wp\/v2\/users\/1"}],"replies":[{"embeddable":true,"href":"https:\/\/www.dfp.ca\/fr\/wp-json\/wp\/v2\/comments?post=1142"}],"version-history":[{"count":3,"href":"https:\/\/www.dfp.ca\/fr\/wp-json\/wp\/v2\/pages\/1142\/revisions"}],"predecessor-version":[{"id":2734,"href":"https:\/\/www.dfp.ca\/fr\/wp-json\/wp\/v2\/pages\/1142\/revisions\/2734"}],"up":[{"embeddable":true,"href":"https:\/\/www.dfp.ca\/fr\/wp-json\/wp\/v2\/pages\/1122"}],"wp:attachment":[{"href":"https:\/\/www.dfp.ca\/fr\/wp-json\/wp\/v2\/media?parent=1142"}],"curies":[{"name":"wp","href":"https:\/\/api.w.org\/{rel}","templated":true}]}}