{"id":1154,"date":"2016-07-11T14:33:00","date_gmt":"2016-07-11T18:33:00","guid":{"rendered":"http:\/\/www.dfp.ca\/fr\/?page_id=1154"},"modified":"2019-05-23T15:48:49","modified_gmt":"2019-05-23T19:48:49","slug":"protecteur-eco-pour-nubuck","status":"publish","type":"page","link":"https:\/\/www.dfp.ca\/fr\/cuir\/produits-dentretien-pour-le-cuir\/produits-pour-nubuck\/protecteur-eco-pour-nubuck\/","title":{"rendered":"PROTECTEUR ECO POUR NUBUCK"},"content":{"rendered":"<p><a href=\"\/wp-content\/uploads\/2016\/07\/686308-Nubuck-eco-protectorbig.jpg\"><img loading=\"lazy\" decoding=\"async\" class=\"alignright size-full wp-image-1152\" src=\"\/wp-content\/uploads\/2016\/07\/686308-Nubuck-eco-protector.jpg\" alt=\"686308-Nubuck-eco-protector\" width=\"300\" height=\"300\" srcset=\"https:\/\/www.dfp.ca\/wp-content\/uploads\/2016\/07\/686308-Nubuck-eco-protector.jpg 300w, https:\/\/www.dfp.ca\/wp-content\/uploads\/2016\/07\/686308-Nubuck-eco-protector-150x150.jpg 150w\" sizes=\"(max-width: 300px) 100vw, 300px\" \/><\/a><\/p>\n<p>Le Protecteur Eco pour est un produit \u00e0 base d&#8217;eau pour les cuirs Nubuck et tr\u00e8s sensibles. Ce produit offre une excellente protection contre les taches \u00e0 base de d&#8217;huile, d&#8217;eau et d&#8217;alcool. Le Protecteur Eco pour Nubuck aide \u00e0 repousser les taches et le sol sur votre cuir Nubuck.<\/p>\n<p>Pour le cuir de type N<\/p>\n<p>Format: 500ml<\/p>\n<p>No. d\u2019item : 686308<\/p>\n","protected":false},"excerpt":{"rendered":"<p>Le Protecteur Eco pour est un produit \u00e0 base d&#8217;eau pour les cuirs Nubuck et tr\u00e8s sensibles. Ce produit offre une excellente protection contre les taches \u00e0 base de d&#8217;huile, d&#8217;eau et d&#8217;alcool. Le Protecteur Eco pour Nubuck aide \u00e0 repousser les taches et le sol sur votre cuir Nubuck. Pour le cuir de type [&hellip;]<\/p>\n","protected":false},"author":1,"featured_media":0,"parent":1166,"menu_order":0,"comment_status":"closed","ping_status":"closed","template":"template-left-sidebar.php","meta":{"footnotes":""},"class_list":["post-1154","page","type-page","status-publish","hentry"],"_links":{"self":[{"href":"https:\/\/www.dfp.ca\/fr\/wp-json\/wp\/v2\/pages\/1154"}],"collection":[{"href":"https:\/\/www.dfp.ca\/fr\/wp-json\/wp\/v2\/pages"}],"about":[{"href":"https:\/\/www.dfp.ca\/fr\/wp-json\/wp\/v2\/types\/page"}],"author":[{"embeddable":true,"href":"https:\/\/www.dfp.ca\/fr\/wp-json\/wp\/v2\/users\/1"}],"replies":[{"embeddable":true,"href":"https:\/\/www.dfp.ca\/fr\/wp-json\/wp\/v2\/comments?post=1154"}],"version-history":[{"count":3,"href":"https:\/\/www.dfp.ca\/fr\/wp-json\/wp\/v2\/pages\/1154\/revisions"}],"predecessor-version":[{"id":2751,"href":"https:\/\/www.dfp.ca\/fr\/wp-json\/wp\/v2\/pages\/1154\/revisions\/2751"}],"up":[{"embeddable":true,"href":"https:\/\/www.dfp.ca\/fr\/wp-json\/wp\/v2\/pages\/1166"}],"wp:attachment":[{"href":"https:\/\/www.dfp.ca\/fr\/wp-json\/wp\/v2\/media?parent=1154"}],"curies":[{"name":"wp","href":"https:\/\/api.w.org\/{rel}","templated":true}]}}