{"id":1157,"date":"2016-07-11T14:34:04","date_gmt":"2016-07-11T18:34:04","guid":{"rendered":"http:\/\/www.dfp.ca\/fr\/?page_id=1157"},"modified":"2019-05-23T15:48:25","modified_gmt":"2019-05-23T19:48:25","slug":"pad-nettoyant-pour-nubuck","status":"publish","type":"page","link":"https:\/\/www.dfp.ca\/fr\/cuir\/produits-dentretien-pour-le-cuir\/produits-pour-nubuck\/pad-nettoyant-pour-nubuck\/","title":{"rendered":"PAD NETTOYANT POUR NUBUCK"},"content":{"rendered":"<p><img loading=\"lazy\" decoding=\"async\" class=\"alignright size-full wp-image-1156\" src=\"\/wp-content\/uploads\/2016\/07\/686307-Nubuck-protector.jpg\" alt=\"686307-Nubuck-protector\" width=\"300\" height=\"300\" srcset=\"https:\/\/www.dfp.ca\/wp-content\/uploads\/2016\/07\/686307-Nubuck-protector.jpg 300w, https:\/\/www.dfp.ca\/wp-content\/uploads\/2016\/07\/686307-Nubuck-protector-150x150.jpg 150w\" sizes=\"(max-width: 300px) 100vw, 300px\" \/>Nettoie, rafra\u00eechit et revitalise le Nubuck, l\u2019aniline bross\u00e9s et le cuir en su\u00e8de sans avoir besoin des liquides ou des produits chimiques suppl\u00e9mentaires. Au m\u00eame temps, il r\u00e9tablira la \u00ab nap \u00bb (aspect de surface) du cuir \u00e0 son \u00ab look \u00bb original.<\/p>\n<p>Pour la salet\u00e9 plus profonde, nettoyer d&#8217;abord avec le Nettoyeur doux pour le cuir Secret du M\u00e9tier. Si l&#8217;effet protecteur est affaibli, re-prot\u00e9ger le Nubuck avec le Protecteur Eco pour Nubuck. Le Pad Nettoyant pour Nubuck est lavable et peut \u00eatre r\u00e9utilis\u00e9 de nombreuses fois.<\/p>\n<p>Item #: 686307<\/p>\n","protected":false},"excerpt":{"rendered":"<p>Nettoie, rafra\u00eechit et revitalise le Nubuck, l\u2019aniline bross\u00e9s et le cuir en su\u00e8de sans avoir besoin des liquides ou des produits chimiques suppl\u00e9mentaires. Au m\u00eame temps, il r\u00e9tablira la \u00ab nap \u00bb (aspect de surface) du cuir \u00e0 son \u00ab look \u00bb original. Pour la salet\u00e9 plus profonde, nettoyer d&#8217;abord avec le Nettoyeur doux pour [&hellip;]<\/p>\n","protected":false},"author":1,"featured_media":0,"parent":1166,"menu_order":0,"comment_status":"closed","ping_status":"closed","template":"template-left-sidebar.php","meta":{"footnotes":""},"class_list":["post-1157","page","type-page","status-publish","hentry"],"_links":{"self":[{"href":"https:\/\/www.dfp.ca\/fr\/wp-json\/wp\/v2\/pages\/1157"}],"collection":[{"href":"https:\/\/www.dfp.ca\/fr\/wp-json\/wp\/v2\/pages"}],"about":[{"href":"https:\/\/www.dfp.ca\/fr\/wp-json\/wp\/v2\/types\/page"}],"author":[{"embeddable":true,"href":"https:\/\/www.dfp.ca\/fr\/wp-json\/wp\/v2\/users\/1"}],"replies":[{"embeddable":true,"href":"https:\/\/www.dfp.ca\/fr\/wp-json\/wp\/v2\/comments?post=1157"}],"version-history":[{"count":3,"href":"https:\/\/www.dfp.ca\/fr\/wp-json\/wp\/v2\/pages\/1157\/revisions"}],"predecessor-version":[{"id":2748,"href":"https:\/\/www.dfp.ca\/fr\/wp-json\/wp\/v2\/pages\/1157\/revisions\/2748"}],"up":[{"embeddable":true,"href":"https:\/\/www.dfp.ca\/fr\/wp-json\/wp\/v2\/pages\/1166"}],"wp:attachment":[{"href":"https:\/\/www.dfp.ca\/fr\/wp-json\/wp\/v2\/media?parent=1157"}],"curies":[{"name":"wp","href":"https:\/\/api.w.org\/{rel}","templated":true}]}}