{"id":1196,"date":"2016-07-11T15:11:47","date_gmt":"2016-07-11T19:11:47","guid":{"rendered":"http:\/\/www.dfp.ca\/fr\/?page_id=1196"},"modified":"2025-07-02T13:17:56","modified_gmt":"2025-07-02T17:17:56","slug":"restauration-cuir-pro","status":"publish","type":"page","link":"https:\/\/www.dfp.ca\/fr\/cuir\/restauration-cuir-pro\/","title":{"rendered":"R\u00c9NOV CUIR"},"content":{"rendered":"<p><a href=\"\/wp-content\/uploads\/2016\/07\/ProLeatherRestore.jpg\"><img loading=\"lazy\" decoding=\"async\" src=\"\/wp-content\/uploads\/2016\/07\/ProLeatherRestore-136x300.jpg\" alt=\"R\u00e9nov cuir\" width=\"136\" height=\"300\" class=\"aligncenter size-medium wp-image-2529\" srcset=\"https:\/\/www.dfp.ca\/wp-content\/uploads\/2016\/07\/ProLeatherRestore-136x300.jpg 136w, https:\/\/www.dfp.ca\/wp-content\/uploads\/2016\/07\/ProLeatherRestore-768x1696.jpg 768w, https:\/\/www.dfp.ca\/wp-content\/uploads\/2016\/07\/ProLeatherRestore-464x1024.jpg 464w, https:\/\/www.dfp.ca\/wp-content\/uploads\/2016\/07\/ProLeatherRestore-100x221.jpg 100w, https:\/\/www.dfp.ca\/wp-content\/uploads\/2016\/07\/ProLeatherRestore-150x331.jpg 150w, https:\/\/www.dfp.ca\/wp-content\/uploads\/2016\/07\/ProLeatherRestore-200x442.jpg 200w, https:\/\/www.dfp.ca\/wp-content\/uploads\/2016\/07\/ProLeatherRestore-300x662.jpg 300w, https:\/\/www.dfp.ca\/wp-content\/uploads\/2016\/07\/ProLeatherRestore-450x994.jpg 450w, https:\/\/www.dfp.ca\/wp-content\/uploads\/2016\/07\/ProLeatherRestore-600x1325.jpg 600w, https:\/\/www.dfp.ca\/wp-content\/uploads\/2016\/07\/ProLeatherRestore-900x1987.jpg 900w, https:\/\/www.dfp.ca\/wp-content\/uploads\/2016\/07\/ProLeatherRestore-250x552.jpg 250w, https:\/\/www.dfp.ca\/wp-content\/uploads\/2016\/07\/ProLeatherRestore-550x1214.jpg 550w, https:\/\/www.dfp.ca\/wp-content\/uploads\/2016\/07\/ProLeatherRestore-800x1766.jpg 800w, https:\/\/www.dfp.ca\/wp-content\/uploads\/2016\/07\/ProLeatherRestore-82x180.jpg 82w, https:\/\/www.dfp.ca\/wp-content\/uploads\/2016\/07\/ProLeatherRestore-226x500.jpg 226w, https:\/\/www.dfp.ca\/wp-content\/uploads\/2016\/07\/ProLeatherRestore.jpg 1000w\" sizes=\"(max-width: 136px) 100vw, 136px\" \/><\/a><\/p>\n<p>\u00c9vitez les co\u00fbts \u00e9lev\u00e9s des r\u00e9parations avec les composantes s\u00e9curitaires et faciles \u00e0 utiliser de l&#8217;ensemble R\u00e9nov cuir de Secret du M\u00e9tier(MD).<\/p>\n<p class=\"bodytext\">En quelques secondes, vous pouvez utiliser ces couleurs pour retoucher votre cuir \u00e9gratign\u00e9 et ramener les endroits us\u00e9s \u00e0 leur beaut\u00e9 originale. Ils sont\u00a0compatibles avec la plupart des types de cuir (sauf le su\u00e8de et le Nubuck).<\/p>\n<ul>\n<ul>\n<li>R\u00e9parez les d\u00e9chirures, les trous et les diff\u00e9rents dommages de surfaces en utilisant le compos\u00e9 pour r\u00e9paration<\/li>\n<li>Restituez la couleur aux endroits us\u00e9s ou endommag\u00e9s avecles teintures pour le cuir m\u00e9langeables<\/li>\n<li>Donnez la permanence \u00e0 vos r\u00e9parations avec le vernis de finition pour le cuir<\/li>\n<\/ul>\n<\/ul>\n<p class=\"bodytext\">\u00a0<b>Parfait Pour<\/b><\/p>\n<ul>\n<ul>\n<li>Sofas et fauteuils de cuir<\/li>\n<li>Cuir d\u2019automobile<\/li>\n<li>Manteaux et v\u00eatements de cuir<\/li>\n<li>Chaussures de cuir<\/li>\n<\/ul>\n<\/ul>\n<p class=\"bodytext\">\u00a0<b>L\u2019ensemble comprend :<\/b><\/p>\n<ul>\n<ul>\n<li>7 bouteilles de teinture pour le cuir<\/li>\n<li>1 bouteille de compos\u00e9 pour r\u00e9paration pour le cuir<\/li>\n<li>1 bouteille de vernis de finition pour le cuir<\/li>\n<li>1 brosse<\/li>\n<li>1 spatule<\/li>\n<li>1 compte-gouttes<\/li>\n<li>3 styles de grain de cuir sur papier<\/li>\n<li>1 applicateur en mousse<\/li>\n<li>1 morceau de renfort en tissu<\/li>\n<li>1 morceau de cuir pour pratiquer<\/li>\n<li>Instructions et guide de m\u00e9lange<\/li>\n<\/ul>\n<\/ul>\n<p class=\"bodytext\">\u00a0Num\u00e9ro d&#8217;item : 686310 (Disponible \u00e0 la caisse seulement)<\/p>\n","protected":false},"excerpt":{"rendered":"<p>\u00c9vitez les co\u00fbts \u00e9lev\u00e9s des r\u00e9parations avec les composantes s\u00e9curitaires et faciles \u00e0 utiliser de l&#8217;ensemble R\u00e9nov cuir de Secret du M\u00e9tier(MD). En quelques secondes, vous pouvez utiliser ces couleurs pour retoucher votre cuir \u00e9gratign\u00e9 et ramener les endroits us\u00e9s \u00e0 leur beaut\u00e9 originale. Ils sont\u00a0compatibles avec la plupart des types de cuir (sauf le [&hellip;]<\/p>\n","protected":false},"author":1,"featured_media":0,"parent":1091,"menu_order":0,"comment_status":"closed","ping_status":"closed","template":"template-left-sidebar.php","meta":{"footnotes":""},"class_list":["post-1196","page","type-page","status-publish","hentry"],"_links":{"self":[{"href":"https:\/\/www.dfp.ca\/fr\/wp-json\/wp\/v2\/pages\/1196"}],"collection":[{"href":"https:\/\/www.dfp.ca\/fr\/wp-json\/wp\/v2\/pages"}],"about":[{"href":"https:\/\/www.dfp.ca\/fr\/wp-json\/wp\/v2\/types\/page"}],"author":[{"embeddable":true,"href":"https:\/\/www.dfp.ca\/fr\/wp-json\/wp\/v2\/users\/1"}],"replies":[{"embeddable":true,"href":"https:\/\/www.dfp.ca\/fr\/wp-json\/wp\/v2\/comments?post=1196"}],"version-history":[{"count":4,"href":"https:\/\/www.dfp.ca\/fr\/wp-json\/wp\/v2\/pages\/1196\/revisions"}],"predecessor-version":[{"id":2757,"href":"https:\/\/www.dfp.ca\/fr\/wp-json\/wp\/v2\/pages\/1196\/revisions\/2757"}],"up":[{"embeddable":true,"href":"https:\/\/www.dfp.ca\/fr\/wp-json\/wp\/v2\/pages\/1091"}],"wp:attachment":[{"href":"https:\/\/www.dfp.ca\/fr\/wp-json\/wp\/v2\/media?parent=1196"}],"curies":[{"name":"wp","href":"https:\/\/api.w.org\/{rel}","templated":true}]}}