{"id":1205,"date":"2016-07-11T15:18:30","date_gmt":"2016-07-11T19:18:30","guid":{"rendered":"http:\/\/www.dfp.ca\/fr\/?page_id=1205"},"modified":"2019-05-23T15:49:37","modified_gmt":"2019-05-23T19:49:37","slug":"trousse-de-reparation-de-cuir","status":"publish","type":"page","link":"https:\/\/www.dfp.ca\/fr\/cuir\/reparation-et-retouche-de-cuir\/trousse-de-reparation\/trousse-de-reparation-de-cuir\/","title":{"rendered":"TROUSSE DE R\u00c9PARATION DE CUIR"},"content":{"rendered":"<div id=\"c7800\" class=\"csc-default\">\n<p class=\"bodytext\"><img loading=\"lazy\" decoding=\"async\" src=\"\/wp-content\/uploads\/2016\/07\/686320-300x211.jpg\" alt=\"686320\" width=\"300\" height=\"211\" class=\"alignright size-medium wp-image-2579\" srcset=\"https:\/\/www.dfp.ca\/wp-content\/uploads\/2016\/07\/686320-300x211.jpg 300w, https:\/\/www.dfp.ca\/wp-content\/uploads\/2016\/07\/686320-100x70.jpg 100w, https:\/\/www.dfp.ca\/wp-content\/uploads\/2016\/07\/686320-150x106.jpg 150w, https:\/\/www.dfp.ca\/wp-content\/uploads\/2016\/07\/686320-200x141.jpg 200w, https:\/\/www.dfp.ca\/wp-content\/uploads\/2016\/07\/686320-250x176.jpg 250w, https:\/\/www.dfp.ca\/wp-content\/uploads\/2016\/07\/686320-255x180.jpg 255w, https:\/\/www.dfp.ca\/wp-content\/uploads\/2016\/07\/686320-426x300.jpg 426w, https:\/\/www.dfp.ca\/wp-content\/uploads\/2016\/07\/686320.jpg 437w\" sizes=\"(max-width: 300px) 100vw, 300px\" \/><\/p>\n<p>Les meubles en cuir sont plus populaires que jamais de sorte qu\u2019il devient plus critique pour vous \u00e0 l\u2019atelier et lors du transport d\u2019effectuer les r\u00e9parations du cuir. Des d\u00e9chirures et taches d\u2019encre aux r\u00e9parations de pigment, la trousse de r\u00e9paration de cuir Secret du M\u00e9tierMD est l\u2019outil n\u00e9cessaire. C\u2019est rapide, \u00e9conomique et surtout professionnel. Avec cet outil vous \u00e9conomiserez temps et argent et il est un atout pour tous ceux qui sont dans le domaine du cuir.<\/p>\n<\/div>\n<div id=\"c7801\" class=\"csc-default\">\n<div class=\"csc-header csc-header-n2\">\n<h4>Contenu<\/h4>\n<\/div>\n<ul class=\"csc-bulletlist csc-bulletlist-0\">\n<li class=\"odd\">15 couleurs de base 50 ml<\/li>\n<li class=\"even\">1 Nettoyant fort 250 ml<\/li>\n<li class=\"odd\">1 Cr\u00e8me protectrice 250 ml<\/li>\n<li class=\"even\">1 Leather Vital 250 ml<\/li>\n<li class=\"odd\">1 Wax On 250 ml<\/li>\n<li class=\"even\">1 Oleosa 250 ml<\/li>\n<li class=\"odd\">1 Super d\u00e9capent 50 ml<\/li>\n<li class=\"even\">1 Colle pour le cuir 8 grams<\/li>\n<li class=\"odd\">1 Enl\u00e8ve encre 8 grams<\/li>\n<li class=\"even\">1 Enl\u00e8ve \u00e9gratignures 8 grams<\/li>\n<li class=\"odd\">1 Remplisseur de cuir 60 gram<\/li>\n<li class=\"even\">2 Chiffon pour nettoyer le Nubuck <\/li>\n<li class=\"odd\">Petit chiffons, petit \u00e9ponge<\/li>\n<li class=\"even\">S\u00e8choire \u00e0 cheuveux<\/li>\n<li class=\"odd\">CD de r\u00e9paration<\/li>\n<\/ul>\n<\/div>\n<div id=\"c8746\" class=\"csc-default\">\n<p class=\"bodytext\">No. d&#8217;item : 686320<\/p>\n<\/div>\n","protected":false},"excerpt":{"rendered":"<p>Les meubles en cuir sont plus populaires que jamais de sorte qu\u2019il devient plus critique pour vous \u00e0 l\u2019atelier et lors du transport d\u2019effectuer les r\u00e9parations du cuir. Des d\u00e9chirures et taches d\u2019encre aux r\u00e9parations de pigment, la trousse de r\u00e9paration de cuir Secret du M\u00e9tierMD est l\u2019outil n\u00e9cessaire. C\u2019est rapide, \u00e9conomique et surtout professionnel. [&hellip;]<\/p>\n","protected":false},"author":1,"featured_media":0,"parent":1193,"menu_order":0,"comment_status":"closed","ping_status":"closed","template":"template-left-sidebar.php","meta":{"footnotes":""},"class_list":["post-1205","page","type-page","status-publish","hentry"],"_links":{"self":[{"href":"https:\/\/www.dfp.ca\/fr\/wp-json\/wp\/v2\/pages\/1205"}],"collection":[{"href":"https:\/\/www.dfp.ca\/fr\/wp-json\/wp\/v2\/pages"}],"about":[{"href":"https:\/\/www.dfp.ca\/fr\/wp-json\/wp\/v2\/types\/page"}],"author":[{"embeddable":true,"href":"https:\/\/www.dfp.ca\/fr\/wp-json\/wp\/v2\/users\/1"}],"replies":[{"embeddable":true,"href":"https:\/\/www.dfp.ca\/fr\/wp-json\/wp\/v2\/comments?post=1205"}],"version-history":[{"count":5,"href":"https:\/\/www.dfp.ca\/fr\/wp-json\/wp\/v2\/pages\/1205\/revisions"}],"predecessor-version":[{"id":2759,"href":"https:\/\/www.dfp.ca\/fr\/wp-json\/wp\/v2\/pages\/1205\/revisions\/2759"}],"up":[{"embeddable":true,"href":"https:\/\/www.dfp.ca\/fr\/wp-json\/wp\/v2\/pages\/1193"}],"wp:attachment":[{"href":"https:\/\/www.dfp.ca\/fr\/wp-json\/wp\/v2\/media?parent=1205"}],"curies":[{"name":"wp","href":"https:\/\/api.w.org\/{rel}","templated":true}]}}