{"id":1223,"date":"2016-07-11T15:39:29","date_gmt":"2016-07-11T19:39:29","guid":{"rendered":"http:\/\/www.dfp.ca\/fr\/?page_id=1223"},"modified":"2019-05-23T15:49:38","modified_gmt":"2019-05-23T19:49:38","slug":"trousse-de-reparation-rapide-pour-le-cuir-et-vinyle","status":"publish","type":"page","link":"https:\/\/www.dfp.ca\/fr\/cuir\/reparation-et-retouche-de-cuir\/trousse-de-reparation\/trousse-de-reparation-rapide-pour-le-cuir-et-vinyle\/","title":{"rendered":"TROUSSE DE R\u00c9PARATION RAPIDE POUR LE CUIR ET VINYLE"},"content":{"rendered":"<p><a href=\"\/wp-content\/uploads\/2016\/07\/quickfixleathercontentsbig.png\"><img loading=\"lazy\" decoding=\"async\" width=\"300\" height=\"192\" class=\"alignright size-full wp-image-1217\" src=\"\/wp-content\/uploads\/2016\/07\/quickfixleathercontents.png\" alt=\"quickfixleathercontents\" \/><\/a><\/p>\n<p>Il n\u2019est pas n\u00e9cessaire d\u2019\u00eatre un expert en r\u00e9paration pour le cuir pour employer la Trousse de r\u00e9paration rapide pour le cuir.\u00a0 Gr\u00e2ce \u00e0 des instructions faciles \u00e0 suivre, vous pouvez effectuer la plupart des r\u00e9parations sur cuir suite aux dommages les plus communs.\u00a0 Cette trousse est une n\u00e9cessit\u00e9 pour les livreurs ainsi que pour les salles d\u2019exposition afin de pr\u00e9senter chaque meuble \u00e0 son meilleur sans avoir recours aux services on\u00e9reux d\u2019un professionnel de la retouche.<br \/>\n<a href=\"\/wp-content\/uploads\/2016\/07\/quickfixleathercasebig.png\"><img loading=\"lazy\" decoding=\"async\" class=\"alignright size-full wp-image-1216\" src=\"\/wp-content\/uploads\/2016\/07\/quickfixleathercase.png\" alt=\"quickfixleathercase\" width=\"150\" height=\"98\" \/><\/a><br \/>\nComprend :<\/p>\n<ul>\n<li>8 bouteilles de colorant pour cuir<\/li>\n<li>1 bouteille de scellant pour le cuir<\/li>\n<li>1 bouteille de remplisseur (s\u00e8che \u00e0 l\u2019air)<\/li>\n<li>1 bouteille de remplisseur (s\u00e8che \u00e0 la chaleur)<\/li>\n<li>1 fer chaud \u00e0 bout rond<\/li>\n<li>1 paquet de papiers pour simuler les grains du cuir<\/li>\n<li>Instructions<\/li>\n<\/ul>\n<p>Article : 686321<\/p>\n<p>&nbsp;<\/p>\n","protected":false},"excerpt":{"rendered":"<p>Il n\u2019est pas n\u00e9cessaire d\u2019\u00eatre un expert en r\u00e9paration pour le cuir pour employer la Trousse de r\u00e9paration rapide pour le cuir.\u00a0 Gr\u00e2ce \u00e0 des instructions faciles \u00e0 suivre, vous pouvez effectuer la plupart des r\u00e9parations sur cuir suite aux dommages les plus communs.\u00a0 Cette trousse est une n\u00e9cessit\u00e9 pour les livreurs ainsi que pour [&hellip;]<\/p>\n","protected":false},"author":1,"featured_media":0,"parent":1193,"menu_order":0,"comment_status":"closed","ping_status":"closed","template":"template-left-sidebar.php","meta":{"footnotes":""},"class_list":["post-1223","page","type-page","status-publish","hentry"],"_links":{"self":[{"href":"https:\/\/www.dfp.ca\/fr\/wp-json\/wp\/v2\/pages\/1223"}],"collection":[{"href":"https:\/\/www.dfp.ca\/fr\/wp-json\/wp\/v2\/pages"}],"about":[{"href":"https:\/\/www.dfp.ca\/fr\/wp-json\/wp\/v2\/types\/page"}],"author":[{"embeddable":true,"href":"https:\/\/www.dfp.ca\/fr\/wp-json\/wp\/v2\/users\/1"}],"replies":[{"embeddable":true,"href":"https:\/\/www.dfp.ca\/fr\/wp-json\/wp\/v2\/comments?post=1223"}],"version-history":[{"count":4,"href":"https:\/\/www.dfp.ca\/fr\/wp-json\/wp\/v2\/pages\/1223\/revisions"}],"predecessor-version":[{"id":2762,"href":"https:\/\/www.dfp.ca\/fr\/wp-json\/wp\/v2\/pages\/1223\/revisions\/2762"}],"up":[{"embeddable":true,"href":"https:\/\/www.dfp.ca\/fr\/wp-json\/wp\/v2\/pages\/1193"}],"wp:attachment":[{"href":"https:\/\/www.dfp.ca\/fr\/wp-json\/wp\/v2\/media?parent=1223"}],"curies":[{"name":"wp","href":"https:\/\/api.w.org\/{rel}","templated":true}]}}