{"id":1283,"date":"2016-07-11T19:09:49","date_gmt":"2016-07-11T23:09:49","guid":{"rendered":"http:\/\/www.dfp.ca\/fr\/?page_id=1283"},"modified":"2019-05-23T15:48:57","modified_gmt":"2019-05-23T19:48:57","slug":"accesoires-de-reparation","status":"publish","type":"page","link":"https:\/\/www.dfp.ca\/fr\/cuir\/reparation-et-retouche-de-cuir\/produits-pour-reparation\/accesoires-de-reparation\/","title":{"rendered":"ACCESSOIRES DE R\u00c9PARATION"},"content":{"rendered":"<div class=\"wc-shortcodes-row wc-shortcodes-item wc-shortcodes-clearfix\"><\/div>\n<div class=\"wc-shortcodes-column wc-shortcodes-content wc-shortcodes-one-third wc-shortcodes-column-first \">\n<a href=\"\/fr\/cuir\/reparation-et-retouche-de-cuir\/produits-pour-reparation\/accesoires-de-reparation\/outil-de-reparation-en-acier\/\"><center><img decoding=\"async\" src=\"\/wp-content\/uploads\/2016\/07\/steelrepairtool.jpg\" alt=\"Outil en acier pour r\u00e9paration\" \/><\/center><\/p>\n<h4 style=\"text-align: center;\">Outil en acier pour r\u00e9paration<\/h4>\n<\/div>\n<div class=\"wc-shortcodes-column wc-shortcodes-content wc-shortcodes-one-third wc-shortcodes-column- \">\n<a href=\"\/fr\/cuir\/reparation-et-retouche-de-cuir\/produits-pour-reparation\/accesoires-de-reparation\/pulverisateur-a-souffle\/\"><center><img decoding=\"async\" src=\"\/wp-content\/uploads\/2016\/07\/blowsprayerrepairtoolmenu.png\" alt=\"&quot;Pulv\u00e9risateur\" \/><\/center><\/p>\n<h4 style=\"text-align: center;\">Pulv\u00e9risateur \u00e0 souffle<\/h4>\n<\/div>\n","protected":false},"excerpt":{"rendered":"<p>Outil en acier pour r\u00e9paration Pulv\u00e9risateur \u00e0 souffle<\/p>\n","protected":false},"author":1,"featured_media":0,"parent":1231,"menu_order":0,"comment_status":"closed","ping_status":"closed","template":"template-left-sidebar.php","meta":{"footnotes":""},"class_list":["post-1283","page","type-page","status-publish","hentry"],"_links":{"self":[{"href":"https:\/\/www.dfp.ca\/fr\/wp-json\/wp\/v2\/pages\/1283"}],"collection":[{"href":"https:\/\/www.dfp.ca\/fr\/wp-json\/wp\/v2\/pages"}],"about":[{"href":"https:\/\/www.dfp.ca\/fr\/wp-json\/wp\/v2\/types\/page"}],"author":[{"embeddable":true,"href":"https:\/\/www.dfp.ca\/fr\/wp-json\/wp\/v2\/users\/1"}],"replies":[{"embeddable":true,"href":"https:\/\/www.dfp.ca\/fr\/wp-json\/wp\/v2\/comments?post=1283"}],"version-history":[{"count":6,"href":"https:\/\/www.dfp.ca\/fr\/wp-json\/wp\/v2\/pages\/1283\/revisions"}],"predecessor-version":[{"id":2780,"href":"https:\/\/www.dfp.ca\/fr\/wp-json\/wp\/v2\/pages\/1283\/revisions\/2780"}],"up":[{"embeddable":true,"href":"https:\/\/www.dfp.ca\/fr\/wp-json\/wp\/v2\/pages\/1231"}],"wp:attachment":[{"href":"https:\/\/www.dfp.ca\/fr\/wp-json\/wp\/v2\/media?parent=1283"}],"curies":[{"name":"wp","href":"https:\/\/api.w.org\/{rel}","templated":true}]}}