{"id":1295,"date":"2016-07-11T19:15:48","date_gmt":"2016-07-11T23:15:48","guid":{"rendered":"http:\/\/www.dfp.ca\/fr\/?page_id=1295"},"modified":"2019-05-23T15:48:58","modified_gmt":"2019-05-23T19:48:58","slug":"pulverisateur-a-souffle","status":"publish","type":"page","link":"https:\/\/www.dfp.ca\/fr\/cuir\/reparation-et-retouche-de-cuir\/produits-pour-reparation\/accesoires-de-reparation\/pulverisateur-a-souffle\/","title":{"rendered":"PULV\u00c9RISATEUR \u00c0 SOUFFLE"},"content":{"rendered":"<p><img loading=\"lazy\" decoding=\"async\" src=\"\/wp-content\/uploads\/2016\/07\/blowspayer.jpg\" alt=\"blowspayer\" width=\"300\" height=\"300\" class=\"alignright size-full wp-image-1290\" srcset=\"https:\/\/www.dfp.ca\/wp-content\/uploads\/2016\/07\/blowspayer.jpg 300w, https:\/\/www.dfp.ca\/wp-content\/uploads\/2016\/07\/blowspayer-150x150.jpg 150w\" sizes=\"(max-width: 300px) 100vw, 300px\" \/>Ce siphon \u00e0 souffle est un moyen peu co\u00fbteux pour pulv\u00e9riser les couleurs de base ou le fini, o\u00f9 un compresseur d&#8217;air n&#8217;est pas disponible. Il suffit d&#8217;ins\u00e9rer l&#8217;extr\u00e9mit\u00e9 la plus longue dans votre couleur ou la finition et souffler \u00e0 travers l&#8217;extr\u00e9mit\u00e9 de bouche rev\u00eatu de caoutchouc.<\/p>\n<p>No. d&#8217;item : 686440<\/p>\n","protected":false},"excerpt":{"rendered":"<p>Ce siphon \u00e0 souffle est un moyen peu co\u00fbteux pour pulv\u00e9riser les couleurs de base ou le fini, o\u00f9 un compresseur d&#8217;air n&#8217;est pas disponible. Il suffit d&#8217;ins\u00e9rer l&#8217;extr\u00e9mit\u00e9 la plus longue dans votre couleur ou la finition et souffler \u00e0 travers l&#8217;extr\u00e9mit\u00e9 de bouche rev\u00eatu de caoutchouc. No. d&#8217;item : 686440<\/p>\n","protected":false},"author":1,"featured_media":0,"parent":1283,"menu_order":0,"comment_status":"closed","ping_status":"closed","template":"template-left-sidebar.php","meta":{"footnotes":""},"class_list":["post-1295","page","type-page","status-publish","hentry"],"_links":{"self":[{"href":"https:\/\/www.dfp.ca\/fr\/wp-json\/wp\/v2\/pages\/1295"}],"collection":[{"href":"https:\/\/www.dfp.ca\/fr\/wp-json\/wp\/v2\/pages"}],"about":[{"href":"https:\/\/www.dfp.ca\/fr\/wp-json\/wp\/v2\/types\/page"}],"author":[{"embeddable":true,"href":"https:\/\/www.dfp.ca\/fr\/wp-json\/wp\/v2\/users\/1"}],"replies":[{"embeddable":true,"href":"https:\/\/www.dfp.ca\/fr\/wp-json\/wp\/v2\/comments?post=1295"}],"version-history":[{"count":2,"href":"https:\/\/www.dfp.ca\/fr\/wp-json\/wp\/v2\/pages\/1295\/revisions"}],"predecessor-version":[{"id":2784,"href":"https:\/\/www.dfp.ca\/fr\/wp-json\/wp\/v2\/pages\/1295\/revisions\/2784"}],"up":[{"embeddable":true,"href":"https:\/\/www.dfp.ca\/fr\/wp-json\/wp\/v2\/pages\/1283"}],"wp:attachment":[{"href":"https:\/\/www.dfp.ca\/fr\/wp-json\/wp\/v2\/media?parent=1295"}],"curies":[{"name":"wp","href":"https:\/\/api.w.org\/{rel}","templated":true}]}}