{"id":1309,"date":"2016-07-11T19:28:11","date_gmt":"2016-07-11T23:28:11","guid":{"rendered":"http:\/\/www.dfp.ca\/fr\/?page_id=1309"},"modified":"2019-05-23T15:49:31","modified_gmt":"2019-05-23T19:49:31","slug":"nettoyeurs-professionels","status":"publish","type":"page","link":"https:\/\/www.dfp.ca\/fr\/cuir\/reparation-et-retouche-de-cuir\/produits-pour-reparation\/nettoyeurs-professionels\/","title":{"rendered":"NETTOYEURS PROFESSIONELS"},"content":{"rendered":"<div class=\"wc-shortcodes-row wc-shortcodes-item wc-shortcodes-clearfix\">\n<div class=\"wc-shortcodes-column wc-shortcodes-content wc-shortcodes-one-third wc-shortcodes-column-first \">\n<a href=\"\/fr\/cuir\/reparation-et-retouche-de-cuir\/produits-pour-reparation\/nettoyeurs-professionels\/nettoyeur-en-mousse\/\"><center><img decoding=\"async\" src=\"\/wp-content\/uploads\/2016\/07\/foamcleanermenu.png\" alt=\"Nettoyeur en mousse pour cuir\"\/><\/center><\/p>\n<h4 style=\"text-align: center;\">Nettoyeur en mousse pour cuir<\/h4>\n<p><\/a>\n<\/div>\n<div class=\"wc-shortcodes-column wc-shortcodes-content wc-shortcodes-one-third wc-shortcodes-column- \">\n<a href=\"\/fr\/cuir\/reparation-et-retouche-de-cuir\/produits-pour-reparation\/nettoyeurs-professionels\/nettoyeur-fort\/\"><center><img decoding=\"async\" src=\"\/wp-content\/uploads\/2016\/07\/strongeffectcleanermenu.png\" alt=\"Nettoyeur fort pour le cuir\"\/><\/center><\/p>\n<h4 style=\"text-align: center;\">Nettoyeur fort pour le cuir<\/h4>\n<p><\/a>\n<\/div>\n<div class=\"wc-shortcodes-column wc-shortcodes-content wc-shortcodes-one-third wc-shortcodes-column-last \">\n<a href=\"\/fr\/cuir\/reparation-et-retouche-de-cuir\/produits-pour-reparation\/nettoyeurs-professionels\/decapent-doux\/\"><center><img decoding=\"async\" src=\"\/wp-content\/uploads\/2016\/07\/softremovermenu.png\" alt=\"D\u00e9capent doux pour le cuir\" \/><\/center><\/p>\n<h4 style=\"text-align: center;\">D\u00e9capent doux pour le cuir<\/h4>\n<p><\/a>\n<\/div>\n<\/div>\n<p>&nbsp;<\/p>\n<div class=\"wc-shortcodes-row wc-shortcodes-item wc-shortcodes-clearfix\"><\/div>\n<div class=\"wc-shortcodes-column wc-shortcodes-content wc-shortcodes-one-third wc-shortcodes-column-first \">\n<a href=\"\/fr\/cuir\/reparation-et-retouche-de-cuir\/produits-pour-reparation\/nettoyeurs-professionels\/degraisseur-pour-le-cuir\/\"><center><img decoding=\"async\" src=\"\/wp-content\/uploads\/2016\/07\/leatherdegreasermenu.png\" alt=\"D\u00e9graissant pour le cuir\"\/><\/center><\/p>\n<h4 style=\"text-align: center;\">D\u00e9graissant pour le cuir<\/h4>\n<p><\/a>\n<\/div>\n<div class=\"wc-shortcodes-column wc-shortcodes-content wc-shortcodes-one-third wc-shortcodes-column- \">\n<a href=\"\/fr\/cuir\/reparation-et-retouche-de-cuir\/produits-pour-reparation\/nettoyeurs-professionels\/decapent-et-nettoyeur-super\/\"><center><img decoding=\"async\" src=\"\/wp-content\/uploads\/2016\/07\/superremovermenu.png\" alt=\"D\u00e9capent et nettoyeur super\"\/><\/center><\/p>\n<h4 style=\"text-align: center;\">D\u00e9capent et nettoyeur super<\/h4>\n<p><\/a>\n<\/div>\n","protected":false},"excerpt":{"rendered":"<p>Nettoyeur en mousse pour cuir Nettoyeur fort pour le cuir D\u00e9capent doux pour le cuir &nbsp; D\u00e9graissant pour le cuir D\u00e9capent et nettoyeur super<\/p>\n","protected":false},"author":1,"featured_media":0,"parent":1231,"menu_order":0,"comment_status":"closed","ping_status":"closed","template":"template-left-sidebar.php","meta":{"footnotes":""},"class_list":["post-1309","page","type-page","status-publish","hentry"],"_links":{"self":[{"href":"https:\/\/www.dfp.ca\/fr\/wp-json\/wp\/v2\/pages\/1309"}],"collection":[{"href":"https:\/\/www.dfp.ca\/fr\/wp-json\/wp\/v2\/pages"}],"about":[{"href":"https:\/\/www.dfp.ca\/fr\/wp-json\/wp\/v2\/types\/page"}],"author":[{"embeddable":true,"href":"https:\/\/www.dfp.ca\/fr\/wp-json\/wp\/v2\/users\/1"}],"replies":[{"embeddable":true,"href":"https:\/\/www.dfp.ca\/fr\/wp-json\/wp\/v2\/comments?post=1309"}],"version-history":[{"count":5,"href":"https:\/\/www.dfp.ca\/fr\/wp-json\/wp\/v2\/pages\/1309\/revisions"}],"predecessor-version":[{"id":2787,"href":"https:\/\/www.dfp.ca\/fr\/wp-json\/wp\/v2\/pages\/1309\/revisions\/2787"}],"up":[{"embeddable":true,"href":"https:\/\/www.dfp.ca\/fr\/wp-json\/wp\/v2\/pages\/1231"}],"wp:attachment":[{"href":"https:\/\/www.dfp.ca\/fr\/wp-json\/wp\/v2\/media?parent=1309"}],"curies":[{"name":"wp","href":"https:\/\/api.w.org\/{rel}","templated":true}]}}