{"id":1311,"date":"2016-07-11T19:30:01","date_gmt":"2016-07-11T23:30:01","guid":{"rendered":"http:\/\/www.dfp.ca\/fr\/?page_id=1311"},"modified":"2019-05-23T15:49:34","modified_gmt":"2019-05-23T19:49:34","slug":"nettoyeur-en-mousse","status":"publish","type":"page","link":"https:\/\/www.dfp.ca\/fr\/cuir\/reparation-et-retouche-de-cuir\/produits-pour-reparation\/nettoyeurs-professionels\/nettoyeur-en-mousse\/","title":{"rendered":"NETTOYEUR EN MOUSSE"},"content":{"rendered":"<p><img loading=\"lazy\" decoding=\"async\" src=\"\/wp-content\/uploads\/2016\/07\/686302-Leather-foam-cleaner.png\" alt=\"686302-Leather-foam-cleaner\" width=\"300\" height=\"300\" class=\"alignright size-full wp-image-1312\" srcset=\"https:\/\/www.dfp.ca\/wp-content\/uploads\/2016\/07\/686302-Leather-foam-cleaner.png 300w, https:\/\/www.dfp.ca\/wp-content\/uploads\/2016\/07\/686302-Leather-foam-cleaner-150x150.png 150w\" sizes=\"(max-width: 300px) 100vw, 300px\" \/>La mousse nettoyant est une version a\u00e9rosol de notre nettoyant forte pour cuir. L&#8217;avantage que la mousse vous offre c&#8217;est que vous pouvez nettoyer avec un minimum d&#8217;humidit\u00e9. La mousse \u00e0 la consistance de cr\u00e8me \u00e0 raser et est id\u00e9al pour les cuirs sensibles comme Nubuck (N) ou de l&#8217;aniline (A).<\/p>\n<p>Pour types de cuir A, P et N<\/p>\n<p>Format : 300 ml <\/p>\n<p>Code : 686302<\/p>\n","protected":false},"excerpt":{"rendered":"<p>La mousse nettoyant est une version a\u00e9rosol de notre nettoyant forte pour cuir. L&#8217;avantage que la mousse vous offre c&#8217;est que vous pouvez nettoyer avec un minimum d&#8217;humidit\u00e9. La mousse \u00e0 la consistance de cr\u00e8me \u00e0 raser et est id\u00e9al pour les cuirs sensibles comme Nubuck (N) ou de l&#8217;aniline (A). Pour types de cuir [&hellip;]<\/p>\n","protected":false},"author":1,"featured_media":0,"parent":1309,"menu_order":0,"comment_status":"closed","ping_status":"closed","template":"template-left-sidebar.php","meta":{"footnotes":""},"class_list":["post-1311","page","type-page","status-publish","hentry"],"_links":{"self":[{"href":"https:\/\/www.dfp.ca\/fr\/wp-json\/wp\/v2\/pages\/1311"}],"collection":[{"href":"https:\/\/www.dfp.ca\/fr\/wp-json\/wp\/v2\/pages"}],"about":[{"href":"https:\/\/www.dfp.ca\/fr\/wp-json\/wp\/v2\/types\/page"}],"author":[{"embeddable":true,"href":"https:\/\/www.dfp.ca\/fr\/wp-json\/wp\/v2\/users\/1"}],"replies":[{"embeddable":true,"href":"https:\/\/www.dfp.ca\/fr\/wp-json\/wp\/v2\/comments?post=1311"}],"version-history":[{"count":2,"href":"https:\/\/www.dfp.ca\/fr\/wp-json\/wp\/v2\/pages\/1311\/revisions"}],"predecessor-version":[{"id":2789,"href":"https:\/\/www.dfp.ca\/fr\/wp-json\/wp\/v2\/pages\/1311\/revisions\/2789"}],"up":[{"embeddable":true,"href":"https:\/\/www.dfp.ca\/fr\/wp-json\/wp\/v2\/pages\/1309"}],"wp:attachment":[{"href":"https:\/\/www.dfp.ca\/fr\/wp-json\/wp\/v2\/media?parent=1311"}],"curies":[{"name":"wp","href":"https:\/\/api.w.org\/{rel}","templated":true}]}}