{"id":1319,"date":"2016-07-11T19:33:29","date_gmt":"2016-07-11T23:33:29","guid":{"rendered":"http:\/\/www.dfp.ca\/fr\/?page_id=1319"},"modified":"2019-05-23T15:49:34","modified_gmt":"2019-05-23T19:49:34","slug":"nettoyeur-fort","status":"publish","type":"page","link":"https:\/\/www.dfp.ca\/fr\/cuir\/reparation-et-retouche-de-cuir\/produits-pour-reparation\/nettoyeurs-professionels\/nettoyeur-fort\/","title":{"rendered":"NETTOYEUR FORT"},"content":{"rendered":"<p><img loading=\"lazy\" decoding=\"async\" src=\"\/wp-content\/uploads\/2016\/07\/686324-StronCleaner.jpg\" alt=\"686324-StronCleaner\" width=\"300\" height=\"300\" class=\"alignright size-full wp-image-1316\" srcset=\"https:\/\/www.dfp.ca\/wp-content\/uploads\/2016\/07\/686324-StronCleaner.jpg 300w, https:\/\/www.dfp.ca\/wp-content\/uploads\/2016\/07\/686324-StronCleaner-150x150.jpg 150w\" sizes=\"(max-width: 300px) 100vw, 300px\" \/>Le Nettoyeur Fort est un nettoyeur \u00e0 base d&#8217;eau qui peut \u00eatre utilis\u00e9 sur la plupart de cuirs aniline et pigment\u00e9e. Il va nettoyer la salet\u00e9 ainsi que la majorit\u00e9 des taches d&#8217;eau.<\/p>\n<p>Ce produit est utilis\u00e9 exactement la m\u00eame fa\u00e7on que le nettoyeur doux pour le cuir Secret du M\u00e9tier, mais avec une plus grande concentration de substances actives.<\/p>\n<p>Il est tr\u00e8s important que vous utilisez ce produit en combinaison avec une \u00e9ponge (pour mousser la nettoyeur) et un chiffon (pour essuyer la salet\u00e9). Ce produit n\u2019enl\u00e8ve pas la finition sur un cuir qui a des normes appropri\u00e9es de r\u00e9sistance au frottement.<\/p>\n<p>Format : 250 ml<\/p>\n<p>No. d\u2019item : 686354<\/p>\n","protected":false},"excerpt":{"rendered":"<p>Le Nettoyeur Fort est un nettoyeur \u00e0 base d&#8217;eau qui peut \u00eatre utilis\u00e9 sur la plupart de cuirs aniline et pigment\u00e9e. Il va nettoyer la salet\u00e9 ainsi que la majorit\u00e9 des taches d&#8217;eau. Ce produit est utilis\u00e9 exactement la m\u00eame fa\u00e7on que le nettoyeur doux pour le cuir Secret du M\u00e9tier, mais avec une plus [&hellip;]<\/p>\n","protected":false},"author":1,"featured_media":0,"parent":1309,"menu_order":0,"comment_status":"closed","ping_status":"closed","template":"template-left-sidebar.php","meta":{"footnotes":""},"class_list":["post-1319","page","type-page","status-publish","hentry"],"_links":{"self":[{"href":"https:\/\/www.dfp.ca\/fr\/wp-json\/wp\/v2\/pages\/1319"}],"collection":[{"href":"https:\/\/www.dfp.ca\/fr\/wp-json\/wp\/v2\/pages"}],"about":[{"href":"https:\/\/www.dfp.ca\/fr\/wp-json\/wp\/v2\/types\/page"}],"author":[{"embeddable":true,"href":"https:\/\/www.dfp.ca\/fr\/wp-json\/wp\/v2\/users\/1"}],"replies":[{"embeddable":true,"href":"https:\/\/www.dfp.ca\/fr\/wp-json\/wp\/v2\/comments?post=1319"}],"version-history":[{"count":2,"href":"https:\/\/www.dfp.ca\/fr\/wp-json\/wp\/v2\/pages\/1319\/revisions"}],"predecessor-version":[{"id":2791,"href":"https:\/\/www.dfp.ca\/fr\/wp-json\/wp\/v2\/pages\/1319\/revisions\/2791"}],"up":[{"embeddable":true,"href":"https:\/\/www.dfp.ca\/fr\/wp-json\/wp\/v2\/pages\/1309"}],"wp:attachment":[{"href":"https:\/\/www.dfp.ca\/fr\/wp-json\/wp\/v2\/media?parent=1319"}],"curies":[{"name":"wp","href":"https:\/\/api.w.org\/{rel}","templated":true}]}}