{"id":1321,"date":"2016-07-11T19:35:13","date_gmt":"2016-07-11T23:35:13","guid":{"rendered":"http:\/\/www.dfp.ca\/fr\/?page_id=1321"},"modified":"2019-05-23T15:49:32","modified_gmt":"2019-05-23T19:49:32","slug":"decapent-doux","status":"publish","type":"page","link":"https:\/\/www.dfp.ca\/fr\/cuir\/reparation-et-retouche-de-cuir\/produits-pour-reparation\/nettoyeurs-professionels\/decapent-doux\/","title":{"rendered":"D\u00c9CAPENT DOUX"},"content":{"rendered":"<p><img loading=\"lazy\" decoding=\"async\" src=\"\/wp-content\/uploads\/2016\/07\/686325-SoftRemover.jpg\" alt=\"686325-SoftRemover\" width=\"300\" height=\"300\" class=\"alignright size-full wp-image-1323\" srcset=\"https:\/\/www.dfp.ca\/wp-content\/uploads\/2016\/07\/686325-SoftRemover.jpg 300w, https:\/\/www.dfp.ca\/wp-content\/uploads\/2016\/07\/686325-SoftRemover-150x150.jpg 150w\" sizes=\"(max-width: 300px) 100vw, 300px\" \/>Le d\u00e9capent doux est un nettoyant doux \u00e0 base de solvant et un d\u00e9capent doux pour tous les types de cuir.<\/p>\n<p>Il est excellent pour enlever les r\u00e9sidus de ruban adh\u00e9sif ou \u00e0 nettoyer et enlever la salet\u00e9 en pr\u00e9paration pour la r\u00e9paration ou la finition.<\/p>\n<p>Il est fortement recommand\u00e9 de faire un essai pr\u00e9liminaire sur une surface cach\u00e9e pour la v\u00e9rifier la solidit\u00e9 des couleurs avant d&#8217;utiliser. Peut causer un nuage-ment de la finition sur les cuirs pigment\u00e9s.<\/p>\n<p>Mode d&#8217;emploi :<br \/>\nAppliquer le D\u00e9capent doux sur un chiffon non pelucheux et frottez l\u00e9g\u00e8rement la surface. Portez une attention particuli\u00e8re afin de voir si vous retirez la tache et non la couleur. Si la couleur est enlev\u00e9e, cesser imm\u00e9diatement l&#8217;utilisation du produit.<\/p>\n<p>Une fois le D\u00e9capent doux s&#8217;\u00e9vapore compl\u00e8tement, appliquer la Cr\u00e8me protectrice pour le cuir Secret du M\u00e9tier.<\/p>\n<p>Format: 250 ml<\/p>\n<p>No. d\u2019item : 686325<\/p>\n","protected":false},"excerpt":{"rendered":"<p>Le d\u00e9capent doux est un nettoyant doux \u00e0 base de solvant et un d\u00e9capent doux pour tous les types de cuir. Il est excellent pour enlever les r\u00e9sidus de ruban adh\u00e9sif ou \u00e0 nettoyer et enlever la salet\u00e9 en pr\u00e9paration pour la r\u00e9paration ou la finition. Il est fortement recommand\u00e9 de faire un essai pr\u00e9liminaire [&hellip;]<\/p>\n","protected":false},"author":1,"featured_media":0,"parent":1309,"menu_order":0,"comment_status":"closed","ping_status":"closed","template":"template-left-sidebar.php","meta":{"footnotes":""},"class_list":["post-1321","page","type-page","status-publish","hentry"],"_links":{"self":[{"href":"https:\/\/www.dfp.ca\/fr\/wp-json\/wp\/v2\/pages\/1321"}],"collection":[{"href":"https:\/\/www.dfp.ca\/fr\/wp-json\/wp\/v2\/pages"}],"about":[{"href":"https:\/\/www.dfp.ca\/fr\/wp-json\/wp\/v2\/types\/page"}],"author":[{"embeddable":true,"href":"https:\/\/www.dfp.ca\/fr\/wp-json\/wp\/v2\/users\/1"}],"replies":[{"embeddable":true,"href":"https:\/\/www.dfp.ca\/fr\/wp-json\/wp\/v2\/comments?post=1321"}],"version-history":[{"count":2,"href":"https:\/\/www.dfp.ca\/fr\/wp-json\/wp\/v2\/pages\/1321\/revisions"}],"predecessor-version":[{"id":2793,"href":"https:\/\/www.dfp.ca\/fr\/wp-json\/wp\/v2\/pages\/1321\/revisions\/2793"}],"up":[{"embeddable":true,"href":"https:\/\/www.dfp.ca\/fr\/wp-json\/wp\/v2\/pages\/1309"}],"wp:attachment":[{"href":"https:\/\/www.dfp.ca\/fr\/wp-json\/wp\/v2\/media?parent=1321"}],"curies":[{"name":"wp","href":"https:\/\/api.w.org\/{rel}","templated":true}]}}