{"id":1330,"date":"2016-07-11T19:37:46","date_gmt":"2016-07-11T23:37:46","guid":{"rendered":"http:\/\/www.dfp.ca\/fr\/?page_id=1330"},"modified":"2019-05-23T15:49:33","modified_gmt":"2019-05-23T19:49:33","slug":"degraisseur-pour-le-cuir","status":"publish","type":"page","link":"https:\/\/www.dfp.ca\/fr\/cuir\/reparation-et-retouche-de-cuir\/produits-pour-reparation\/nettoyeurs-professionels\/degraisseur-pour-le-cuir\/","title":{"rendered":"DEGRAISSEUR POUR LE CUIR"},"content":{"rendered":"<p><img loading=\"lazy\" decoding=\"async\" src=\"\/wp-content\/uploads\/2016\/07\/686351-LeatherDegreaser.jpg\" alt=\"686351-LeatherDegreaser\" width=\"300\" height=\"300\" class=\"alignright size-full wp-image-1328\" srcset=\"https:\/\/www.dfp.ca\/wp-content\/uploads\/2016\/07\/686351-LeatherDegreaser.jpg 300w, https:\/\/www.dfp.ca\/wp-content\/uploads\/2016\/07\/686351-LeatherDegreaser-150x150.jpg 150w\" sizes=\"(max-width: 300px) 100vw, 300px\" \/>Une tache de graisse ou d&#8217;huile s&#8217;accumule progressivement sur plusieurs ann\u00e9es ne peut pas \u00eatre enlev\u00e9 en quelques minutes. Votre patience est n\u00e9cessaire pour terminer le travail. De plus, les taches qui n&#8217;ont pas \u00e9t\u00e9 trait\u00e9e pendant une longue p\u00e9riode peut avoir caus\u00e9 des difficult\u00e9s suppl\u00e9mentaires comme la perte de la couleur, des fissures dans la finition, ou le pelage du cuir. Ces probl\u00e8mes peuvent \u00eatre r\u00e9solus avec des produits comme les couleurs de base, les colles et les remplisseurs.<\/p>\n<p>Le D\u00e9graisseur pour le cuir est appliqu\u00e9e par un spray. Il dissout les huiles et les transforme en une poudre qui est plus absorbant que le cuir. Cette poudre est ce qui est essuy\u00e9, laissant un cuir nettoy\u00e9 et d\u00e9graiss\u00e9.<\/p>\n<p>Directions :<br \/>\nSi la tache de graisse est concentr\u00e9e dans un endroit, couvrir les endroits sans tache qui ne seront pas trait\u00e9s. Pour le faire, d\u00e9coupez un trou la taille de la tache dans une feuille de papier et posez-le sur le cuir.<\/p>\n<p>Si possible, vous aurez de meilleurs r\u00e9sultats en pulv\u00e9risant l&#8217;arri\u00e8re du cuir.<\/p>\n<p>Pulv\u00e9riser le d\u00e9graissant \u00e0 une distance de 30cm \u00e0 partir du centre de la tache \u00e0 l&#8217;ext\u00e9rieur. Permettre \u00e0 la poudre blanche \u00e0 s\u00e9cher compl\u00e8tement. Si la poudre s\u00e8che \u00e0 une couleur jaune, cela signifie qu&#8217;il y a encore beaucoup d&#8217;huiles dans le cuir.<\/p>\n<p>Passez l&#8217;aspirateur pour enlever la poudre sec et v\u00e9rifier si tout le gras \u00e9t\u00e9 enlever. Il peut prendre plusieurs applications parce que la poudre a une capacit\u00e9 limit\u00e9e d&#8217;absorption par l&#8217;application.<\/p>\n<p>Lorsque vous \u00eates satisfait et vous avez aspir\u00e9 toute de la poudre, nettoyer avec le Nettoyeur doux pour le cuir Secret du M\u00e9tier afin d&#8217;enlever les poudres r\u00e9siduelles. Pour les cuirs anilines ou nubuck, s\u00e9cher la zone avec un s\u00e9choir \u00e0 cheveux, puis massez et p\u00e9trissez le cuir pour \u00e9viter des taches d&#8217;eau.<\/p>\n<p>Appliquer la Cr\u00e8me protectrice pour le cuir Secret du M\u00e9tier sur les cuirs de types A ou P. Pour les cuirs Nubuck, utiliser le Nettoyant Nubuck et puis un chiffon de nettoyage Nubuck. Comme derni\u00e8re \u00e9tape, appliquer le Nubuck Eco-Protector.<\/p>\n<p>Ceci est un produit en a\u00e9rosol contenant des solvants. Utilisez-le avec une bonne ventilation seulement. S&#8217;il vous pla\u00eet lisez et suivez toutes les instructions et pr\u00e9cautions de s\u00e9curit\u00e9 concernant ce produit.<\/p>\n<p>Pour les types de cuir : A, N, P<\/p>\n<p>Item #: 686351<\/p>\n","protected":false},"excerpt":{"rendered":"<p>Une tache de graisse ou d&#8217;huile s&#8217;accumule progressivement sur plusieurs ann\u00e9es ne peut pas \u00eatre enlev\u00e9 en quelques minutes. Votre patience est n\u00e9cessaire pour terminer le travail. De plus, les taches qui n&#8217;ont pas \u00e9t\u00e9 trait\u00e9e pendant une longue p\u00e9riode peut avoir caus\u00e9 des difficult\u00e9s suppl\u00e9mentaires comme la perte de la couleur, des fissures dans [&hellip;]<\/p>\n","protected":false},"author":1,"featured_media":0,"parent":1309,"menu_order":0,"comment_status":"closed","ping_status":"closed","template":"template-left-sidebar.php","meta":{"footnotes":""},"class_list":["post-1330","page","type-page","status-publish","hentry"],"_links":{"self":[{"href":"https:\/\/www.dfp.ca\/fr\/wp-json\/wp\/v2\/pages\/1330"}],"collection":[{"href":"https:\/\/www.dfp.ca\/fr\/wp-json\/wp\/v2\/pages"}],"about":[{"href":"https:\/\/www.dfp.ca\/fr\/wp-json\/wp\/v2\/types\/page"}],"author":[{"embeddable":true,"href":"https:\/\/www.dfp.ca\/fr\/wp-json\/wp\/v2\/users\/1"}],"replies":[{"embeddable":true,"href":"https:\/\/www.dfp.ca\/fr\/wp-json\/wp\/v2\/comments?post=1330"}],"version-history":[{"count":2,"href":"https:\/\/www.dfp.ca\/fr\/wp-json\/wp\/v2\/pages\/1330\/revisions"}],"predecessor-version":[{"id":2795,"href":"https:\/\/www.dfp.ca\/fr\/wp-json\/wp\/v2\/pages\/1330\/revisions\/2795"}],"up":[{"embeddable":true,"href":"https:\/\/www.dfp.ca\/fr\/wp-json\/wp\/v2\/pages\/1309"}],"wp:attachment":[{"href":"https:\/\/www.dfp.ca\/fr\/wp-json\/wp\/v2\/media?parent=1330"}],"curies":[{"name":"wp","href":"https:\/\/api.w.org\/{rel}","templated":true}]}}