{"id":1434,"date":"2016-07-11T20:47:25","date_gmt":"2016-07-12T00:47:25","guid":{"rendered":"http:\/\/www.dfp.ca\/fr\/?page_id=1434"},"modified":"2019-05-23T15:48:56","modified_gmt":"2019-05-23T19:48:56","slug":"fini-doux-pour-le-cuir","status":"publish","type":"page","link":"https:\/\/www.dfp.ca\/fr\/cuir\/reparation-et-retouche-de-cuir\/fini-doux-pour-le-cuir\/","title":{"rendered":"FINI DOUX POUR LE CUIR"},"content":{"rendered":"<p>Le Fini doux pour le cuir est un fini acrylique a base d&#8217;eau, qui peut-\u00eatre utilis\u00e9 sur tous les types de cuir sauf le Nubuck. Ils peuvent \u00eatre appliqu\u00e9s a main ou par pulv\u00e9risation. Ils sont disponible en deux lustre, le mat et la lustr\u00e9. Ils peuvent \u00eatre aussi m\u00e9lang\u00e9s ensemble pour faire d&#8217;autres lustres.<\/p>\n<p>&nbsp;<\/p>\n<p>Item # Description<br \/>\n686420 Fini doux pour le cuir \u2013 lustr\u00e9 (250ML)<br \/>\n686421 Fini doux pour le cuir \u2013 mat (250ML)<br \/>\n686326 Fini doux pour le cuir \u2013 lustr\u00e9 (1 L)<br \/>\n686621 Fini doux pour le cuir &#8211; mat (1L)<\/p>\n","protected":false},"excerpt":{"rendered":"<p>Le Fini doux pour le cuir est un fini acrylique a base d&#8217;eau, qui peut-\u00eatre utilis\u00e9 sur tous les types de cuir sauf le Nubuck. Ils peuvent \u00eatre appliqu\u00e9s a main ou par pulv\u00e9risation. Ils sont disponible en deux lustre, le mat et la lustr\u00e9. Ils peuvent \u00eatre aussi m\u00e9lang\u00e9s ensemble pour faire d&#8217;autres lustres. [&hellip;]<\/p>\n","protected":false},"author":1,"featured_media":0,"parent":1183,"menu_order":0,"comment_status":"closed","ping_status":"closed","template":"template-left-sidebar.php","meta":{"footnotes":""},"class_list":["post-1434","page","type-page","status-publish","hentry"],"_links":{"self":[{"href":"https:\/\/www.dfp.ca\/fr\/wp-json\/wp\/v2\/pages\/1434"}],"collection":[{"href":"https:\/\/www.dfp.ca\/fr\/wp-json\/wp\/v2\/pages"}],"about":[{"href":"https:\/\/www.dfp.ca\/fr\/wp-json\/wp\/v2\/types\/page"}],"author":[{"embeddable":true,"href":"https:\/\/www.dfp.ca\/fr\/wp-json\/wp\/v2\/users\/1"}],"replies":[{"embeddable":true,"href":"https:\/\/www.dfp.ca\/fr\/wp-json\/wp\/v2\/comments?post=1434"}],"version-history":[{"count":1,"href":"https:\/\/www.dfp.ca\/fr\/wp-json\/wp\/v2\/pages\/1434\/revisions"}],"predecessor-version":[{"id":1435,"href":"https:\/\/www.dfp.ca\/fr\/wp-json\/wp\/v2\/pages\/1434\/revisions\/1435"}],"up":[{"embeddable":true,"href":"https:\/\/www.dfp.ca\/fr\/wp-json\/wp\/v2\/pages\/1183"}],"wp:attachment":[{"href":"https:\/\/www.dfp.ca\/fr\/wp-json\/wp\/v2\/media?parent=1434"}],"curies":[{"name":"wp","href":"https:\/\/api.w.org\/{rel}","templated":true}]}}