{"id":150,"date":"2016-03-29T19:03:40","date_gmt":"2016-03-29T19:03:40","guid":{"rendered":"http:\/\/www.tradesecretproducts.com\/?page_id=150&#038;lang=fr"},"modified":"2019-05-23T15:47:37","modified_gmt":"2019-05-23T19:47:37","slug":"marqueurs-de-retouche","status":"publish","type":"page","link":"https:\/\/www.dfp.ca\/fr\/bois\/secret-du-metier\/marqueurs-de-retouche\/","title":{"rendered":"Marqueurs de retouche"},"content":{"rendered":"<p><img loading=\"lazy\" decoding=\"async\" src=\"http:\/\/www.dfp.ca\/wp-content\/uploads\/2016\/03\/687264-201612-177x300.png\" alt=\"687264-201612\" width=\"177\" height=\"300\" \/><img loading=\"lazy\" decoding=\"async\" src=\"http:\/\/www.dfp.ca\/wp-content\/uploads\/2016\/03\/687261-201612-177x300.png\" alt=\"687261-201612\" width=\"177\" height=\"300\" \/><img loading=\"lazy\" decoding=\"async\" src=\"http:\/\/www.dfp.ca\/wp-content\/uploads\/2016\/03\/687263-201612-177x300.png\" alt=\"687263-201612\" width=\"177\" height=\"300\" \/><img loading=\"lazy\" decoding=\"async\" src=\"http:\/\/www.dfp.ca\/wp-content\/uploads\/2016\/03\/687269-201612-177x300.png\" alt=\"687269-201612\" width=\"177\" height=\"300\" \/><img loading=\"lazy\" decoding=\"async\" src=\"http:\/\/www.dfp.ca\/wp-content\/uploads\/2016\/03\/687500-201612-177x300.png\" alt=\"687500-201612\" width=\"177\" height=\"300\" \/><img loading=\"lazy\" decoding=\"async\" src=\"http:\/\/www.dfp.ca\/wp-content\/uploads\/2016\/03\/687262-201612-1-177x300.png\" alt=\"687262-201612\" width=\"177\" height=\"300\"\/><\/p>\n<p class=\"bodytext\">Depuis plus de 60 ann\u00e9es, les Marqueurs de retouche Secret du M\u00e9tier, ont \u00e9t\u00e9 employ\u00e9es par les professionnels de l&#8217;industrie. Ils sont faciles \u00e0 utiliser, r\u00e9parer imm\u00e9diatement les dommages et peuvent \u00eatre utilise sur tous les meubles. Enlevez les devinettes et choisissez parmi nos emballages trio. Disponibles dans les tons de bois p\u00e2les, moyens, fonc\u00e9, rouges et les nouveaux tons gris tendances. Plus de couleurs&#8230; moins de marqueurs.<\/P\n\n\n\n<ul style=\"padding-left: 2.5em;\">\n<li>Aucun d\u00e9capage n\u00e9cessaire.<\/li>\n<li>Rapide et facile \u00e0 utiliser<\/li>\n<li>Couvres les entailles et les \u00e9gratignures.<\/li>\n<li>R\u00e9pare les surfaces us\u00e9es<\/li>\n<li>Peuvent \u00eatre m\u00e9lang\u00e9 ensemble pour faire plusieurs tons de bois<\/li>\n<li>Plusieurs applications vont foncer les couleurs<\/li>\n<li>Peuvent \u00eatre utilis\u00e9s avec les B\u00e2tonnets de remplissage Secret du M\u00e9tier<\/li>\n<li>Peuvent \u00eatre utilis\u00e9s avec le Fini Pro cristallin Secret du M\u00e9tier<\/li>\n<\/ul>\n<p>Nos marqueurs de retouches sont id\u00e9ale pour:<\/p>\n<ul style=\"padding-left: 2.5em;\">\n<li>Les tables \u00e0 caf\u00e9 et de salle \u00e0 manger<\/li>\n<li>Les \u00e9tag\u00e8res et les unit\u00e9s murales<\/li>\n<li>Les armoires de cuisine et les comptoirs<\/li>\n<li>Les bureaux et les chaises<\/li>\n<li>Les portes, les paneaux et les moulures<\/li>\n<li>Les planchers et les cadres<\/li>\n<li>Chaque ensemble comprend 3 diff\u00e9rents marqueurs de retouche dans des tons clairs, des tons moyens, des tons fonc\u00e9s ou des tons rouges. <\/li>\n<li>L\u2019Ensemble Pro comprend un marqueur p\u00e2le, un moyen et un ton rouge.<\/li>\n<li> Le trio Gris Tendances contient 3 tons de gris populaires pour retoucher les meubles et les planchers.<\/li>\n<\/ul>\n","protected":false},"excerpt":{"rendered":"<p>Depuis plus de 60 ann\u00e9es, les Marqueurs de retouche Secret du M\u00e9tier, ont \u00e9t\u00e9 employ\u00e9es par les professionnels de l&#8217;industrie. Ils sont faciles \u00e0 utiliser, r\u00e9parer imm\u00e9diatement les dommages et peuvent \u00eatre utilise sur tous les meubles. Enlevez les devinettes et choisissez parmi nos emballages trio. Disponibles dans les tons de bois p\u00e2les, moyens, fonc\u00e9, [&hellip;]<\/p>\n","protected":false},"author":1,"featured_media":0,"parent":830,"menu_order":0,"comment_status":"closed","ping_status":"closed","template":"template-left-sidebar.php","meta":{"footnotes":""},"class_list":["post-150","page","type-page","status-publish","hentry"],"_links":{"self":[{"href":"https:\/\/www.dfp.ca\/fr\/wp-json\/wp\/v2\/pages\/150"}],"collection":[{"href":"https:\/\/www.dfp.ca\/fr\/wp-json\/wp\/v2\/pages"}],"about":[{"href":"https:\/\/www.dfp.ca\/fr\/wp-json\/wp\/v2\/types\/page"}],"author":[{"embeddable":true,"href":"https:\/\/www.dfp.ca\/fr\/wp-json\/wp\/v2\/users\/1"}],"replies":[{"embeddable":true,"href":"https:\/\/www.dfp.ca\/fr\/wp-json\/wp\/v2\/comments?post=150"}],"version-history":[{"count":5,"href":"https:\/\/www.dfp.ca\/fr\/wp-json\/wp\/v2\/pages\/150\/revisions"}],"predecessor-version":[{"id":2524,"href":"https:\/\/www.dfp.ca\/fr\/wp-json\/wp\/v2\/pages\/150\/revisions\/2524"}],"up":[{"embeddable":true,"href":"https:\/\/www.dfp.ca\/fr\/wp-json\/wp\/v2\/pages\/830"}],"wp:attachment":[{"href":"https:\/\/www.dfp.ca\/fr\/wp-json\/wp\/v2\/media?parent=150"}],"curies":[{"name":"wp","href":"https:\/\/api.w.org\/{rel}","templated":true}]}}