{"id":1606,"date":"2016-03-29T18:52:00","date_gmt":"2016-03-29T18:52:00","guid":{"rendered":"http:\/\/www.tradesecretproducts.com\/?page_id=153&#038;lang=fr"},"modified":"2019-05-23T15:47:37","modified_gmt":"2019-05-23T19:47:37","slug":"poli-et-nettoyeur-a-meubles","status":"publish","type":"page","link":"https:\/\/www.dfp.ca\/fr\/bois\/secret-du-metier\/poli-et-nettoyeur-a-meubles\/","title":{"rendered":"Poli et nettoyeur \u00e0 meubles"},"content":{"rendered":"<p><center><img loading=\"lazy\" decoding=\"async\" src=\"http:\/\/www.dfp.ca\/wp-content\/uploads\/2016\/07\/3925260834.png\" alt=\"3925260834\" width=\"150\" height=\"320\" class=\"alignnone size-full wp-image-1760\" srcset=\"https:\/\/www.dfp.ca\/wp-content\/uploads\/2016\/07\/3925260834.png 150w, https:\/\/www.dfp.ca\/wp-content\/uploads\/2016\/07\/3925260834-141x300.png 141w, https:\/\/www.dfp.ca\/wp-content\/uploads\/2016\/07\/3925260834-100x213.png 100w\" sizes=\"(max-width: 150px) 100vw, 150px\" \/><img loading=\"lazy\" decoding=\"async\" src=\"http:\/\/www.dfp.ca\/wp-content\/uploads\/2016\/07\/3359098208.png\" alt=\"3359098208\" width=\"150\" height=\"320\" class=\"alignnone size-full wp-image-1759\" srcset=\"https:\/\/www.dfp.ca\/wp-content\/uploads\/2016\/07\/3359098208.png 150w, https:\/\/www.dfp.ca\/wp-content\/uploads\/2016\/07\/3359098208-141x300.png 141w, https:\/\/www.dfp.ca\/wp-content\/uploads\/2016\/07\/3359098208-100x213.png 100w\" sizes=\"(max-width: 150px) 100vw, 150px\" \/><\/center><\/p>\n<p>Que vos meubles sont laqu\u00e9s ou plaqu\u00e9s, vos meubles d\u00e9finissent votre maison. Pour le confort, la beaut\u00e9 et la fonctionnalit\u00e9, il est de plus en plus difficile de trouver des produits de soins qui sont compatibles avec la large gamme de finitions offerte sur le march\u00e9.<\/p>\n<p>Le Poli et Nettoyeur \u00e0 meubles Secret du M\u00e9tier est con\u00e7u pour fonctionner sur presque tous les types de meubles finis. La formulation sans acide, sans silicone et sans cire nettoie et polit doucement vos meubles et autres surfaces en bois fini et placage en restaurant leur beaut\u00e9 originelle.<\/p>\n<p>Que ce soit des antiquit\u00e9s, la finition fran\u00e7aise, des meubles avec des vernis modernes ou synth\u00e9tiques, le Poli et Nettoyeur \u00e0 meubles Secret du M\u00e9tier est non seulement compatible et sans danger, mais il donne des r\u00e9sultats irr\u00e9prochables du calibre requis par les plus exigeants des professionnels de l&#8217;industrie et, plus important encore, les propri\u00e9taires de meubles.<\/p>\n<ul style=\"padding-left: 2.5em;\">\n<li> Prot\u00e8ge contre les d\u00e9g\u00e2ts d\u2019eau<\/li>\n<li>Pr\u00e9vient les craquelures<\/li>\n<li>Pr\u00e9vient le jaunissement<\/li>\n<li>Aucune accumulation cireuse<\/li>\n<li>Enl\u00e8ve la poussi\u00e8re et les traces de doigts<\/li>\n<li>Sans cire, sans acide, sans silicone<\/li>\n<\/ul>\n","protected":false},"excerpt":{"rendered":"<p>Que vos meubles sont laqu\u00e9s ou plaqu\u00e9s, vos meubles d\u00e9finissent votre maison. Pour le confort, la beaut\u00e9 et la fonctionnalit\u00e9, il est de plus en plus difficile de trouver des produits de soins qui sont compatibles avec la large gamme de finitions offerte sur le march\u00e9. Le Poli et Nettoyeur \u00e0 meubles Secret du M\u00e9tier [&hellip;]<\/p>\n","protected":false},"author":1,"featured_media":0,"parent":830,"menu_order":0,"comment_status":"closed","ping_status":"closed","template":"template-left-sidebar.php","meta":{"footnotes":""},"class_list":["post-1606","page","type-page","status-publish","hentry"],"_links":{"self":[{"href":"https:\/\/www.dfp.ca\/fr\/wp-json\/wp\/v2\/pages\/1606"}],"collection":[{"href":"https:\/\/www.dfp.ca\/fr\/wp-json\/wp\/v2\/pages"}],"about":[{"href":"https:\/\/www.dfp.ca\/fr\/wp-json\/wp\/v2\/types\/page"}],"author":[{"embeddable":true,"href":"https:\/\/www.dfp.ca\/fr\/wp-json\/wp\/v2\/users\/1"}],"replies":[{"embeddable":true,"href":"https:\/\/www.dfp.ca\/fr\/wp-json\/wp\/v2\/comments?post=1606"}],"version-history":[{"count":4,"href":"https:\/\/www.dfp.ca\/fr\/wp-json\/wp\/v2\/pages\/1606\/revisions"}],"predecessor-version":[{"id":2506,"href":"https:\/\/www.dfp.ca\/fr\/wp-json\/wp\/v2\/pages\/1606\/revisions\/2506"}],"up":[{"embeddable":true,"href":"https:\/\/www.dfp.ca\/fr\/wp-json\/wp\/v2\/pages\/830"}],"wp:attachment":[{"href":"https:\/\/www.dfp.ca\/fr\/wp-json\/wp\/v2\/media?parent=1606"}],"curies":[{"name":"wp","href":"https:\/\/api.w.org\/{rel}","templated":true}]}}