{"id":1610,"date":"2016-03-29T21:39:14","date_gmt":"2016-03-29T21:39:14","guid":{"rendered":"http:\/\/www.tradesecretproducts.com\/?page_id=184&#038;lang=fr"},"modified":"2021-09-01T14:54:42","modified_gmt":"2021-09-01T18:54:42","slug":"batonnets-de-retouche","status":"publish","type":"page","link":"https:\/\/www.dfp.ca\/fr\/bois\/secret-du-metier\/batonnets-de-retouche\/","title":{"rendered":"B\u00e2tonnets de retouche"},"content":{"rendered":"<p><img loading=\"lazy\" decoding=\"async\" class=\"alignnone size-wcsmall wp-image-4120\" src=\"https:\/\/www.dfp.ca\/wp-content\/uploads\/2019\/09\/687251-250x465.png\" alt=\"\" width=\"250\" height=\"465\" srcset=\"https:\/\/www.dfp.ca\/wp-content\/uploads\/2019\/09\/687251-250x465.png 250w, https:\/\/www.dfp.ca\/wp-content\/uploads\/2019\/09\/687251-161x300.png 161w, https:\/\/www.dfp.ca\/wp-content\/uploads\/2019\/09\/687251-768x1427.png 768w, https:\/\/www.dfp.ca\/wp-content\/uploads\/2019\/09\/687251-551x1024.png 551w, https:\/\/www.dfp.ca\/wp-content\/uploads\/2019\/09\/687251-550x1022.png 550w, https:\/\/www.dfp.ca\/wp-content\/uploads\/2019\/09\/687251-800x1486.png 800w, https:\/\/www.dfp.ca\/wp-content\/uploads\/2019\/09\/687251-97x180.png 97w, https:\/\/www.dfp.ca\/wp-content\/uploads\/2019\/09\/687251-269x500.png 269w, https:\/\/www.dfp.ca\/wp-content\/uploads\/2019\/09\/687251.png 1000w\" sizes=\"(max-width: 250px) 100vw, 250px\" \/><img loading=\"lazy\" decoding=\"async\" class=\"alignnone size-wcsmall wp-image-4122\" src=\"https:\/\/www.dfp.ca\/wp-content\/uploads\/2019\/09\/687252-250x465.png\" alt=\"\" width=\"250\" height=\"465\" srcset=\"https:\/\/www.dfp.ca\/wp-content\/uploads\/2019\/09\/687252-250x465.png 250w, https:\/\/www.dfp.ca\/wp-content\/uploads\/2019\/09\/687252-161x300.png 161w, https:\/\/www.dfp.ca\/wp-content\/uploads\/2019\/09\/687252-768x1427.png 768w, https:\/\/www.dfp.ca\/wp-content\/uploads\/2019\/09\/687252-551x1024.png 551w, https:\/\/www.dfp.ca\/wp-content\/uploads\/2019\/09\/687252-550x1022.png 550w, https:\/\/www.dfp.ca\/wp-content\/uploads\/2019\/09\/687252-800x1486.png 800w, https:\/\/www.dfp.ca\/wp-content\/uploads\/2019\/09\/687252-97x180.png 97w, https:\/\/www.dfp.ca\/wp-content\/uploads\/2019\/09\/687252-269x500.png 269w, https:\/\/www.dfp.ca\/wp-content\/uploads\/2019\/09\/687252.png 1000w\" sizes=\"(max-width: 250px) 100vw, 250px\" \/><img loading=\"lazy\" decoding=\"async\" class=\"alignnone size-wcsmall wp-image-4124\" src=\"https:\/\/www.dfp.ca\/wp-content\/uploads\/2019\/09\/687253-250x465.png\" alt=\"\" width=\"250\" height=\"465\" srcset=\"https:\/\/www.dfp.ca\/wp-content\/uploads\/2019\/09\/687253-250x465.png 250w, https:\/\/www.dfp.ca\/wp-content\/uploads\/2019\/09\/687253-161x300.png 161w, https:\/\/www.dfp.ca\/wp-content\/uploads\/2019\/09\/687253-768x1427.png 768w, https:\/\/www.dfp.ca\/wp-content\/uploads\/2019\/09\/687253-551x1024.png 551w, https:\/\/www.dfp.ca\/wp-content\/uploads\/2019\/09\/687253-550x1022.png 550w, https:\/\/www.dfp.ca\/wp-content\/uploads\/2019\/09\/687253-800x1486.png 800w, https:\/\/www.dfp.ca\/wp-content\/uploads\/2019\/09\/687253-97x180.png 97w, https:\/\/www.dfp.ca\/wp-content\/uploads\/2019\/09\/687253-269x500.png 269w, https:\/\/www.dfp.ca\/wp-content\/uploads\/2019\/09\/687253.png 1000w\" sizes=\"(max-width: 250px) 100vw, 250px\" \/><img loading=\"lazy\" decoding=\"async\" class=\"alignnone size-wcsmall wp-image-4126\" src=\"https:\/\/www.dfp.ca\/wp-content\/uploads\/2019\/09\/687254-250x465.png\" alt=\"\" width=\"250\" height=\"465\" srcset=\"https:\/\/www.dfp.ca\/wp-content\/uploads\/2019\/09\/687254-250x465.png 250w, https:\/\/www.dfp.ca\/wp-content\/uploads\/2019\/09\/687254-161x300.png 161w, https:\/\/www.dfp.ca\/wp-content\/uploads\/2019\/09\/687254-768x1427.png 768w, https:\/\/www.dfp.ca\/wp-content\/uploads\/2019\/09\/687254-551x1024.png 551w, https:\/\/www.dfp.ca\/wp-content\/uploads\/2019\/09\/687254-550x1022.png 550w, https:\/\/www.dfp.ca\/wp-content\/uploads\/2019\/09\/687254-800x1486.png 800w, https:\/\/www.dfp.ca\/wp-content\/uploads\/2019\/09\/687254-97x180.png 97w, https:\/\/www.dfp.ca\/wp-content\/uploads\/2019\/09\/687254-269x500.png 269w, https:\/\/www.dfp.ca\/wp-content\/uploads\/2019\/09\/687254.png 1000w\" sizes=\"(max-width: 250px) 100vw, 250px\" \/><img loading=\"lazy\" decoding=\"async\" class=\"alignnone size-wcsmall wp-image-4488\" src=\"https:\/\/www.dfp.ca\/wp-content\/uploads\/2021\/09\/687259-161x300.png\" alt=\"\" width=\"250\" height=\"465\" srcset=\"https:\/\/www.dfp.ca\/wp-content\/uploads\/2021\/09\/687259-161x300.png 161w, https:\/\/www.dfp.ca\/wp-content\/uploads\/2021\/09\/687259-551x1024.png 551w, https:\/\/www.dfp.ca\/wp-content\/uploads\/2021\/09\/687259-768x1427.png 768w, https:\/\/www.dfp.ca\/wp-content\/uploads\/2021\/09\/687259-827x1536.png 827w, https:\/\/www.dfp.ca\/wp-content\/uploads\/2021\/09\/687259-250x465.png 250w, https:\/\/www.dfp.ca\/wp-content\/uploads\/2021\/09\/687259-550x1022.png 550w, https:\/\/www.dfp.ca\/wp-content\/uploads\/2021\/09\/687259-800x1486.png 800w, https:\/\/www.dfp.ca\/wp-content\/uploads\/2021\/09\/687259-97x180.png 97w, https:\/\/www.dfp.ca\/wp-content\/uploads\/2021\/09\/687259-269x500.png 269w, https:\/\/www.dfp.ca\/wp-content\/uploads\/2021\/09\/687259-13x24.png 13w, https:\/\/www.dfp.ca\/wp-content\/uploads\/2021\/09\/687259-19x36.png 19w, https:\/\/www.dfp.ca\/wp-content\/uploads\/2021\/09\/687259-26x48.png 26w, https:\/\/www.dfp.ca\/wp-content\/uploads\/2021\/09\/687259.png 1000w\" sizes=\"(max-width: 250px) 100vw, 250px\" \/><img loading=\"lazy\" decoding=\"async\" class=\"alignnone size-wcsmall wp-image-4116\" src=\"https:\/\/www.dfp.ca\/wp-content\/uploads\/2019\/09\/687100-250x465.png\" alt=\"\" width=\"250\" height=\"465\" srcset=\"https:\/\/www.dfp.ca\/wp-content\/uploads\/2019\/09\/687100-250x465.png 250w, https:\/\/www.dfp.ca\/wp-content\/uploads\/2019\/09\/687100-161x300.png 161w, https:\/\/www.dfp.ca\/wp-content\/uploads\/2019\/09\/687100-768x1427.png 768w, https:\/\/www.dfp.ca\/wp-content\/uploads\/2019\/09\/687100-551x1024.png 551w, https:\/\/www.dfp.ca\/wp-content\/uploads\/2019\/09\/687100-550x1022.png 550w, https:\/\/www.dfp.ca\/wp-content\/uploads\/2019\/09\/687100-800x1486.png 800w, https:\/\/www.dfp.ca\/wp-content\/uploads\/2019\/09\/687100-97x180.png 97w, https:\/\/www.dfp.ca\/wp-content\/uploads\/2019\/09\/687100-269x500.png 269w, https:\/\/www.dfp.ca\/wp-content\/uploads\/2019\/09\/687100.png 1000w\" sizes=\"(max-width: 250px) 100vw, 250px\" \/><img loading=\"lazy\" decoding=\"async\" class=\"alignnone size-wcsmall wp-image-4118\" src=\"https:\/\/www.dfp.ca\/wp-content\/uploads\/2019\/09\/687120-250x465.png\" alt=\"\" width=\"250\" height=\"465\" srcset=\"https:\/\/www.dfp.ca\/wp-content\/uploads\/2019\/09\/687120-250x465.png 250w, https:\/\/www.dfp.ca\/wp-content\/uploads\/2019\/09\/687120-161x300.png 161w, https:\/\/www.dfp.ca\/wp-content\/uploads\/2019\/09\/687120-768x1427.png 768w, https:\/\/www.dfp.ca\/wp-content\/uploads\/2019\/09\/687120-551x1024.png 551w, https:\/\/www.dfp.ca\/wp-content\/uploads\/2019\/09\/687120-550x1022.png 550w, https:\/\/www.dfp.ca\/wp-content\/uploads\/2019\/09\/687120-800x1486.png 800w, https:\/\/www.dfp.ca\/wp-content\/uploads\/2019\/09\/687120-97x180.png 97w, https:\/\/www.dfp.ca\/wp-content\/uploads\/2019\/09\/687120-269x500.png 269w, https:\/\/www.dfp.ca\/wp-content\/uploads\/2019\/09\/687120.png 1000w\" sizes=\"(max-width: 250px) 100vw, 250px\" \/><img loading=\"lazy\" decoding=\"async\" class=\"alignnone size-wcsmall wp-image-4128\" src=\"https:\/\/www.dfp.ca\/wp-content\/uploads\/2019\/09\/687255-250x465.png\" alt=\"\" width=\"250\" height=\"465\" srcset=\"https:\/\/www.dfp.ca\/wp-content\/uploads\/2019\/09\/687255-250x465.png 250w, https:\/\/www.dfp.ca\/wp-content\/uploads\/2019\/09\/687255-161x300.png 161w, https:\/\/www.dfp.ca\/wp-content\/uploads\/2019\/09\/687255-768x1427.png 768w, https:\/\/www.dfp.ca\/wp-content\/uploads\/2019\/09\/687255-551x1024.png 551w, https:\/\/www.dfp.ca\/wp-content\/uploads\/2019\/09\/687255-550x1022.png 550w, https:\/\/www.dfp.ca\/wp-content\/uploads\/2019\/09\/687255-800x1486.png 800w, https:\/\/www.dfp.ca\/wp-content\/uploads\/2019\/09\/687255-97x180.png 97w, https:\/\/www.dfp.ca\/wp-content\/uploads\/2019\/09\/687255-269x500.png 269w, https:\/\/www.dfp.ca\/wp-content\/uploads\/2019\/09\/687255.png 1000w\" sizes=\"(max-width: 250px) 100vw, 250px\" \/><\/p>\n<p>Les crayons sont pour dessiner mais si vous voulez r\u00e9parer correctement les entailles plus profondes et les rainures de vos meubles finis, les surfaces en bois et les planchers, les B\u00e2tonnets de Remplissage Secret du M\u00e9tier sont ce qu&#8217;il vous faut.<\/p>\n<p>Notre formulation 100% cire nous distingue de nos concurrents avec leur b\u00e2tonnets de mastic qui sont souvent trop graisseux pour recevoir une couche de fini ou peinture. Notre formulation r\u00e9tr\u00e9cit moins et offre une plus grande stabilit\u00e9 \u00e0 la couleur. Il suffit de frotter dans l&#8217;entaille et essuyer le surplus. La cire remplira et se formera aux contours de la surface \u00e0 r\u00e9parer!<\/p>\n<p>Les B\u00e2tonnets de Remplissage Secret du M\u00e9tier sont emball\u00e9s en trio, ce qui vous assure d&#8217;obtenir la bonne couleur \u00e0 chaque fois. Plus besoin de retourner \u00e0 votre quincaillerie locale pour y chercher la bonne couleur.<\/p>\n<p>Que ce soit des r\u00e9parations de tables \u00e0 manger, de planchers, d&#8217;armoires de cuisine ou pour des comptoirs de m\u00e9lamine, les B\u00e2tonnets de Remplissage Secret du M\u00e9tier feront l&#8217;affaire.<\/p>\n<p>Magenta chaude\u2122, Mont Majest\u00e9 Mauve\u2122 et Tangerine atomique\u2122 sont non disponibles.<\/p>\n<ul style=\"padding-left: 2.5em;\">\n<li>Remplissez et r\u00e9parez les entailles ainsi que les dommages plus profonds<\/li>\n<li>Contours \u00e0 la r\u00e9paration<\/li>\n<li>100% cire. Ne r\u00e9tr\u00e9cit pas et peut \u00eatre fini<\/li>\n<li>L&#8217;emballage trio \u00e9limine les risques d&#8217;erreur<\/li>\n<li>Peut \u00eatre utilis\u00e9 sur les meubles, les planchers, les comptoirs, les lamin\u00e9s et plus encore<\/li>\n<li>Emballage trio disponible en tons p\u00e2le, moyen, fonc\u00e9, rouge et gris<\/li>\n<li>Emballage simple : b\u00e2tonnets disponibles en noir ou en blanc<\/li>\n<\/ul>\n<p>\u2122 Marque de commerce de Crayola LLC.<\/p>\n","protected":false},"excerpt":{"rendered":"<p>Les crayons sont pour dessiner mais si vous voulez r\u00e9parer correctement les entailles plus profondes et les rainures de vos meubles finis, les surfaces en bois et les planchers, les B\u00e2tonnets de Remplissage Secret du M\u00e9tier sont ce qu&#8217;il vous faut. Notre formulation 100% cire nous distingue de nos concurrents avec leur b\u00e2tonnets de mastic [&hellip;]<\/p>\n","protected":false},"author":1,"featured_media":0,"parent":830,"menu_order":0,"comment_status":"closed","ping_status":"closed","template":"template-left-sidebar.php","meta":{"footnotes":""},"class_list":["post-1610","page","type-page","status-publish","hentry"],"_links":{"self":[{"href":"https:\/\/www.dfp.ca\/fr\/wp-json\/wp\/v2\/pages\/1610"}],"collection":[{"href":"https:\/\/www.dfp.ca\/fr\/wp-json\/wp\/v2\/pages"}],"about":[{"href":"https:\/\/www.dfp.ca\/fr\/wp-json\/wp\/v2\/types\/page"}],"author":[{"embeddable":true,"href":"https:\/\/www.dfp.ca\/fr\/wp-json\/wp\/v2\/users\/1"}],"replies":[{"embeddable":true,"href":"https:\/\/www.dfp.ca\/fr\/wp-json\/wp\/v2\/comments?post=1610"}],"version-history":[{"count":5,"href":"https:\/\/www.dfp.ca\/fr\/wp-json\/wp\/v2\/pages\/1610\/revisions"}],"predecessor-version":[{"id":4495,"href":"https:\/\/www.dfp.ca\/fr\/wp-json\/wp\/v2\/pages\/1610\/revisions\/4495"}],"up":[{"embeddable":true,"href":"https:\/\/www.dfp.ca\/fr\/wp-json\/wp\/v2\/pages\/830"}],"wp:attachment":[{"href":"https:\/\/www.dfp.ca\/fr\/wp-json\/wp\/v2\/media?parent=1610"}],"curies":[{"name":"wp","href":"https:\/\/api.w.org\/{rel}","templated":true}]}}