{"id":1612,"date":"2016-03-29T22:01:44","date_gmt":"2016-03-29T22:01:44","guid":{"rendered":"http:\/\/www.tradesecretproducts.com\/?page_id=198&#038;lang=fr"},"modified":"2021-11-10T07:16:06","modified_gmt":"2021-11-10T12:16:06","slug":"systeme-de-retouche-pour-le-bois","status":"publish","type":"page","link":"https:\/\/www.dfp.ca\/fr\/bois\/secret-du-metier\/systeme-de-retouche-pour-le-bois\/","title":{"rendered":"Syst\u00e8me de retouche pour bois et planchers"},"content":{"rendered":"<p><img loading=\"lazy\" decoding=\"async\" src=\"https:\/\/www.dfp.ca\/wp-content\/uploads\/2021\/11\/TUS-68710X-All-2020.jpg\" alt=\"\" width=\"1500\" height=\"621\" class=\"alignnone size-full wp-image-4498\" srcset=\"https:\/\/www.dfp.ca\/wp-content\/uploads\/2021\/11\/TUS-68710X-All-2020.jpg 1500w, https:\/\/www.dfp.ca\/wp-content\/uploads\/2021\/11\/TUS-68710X-All-2020-300x124.jpg 300w, https:\/\/www.dfp.ca\/wp-content\/uploads\/2021\/11\/TUS-68710X-All-2020-1024x424.jpg 1024w, https:\/\/www.dfp.ca\/wp-content\/uploads\/2021\/11\/TUS-68710X-All-2020-768x318.jpg 768w, https:\/\/www.dfp.ca\/wp-content\/uploads\/2021\/11\/TUS-68710X-All-2020-250x104.jpg 250w, https:\/\/www.dfp.ca\/wp-content\/uploads\/2021\/11\/TUS-68710X-All-2020-550x228.jpg 550w, https:\/\/www.dfp.ca\/wp-content\/uploads\/2021\/11\/TUS-68710X-All-2020-800x331.jpg 800w, https:\/\/www.dfp.ca\/wp-content\/uploads\/2021\/11\/TUS-68710X-All-2020-435x180.jpg 435w, https:\/\/www.dfp.ca\/wp-content\/uploads\/2021\/11\/TUS-68710X-All-2020-725x300.jpg 725w, https:\/\/www.dfp.ca\/wp-content\/uploads\/2021\/11\/TUS-68710X-All-2020-1208x500.jpg 1208w, https:\/\/www.dfp.ca\/wp-content\/uploads\/2021\/11\/TUS-68710X-All-2020-24x10.jpg 24w, https:\/\/www.dfp.ca\/wp-content\/uploads\/2021\/11\/TUS-68710X-All-2020-36x15.jpg 36w, https:\/\/www.dfp.ca\/wp-content\/uploads\/2021\/11\/TUS-68710X-All-2020-48x20.jpg 48w\" sizes=\"(max-width: 1500px) 100vw, 1500px\" \/><\/p>\n<p>Comment effectuer ad\u00e9quatement une retouche de A \u00e0 Z? Le Syst\u00e8me de retouche Secret du M\u00e9tier pour bois et planchers offre tous les outils n\u00e9cessaires pour la r\u00e9paration de rayures, de chocs et la restauration de couleur.<\/p>\n<p>En combinant les B\u00e2tonnets de remplissage, le Marqueur de retouche pro et le Fini pro cristallin dans un kit pratique, vous pouvez remplir, teindre et finir en tout le temps pour une r\u00e9paration parfaite et permanente. L&#8217;assortiment de 5 couleurs convient \u00e0 la majorit\u00e9 des couleurs, types de finition et les retouches standard que vous pourriez rencontrer.<\/p>\n<p>Remplissez les entailles profondes et les marques avec les deux tons de B\u00e2tonnets de Remplissage, ajustez le ton pour un accord parfait avec le Marqueur de Retouche Pro et faites votre r\u00e9paration permanente en utilisant le Fini Pro Cristallin \u00e0 base d&#8217;eau et bas en COV. Les composantes du syst\u00e8me peuvent \u00eatre utilis\u00e9s les unes avec les autres ou sur elles-m\u00eames en fonction du travail.<\/p>\n<p>Impressionnez vos amis et votre famille avec votre travail et expertise en retouche. Aussi facile que 1-2-3, mais ce sera notre petit secret.<\/p>\n<p>Le Syst\u00e8me de Retouche pour le Bois contient:<\/p>\n<ul style=\"padding-left: 2.5em;\">\n<li>Deux b\u00e2tonnets de remplissage en cire pour remplir plusieurs types de dommages<\/li>\n<li>Un Marqueur de retouche Pro pour restaurer la couleur aux zones us\u00e9es ou pour ajuster le ton du b\u00e2tonnet de remplissage<\/li>\n<li>Un Fini pro cristallin \u00e0 base d&#8217;eau pour sceller les r\u00e9parations ou tout simplement pour \u00eatre utilis\u00e9 sur des endroits o\u00f9 il manque un petit de peu de fini<\/li>\n<\/ul>\n","protected":false},"excerpt":{"rendered":"<p>Comment effectuer ad\u00e9quatement une retouche de A \u00e0 Z? Le Syst\u00e8me de retouche Secret du M\u00e9tier pour bois et planchers offre tous les outils n\u00e9cessaires pour la r\u00e9paration de rayures, de chocs et la restauration de couleur. En combinant les B\u00e2tonnets de remplissage, le Marqueur de retouche pro et le Fini pro cristallin dans un [&hellip;]<\/p>\n","protected":false},"author":1,"featured_media":0,"parent":830,"menu_order":0,"comment_status":"closed","ping_status":"closed","template":"template-left-sidebar.php","meta":{"footnotes":""},"class_list":["post-1612","page","type-page","status-publish","hentry"],"_links":{"self":[{"href":"https:\/\/www.dfp.ca\/fr\/wp-json\/wp\/v2\/pages\/1612"}],"collection":[{"href":"https:\/\/www.dfp.ca\/fr\/wp-json\/wp\/v2\/pages"}],"about":[{"href":"https:\/\/www.dfp.ca\/fr\/wp-json\/wp\/v2\/types\/page"}],"author":[{"embeddable":true,"href":"https:\/\/www.dfp.ca\/fr\/wp-json\/wp\/v2\/users\/1"}],"replies":[{"embeddable":true,"href":"https:\/\/www.dfp.ca\/fr\/wp-json\/wp\/v2\/comments?post=1612"}],"version-history":[{"count":5,"href":"https:\/\/www.dfp.ca\/fr\/wp-json\/wp\/v2\/pages\/1612\/revisions"}],"predecessor-version":[{"id":4501,"href":"https:\/\/www.dfp.ca\/fr\/wp-json\/wp\/v2\/pages\/1612\/revisions\/4501"}],"up":[{"embeddable":true,"href":"https:\/\/www.dfp.ca\/fr\/wp-json\/wp\/v2\/pages\/830"}],"wp:attachment":[{"href":"https:\/\/www.dfp.ca\/fr\/wp-json\/wp\/v2\/media?parent=1612"}],"curies":[{"name":"wp","href":"https:\/\/api.w.org\/{rel}","templated":true}]}}