{"id":1616,"date":"2016-03-29T22:37:14","date_gmt":"2016-03-29T22:37:14","guid":{"rendered":"http:\/\/www.tradesecretproducts.com\/?page_id=218&#038;lang=fr"},"modified":"2019-05-23T15:47:36","modified_gmt":"2019-05-23T19:47:36","slug":"ensemble-de-restauration-pour-meubles","status":"publish","type":"page","link":"https:\/\/www.dfp.ca\/fr\/bois\/secret-du-metier\/ensemble-de-restauration-pour-meubles\/","title":{"rendered":"Ensemble de Restauration pour meubles"},"content":{"rendered":"<p><img loading=\"lazy\" decoding=\"async\" src=\"https:\/\/www.dfp.ca\/wp-content\/uploads\/2016\/03\/686281-FurnitureRestorationSystem-BoxAllComponentsFrench1000-300x222.png\" alt=\"686281-FurnitureRestorationSystem-BoxAllComponentsFrench1000\" width=\"300\" height=\"222\" class=\"aligncenter size-medium wp-image-2942\" srcset=\"https:\/\/www.dfp.ca\/wp-content\/uploads\/2016\/03\/686281-FurnitureRestorationSystem-BoxAllComponentsFrench1000-300x222.png 300w, https:\/\/www.dfp.ca\/wp-content\/uploads\/2016\/03\/686281-FurnitureRestorationSystem-BoxAllComponentsFrench1000-768x568.png 768w, https:\/\/www.dfp.ca\/wp-content\/uploads\/2016\/03\/686281-FurnitureRestorationSystem-BoxAllComponentsFrench1000-1024x758.png 1024w, https:\/\/www.dfp.ca\/wp-content\/uploads\/2016\/03\/686281-FurnitureRestorationSystem-BoxAllComponentsFrench1000-100x74.png 100w, https:\/\/www.dfp.ca\/wp-content\/uploads\/2016\/03\/686281-FurnitureRestorationSystem-BoxAllComponentsFrench1000-150x111.png 150w, https:\/\/www.dfp.ca\/wp-content\/uploads\/2016\/03\/686281-FurnitureRestorationSystem-BoxAllComponentsFrench1000-200x148.png 200w, https:\/\/www.dfp.ca\/wp-content\/uploads\/2016\/03\/686281-FurnitureRestorationSystem-BoxAllComponentsFrench1000-450x333.png 450w, https:\/\/www.dfp.ca\/wp-content\/uploads\/2016\/03\/686281-FurnitureRestorationSystem-BoxAllComponentsFrench1000-600x444.png 600w, https:\/\/www.dfp.ca\/wp-content\/uploads\/2016\/03\/686281-FurnitureRestorationSystem-BoxAllComponentsFrench1000-900x666.png 900w, https:\/\/www.dfp.ca\/wp-content\/uploads\/2016\/03\/686281-FurnitureRestorationSystem-BoxAllComponentsFrench1000-250x185.png 250w, https:\/\/www.dfp.ca\/wp-content\/uploads\/2016\/03\/686281-FurnitureRestorationSystem-BoxAllComponentsFrench1000-550x407.png 550w, https:\/\/www.dfp.ca\/wp-content\/uploads\/2016\/03\/686281-FurnitureRestorationSystem-BoxAllComponentsFrench1000-800x592.png 800w, https:\/\/www.dfp.ca\/wp-content\/uploads\/2016\/03\/686281-FurnitureRestorationSystem-BoxAllComponentsFrench1000-243x180.png 243w, https:\/\/www.dfp.ca\/wp-content\/uploads\/2016\/03\/686281-FurnitureRestorationSystem-BoxAllComponentsFrench1000-405x300.png 405w, https:\/\/www.dfp.ca\/wp-content\/uploads\/2016\/03\/686281-FurnitureRestorationSystem-BoxAllComponentsFrench1000-676x500.png 676w, https:\/\/www.dfp.ca\/wp-content\/uploads\/2016\/03\/686281-FurnitureRestorationSystem-BoxAllComponentsFrench1000.png 1351w\" sizes=\"(max-width: 300px) 100vw, 300px\" \/><\/p>\n<p>Nous savons que la plupart des gens pr\u00e9f\u00e8rent se d\u00e9tendre et s&#8217;amuser plut\u00f4t que r\u00e9parer des meubles. Croyez-vous que nous pouvons vous faire \u00e9prouver de la joie \u00e0 le faire? OK, peut-\u00eatre pas, mais nous pouvons rendre cela plus facile et plus efficace avec le Syst\u00e8me de Restauration pour Meubles Secret du M\u00e9tier.<\/p>\n<p>Cet ensemble contient une s\u00e9lection de nos produits les plus populaires : le Poli et Nettoyeur \u00e0 Meubles; l&#8217;Efface \u00c9raflures pour Bois P\u00e2le et Fonc\u00e9 ; 4 de nos tons de B\u00e2tonnets de Remplissage les plus populaires et un chiffon de polissage en microfibre (pour que vous puissiez \u00e9pargner la vie d&#8217;un t-shirt).<\/p>\n<p>Avec le Poli et Nettoyeur pour meubles, vous pouvez effectuer l\u2019entretien quotidien de vos meubles et autres surfaces de finis et de placage sans vous soucier d\u2019endommager la finition et en sachant que vous obtiendrez de superbes r\u00e9sultats, sans traces et sans accumulation collante ou cireuse.<\/p>\n<p>L&#8217;efface \u00e9raflures vous permet d&#8217;effectuer rapidement des retouches professionnelles sur des surfaces avec des rayures et des petites imperfections de surface simplement en essuyant.<\/p>\n<p>Enfin, pour les r\u00e9parations de surface plus profondes, les B\u00e2tonnets de Remplissage remplissent et se forment aux contours de la r\u00e9paration endommag\u00e9e et peuvent \u00eatre rev\u00eatu de vernis ou de peinture pour faire des r\u00e9parations permanentes.<\/p>\n<p>Cet ensemble de r\u00e9paration et de soins pour meubles a tout pour embellir vos meubles et les garder de cette fa\u00e7on.<\/p>\n<ul style=\"padding-left: 2.5em;\">\n<li>Polit sans rayure, enl\u00e8ve la vieille cire et les empreintes de doigts<\/li>\n<li>Pas d\u2019accumulation cireuse ou collante<\/li>\n<li>Masque les rayures et les d\u00e9fauts mineurs de surface<\/li>\n<li>Restaure les surfaces us\u00e9es<\/li>\n<li>Remplie les marques et les rayures profondes<\/li>\n<li>Id\u00e9al pour tous vos meubles, armoires, planchers et boiseries<\/li>\n<\/ul>\n","protected":false},"excerpt":{"rendered":"<p>Nous savons que la plupart des gens pr\u00e9f\u00e8rent se d\u00e9tendre et s&#8217;amuser plut\u00f4t que r\u00e9parer des meubles. Croyez-vous que nous pouvons vous faire \u00e9prouver de la joie \u00e0 le faire? OK, peut-\u00eatre pas, mais nous pouvons rendre cela plus facile et plus efficace avec le Syst\u00e8me de Restauration pour Meubles Secret du M\u00e9tier. Cet ensemble [&hellip;]<\/p>\n","protected":false},"author":1,"featured_media":0,"parent":830,"menu_order":0,"comment_status":"closed","ping_status":"closed","template":"template-left-sidebar.php","meta":{"footnotes":""},"class_list":["post-1616","page","type-page","status-publish","hentry"],"_links":{"self":[{"href":"https:\/\/www.dfp.ca\/fr\/wp-json\/wp\/v2\/pages\/1616"}],"collection":[{"href":"https:\/\/www.dfp.ca\/fr\/wp-json\/wp\/v2\/pages"}],"about":[{"href":"https:\/\/www.dfp.ca\/fr\/wp-json\/wp\/v2\/types\/page"}],"author":[{"embeddable":true,"href":"https:\/\/www.dfp.ca\/fr\/wp-json\/wp\/v2\/users\/1"}],"replies":[{"embeddable":true,"href":"https:\/\/www.dfp.ca\/fr\/wp-json\/wp\/v2\/comments?post=1616"}],"version-history":[{"count":4,"href":"https:\/\/www.dfp.ca\/fr\/wp-json\/wp\/v2\/pages\/1616\/revisions"}],"predecessor-version":[{"id":2945,"href":"https:\/\/www.dfp.ca\/fr\/wp-json\/wp\/v2\/pages\/1616\/revisions\/2945"}],"up":[{"embeddable":true,"href":"https:\/\/www.dfp.ca\/fr\/wp-json\/wp\/v2\/pages\/830"}],"wp:attachment":[{"href":"https:\/\/www.dfp.ca\/fr\/wp-json\/wp\/v2\/media?parent=1616"}],"curies":[{"name":"wp","href":"https:\/\/api.w.org\/{rel}","templated":true}]}}