{"id":1627,"date":"2016-03-30T15:57:49","date_gmt":"2016-03-30T15:57:49","guid":{"rendered":"http:\/\/www.tradesecretproducts.com\/?page_id=283&#038;lang=fr"},"modified":"2019-05-23T15:47:37","modified_gmt":"2019-05-23T19:47:37","slug":"poli-et-nettoyeur-a-melamine","status":"publish","type":"page","link":"https:\/\/www.dfp.ca\/fr\/bois\/secret-du-metier\/poli-et-nettoyeur-a-melamine\/","title":{"rendered":"Poli et nettoyeur \u00e0 m\u00e9lamine"},"content":{"rendered":"<p><img loading=\"lazy\" decoding=\"async\" src=\"http:\/\/www.dfp.ca\/wp-content\/uploads\/2016\/07\/4063623575.png\" alt=\"4063623575\" width=\"188\" height=\"400\" class=\"alignright size-full wp-image-1781\" srcset=\"https:\/\/www.dfp.ca\/wp-content\/uploads\/2016\/07\/4063623575.png 188w, https:\/\/www.dfp.ca\/wp-content\/uploads\/2016\/07\/4063623575-141x300.png 141w, https:\/\/www.dfp.ca\/wp-content\/uploads\/2016\/07\/4063623575-100x213.png 100w, https:\/\/www.dfp.ca\/wp-content\/uploads\/2016\/07\/4063623575-150x319.png 150w\" sizes=\"(max-width: 188px) 100vw, 188px\" \/><\/p>\n<p>Voulez-vous conserver vos surfaces de cuisine lumineuses? Bien s\u00fbr, mais comment faites-vous sans nettoyants nocifs, agressifs et sans odeurs d\u00e9plaisantes?<\/p>\n<p>Eh bien, nous n\u2019aurions pas demand\u00e9 si nous n&#8217;avions pas la solution. Le Poli et Nettoyeur \u00e0 M\u00e9lamine est un traitement sans odeur, sp\u00e9cialement con\u00e7u pour les surfaces en stratifi\u00e9 et en plastique, utilis\u00e9 sur les armoires et les comptoirs de cuisine.<\/p>\n<p>La formule est efficace, sans les solvants agressifs souvent trouv\u00e9s dans les nettoyants pour la cuisine. En fait, plusieurs de ces nettoyants sont color\u00e9s et peuvent m\u00eame transf\u00e9rer cette pigmentation de couleur \u00e0 la surface, ou encore, de nettoyants tr\u00e8s agressifs, qui peuvent annuler la garantie du fabricant. Secret du M\u00e9tier utilise des huiles l\u00e9g\u00e8res, non-pigment\u00e9es, pour nettoyer les surfaces des empreintes de doigts et l&#8217;accumulation de gras. Il est si doux que vous pouvez m\u00eame l&#8217;utiliser tous les jours! Si vous mangez et cuisinez comme nous, vous en avez probablement besoin.<\/p>\n<p>Les comptoirs et armoires n&#8217;aiment pas les produits chimiques dangereux qui les tachent et les dommagent. Si vous \u00e9tiez un meuble, que diriez-vous?<\/p>\n<ul style=\"padding-left: 2.5em;\">\n<li>Pr\u00e9serve l&#8217;\u00e9clat naturel<\/li>\n<li>Enl\u00e8ve la salet\u00e9, la poussi\u00e8re, et les empreintes de doigts<\/li>\n<li>Pas de cire ni accumulation collante<\/li>\n<li>Sans silicone<\/li>\n<li>Sans parfum<\/li>\n<\/ul>\n","protected":false},"excerpt":{"rendered":"<p>Voulez-vous conserver vos surfaces de cuisine lumineuses? Bien s\u00fbr, mais comment faites-vous sans nettoyants nocifs, agressifs et sans odeurs d\u00e9plaisantes? Eh bien, nous n\u2019aurions pas demand\u00e9 si nous n&#8217;avions pas la solution. Le Poli et Nettoyeur \u00e0 M\u00e9lamine est un traitement sans odeur, sp\u00e9cialement con\u00e7u pour les surfaces en stratifi\u00e9 et en plastique, utilis\u00e9 sur [&hellip;]<\/p>\n","protected":false},"author":1,"featured_media":0,"parent":830,"menu_order":0,"comment_status":"closed","ping_status":"closed","template":"template-left-sidebar.php","meta":{"footnotes":""},"class_list":["post-1627","page","type-page","status-publish","hentry"],"_links":{"self":[{"href":"https:\/\/www.dfp.ca\/fr\/wp-json\/wp\/v2\/pages\/1627"}],"collection":[{"href":"https:\/\/www.dfp.ca\/fr\/wp-json\/wp\/v2\/pages"}],"about":[{"href":"https:\/\/www.dfp.ca\/fr\/wp-json\/wp\/v2\/types\/page"}],"author":[{"embeddable":true,"href":"https:\/\/www.dfp.ca\/fr\/wp-json\/wp\/v2\/users\/1"}],"replies":[{"embeddable":true,"href":"https:\/\/www.dfp.ca\/fr\/wp-json\/wp\/v2\/comments?post=1627"}],"version-history":[{"count":1,"href":"https:\/\/www.dfp.ca\/fr\/wp-json\/wp\/v2\/pages\/1627\/revisions"}],"predecessor-version":[{"id":1785,"href":"https:\/\/www.dfp.ca\/fr\/wp-json\/wp\/v2\/pages\/1627\/revisions\/1785"}],"up":[{"embeddable":true,"href":"https:\/\/www.dfp.ca\/fr\/wp-json\/wp\/v2\/pages\/830"}],"wp:attachment":[{"href":"https:\/\/www.dfp.ca\/fr\/wp-json\/wp\/v2\/media?parent=1627"}],"curies":[{"name":"wp","href":"https:\/\/api.w.org\/{rel}","templated":true}]}}