{"id":1629,"date":"2016-03-30T16:04:45","date_gmt":"2016-03-30T16:04:45","guid":{"rendered":"http:\/\/www.tradesecretproducts.com\/?page_id=292&#038;lang=fr"},"modified":"2019-05-23T15:47:38","modified_gmt":"2019-05-23T19:47:38","slug":"poli-et-nettoyeur-pour-acier-inoxydable","status":"publish","type":"page","link":"https:\/\/www.dfp.ca\/fr\/bois\/secret-du-metier\/poli-et-nettoyeur-pour-acier-inoxydable\/","title":{"rendered":"Poli et nettoyeur pour acier inoxydable"},"content":{"rendered":"<p><img loading=\"lazy\" decoding=\"async\" src=\"http:\/\/www.dfp.ca\/wp-content\/uploads\/2016\/07\/1007603060.png\" alt=\"1007603060\" width=\"200\" height=\"400\" class=\"alignright size-full wp-image-1780\" srcset=\"https:\/\/www.dfp.ca\/wp-content\/uploads\/2016\/07\/1007603060.png 200w, https:\/\/www.dfp.ca\/wp-content\/uploads\/2016\/07\/1007603060-150x300.png 150w, https:\/\/www.dfp.ca\/wp-content\/uploads\/2016\/07\/1007603060-100x200.png 100w\" sizes=\"(max-width: 200px) 100vw, 200px\" \/><\/p>\n<p>\u00ab C\u2019\u00e9tait plus beau en magasin! \u00bb<\/p>\n<p>C&#8217;est un refrain commun pour de nombreux propri\u00e9taires d&#8217;appareils en acier inoxydable. Le fait que les polis et nettoyeurs pour acier inoxydable ont \u00e9t\u00e9 initialement cr\u00e9\u00e9s pour le personnel de magasins de d\u00e9tail explique pourquoi les gens pourraient se sentir de cette fa\u00e7on. Con\u00e7u pour enlever les traces de doigts et de salet\u00e9s en surface, il est un excellent traitement r\u00e9gulier que vous devez tout simplement vaporiser et essuyer. Pas de temps de s\u00e9chage ou solvants agressifs, juste un \u00e9clat parfait sans bariolage.<\/p>\n<p>Votre cuisine sera comme une salle d&#8217;exposition &#8230; mais sans les vendeurs arrogants!<\/p>\n<ul style=\"padding-left: 2.5em;\">\n<li>Enl\u00e8ve les empreintes de doigts, les r\u00e9sidus alimentaires, la salet\u00e9 et l&#8217;accumulation<\/li>\n<li>Ne laisse aucun bariolage<\/li>\n<li>Non abrasif et nettoie sans rayer<\/li>\n<li>Pas de r\u00e9sidu graisseux<\/li>\n<\/ul>\n","protected":false},"excerpt":{"rendered":"<p>\u00ab C\u2019\u00e9tait plus beau en magasin! \u00bb C&#8217;est un refrain commun pour de nombreux propri\u00e9taires d&#8217;appareils en acier inoxydable. Le fait que les polis et nettoyeurs pour acier inoxydable ont \u00e9t\u00e9 initialement cr\u00e9\u00e9s pour le personnel de magasins de d\u00e9tail explique pourquoi les gens pourraient se sentir de cette fa\u00e7on. Con\u00e7u pour enlever les traces [&hellip;]<\/p>\n","protected":false},"author":1,"featured_media":0,"parent":830,"menu_order":0,"comment_status":"closed","ping_status":"closed","template":"template-left-sidebar.php","meta":{"footnotes":""},"class_list":["post-1629","page","type-page","status-publish","hentry"],"_links":{"self":[{"href":"https:\/\/www.dfp.ca\/fr\/wp-json\/wp\/v2\/pages\/1629"}],"collection":[{"href":"https:\/\/www.dfp.ca\/fr\/wp-json\/wp\/v2\/pages"}],"about":[{"href":"https:\/\/www.dfp.ca\/fr\/wp-json\/wp\/v2\/types\/page"}],"author":[{"embeddable":true,"href":"https:\/\/www.dfp.ca\/fr\/wp-json\/wp\/v2\/users\/1"}],"replies":[{"embeddable":true,"href":"https:\/\/www.dfp.ca\/fr\/wp-json\/wp\/v2\/comments?post=1629"}],"version-history":[{"count":2,"href":"https:\/\/www.dfp.ca\/fr\/wp-json\/wp\/v2\/pages\/1629\/revisions"}],"predecessor-version":[{"id":1783,"href":"https:\/\/www.dfp.ca\/fr\/wp-json\/wp\/v2\/pages\/1629\/revisions\/1783"}],"up":[{"embeddable":true,"href":"https:\/\/www.dfp.ca\/fr\/wp-json\/wp\/v2\/pages\/830"}],"wp:attachment":[{"href":"https:\/\/www.dfp.ca\/fr\/wp-json\/wp\/v2\/media?parent=1629"}],"curies":[{"name":"wp","href":"https:\/\/api.w.org\/{rel}","templated":true}]}}