{"id":1631,"date":"2016-03-30T16:14:56","date_gmt":"2016-03-30T16:14:56","guid":{"rendered":"http:\/\/www.tradesecretproducts.com\/?page_id=300&#038;lang=fr"},"modified":"2019-05-23T15:48:21","modified_gmt":"2019-05-23T19:48:21","slug":"protecteur-pour-meubles-exterieur","status":"publish","type":"page","link":"https:\/\/www.dfp.ca\/fr\/bois\/secret-du-metier\/protecteur-pour-meubles-exterieur\/","title":{"rendered":"Protecteur pour meubles ext\u00e9rieur"},"content":{"rendered":"<p><img loading=\"lazy\" decoding=\"async\" src=\"http:\/\/www.dfp.ca\/wp-content\/uploads\/2016\/07\/154324372-1.png\" alt=\"154324372\" width=\"181\" height=\"400\" class=\"alignright size-full wp-image-1772\" srcset=\"https:\/\/www.dfp.ca\/wp-content\/uploads\/2016\/07\/154324372-1.png 181w, https:\/\/www.dfp.ca\/wp-content\/uploads\/2016\/07\/154324372-1-136x300.png 136w, https:\/\/www.dfp.ca\/wp-content\/uploads\/2016\/07\/154324372-1-100x221.png 100w, https:\/\/www.dfp.ca\/wp-content\/uploads\/2016\/07\/154324372-1-150x331.png 150w\" sizes=\"(max-width: 181px) 100vw, 181px\" \/><\/p>\n<p>Gardez vos meubles de jardin en beaut\u00e9 gr\u00e2ce \u00e0 notre Protecteur de meubles ext\u00e9rieur Patio OasisMD. Facile \u00e0 utiliser et sans danger, le Protecteur de meubles ext\u00e9rieur Patio OasisMD cr\u00e9e une fine couche de protection invisible sur les mobiliers ext\u00e9rieurs pour aider \u00e0 les prot\u00e9ger contre la d\u00e9t\u00e9rioration due aux intemp\u00e9ries, en gardant une apparence impeccable saison apr\u00e8s saison. <\/p>\n<p>Id\u00e9al sur les meubles en aluminium, plastique, acier, vinyle, r\u00e9sine, osier, bois, rotin, fibre de verre, PVC, caoutchouc, chrome et plus encore, la formule est biod\u00e9gradable et \u00e0 faible teneur en COV. Facile \u00e0 utiliser, il suffit de vaporiser sur les meubles, essuyer et polir. En plus de d\u00e9gager une odeur agr\u00e9able le Protecteur de meubles ext\u00e9rieur Patio OasisMD contient des inhibiteurs d&#8217;UV qui prot\u00e8ge vos meubles de jardin des rayons destructeurs du soleil.\/p><\/p>\n","protected":false},"excerpt":{"rendered":"<p>Gardez vos meubles de jardin en beaut\u00e9 gr\u00e2ce \u00e0 notre Protecteur de meubles ext\u00e9rieur Patio OasisMD. Facile \u00e0 utiliser et sans danger, le Protecteur de meubles ext\u00e9rieur Patio OasisMD cr\u00e9e une fine couche de protection invisible sur les mobiliers ext\u00e9rieurs pour aider \u00e0 les prot\u00e9ger contre la d\u00e9t\u00e9rioration due aux intemp\u00e9ries, en gardant une apparence [&hellip;]<\/p>\n","protected":false},"author":1,"featured_media":0,"parent":830,"menu_order":0,"comment_status":"closed","ping_status":"closed","template":"template-left-sidebar.php","meta":{"footnotes":""},"class_list":["post-1631","page","type-page","status-publish","hentry"],"_links":{"self":[{"href":"https:\/\/www.dfp.ca\/fr\/wp-json\/wp\/v2\/pages\/1631"}],"collection":[{"href":"https:\/\/www.dfp.ca\/fr\/wp-json\/wp\/v2\/pages"}],"about":[{"href":"https:\/\/www.dfp.ca\/fr\/wp-json\/wp\/v2\/types\/page"}],"author":[{"embeddable":true,"href":"https:\/\/www.dfp.ca\/fr\/wp-json\/wp\/v2\/users\/1"}],"replies":[{"embeddable":true,"href":"https:\/\/www.dfp.ca\/fr\/wp-json\/wp\/v2\/comments?post=1631"}],"version-history":[{"count":2,"href":"https:\/\/www.dfp.ca\/fr\/wp-json\/wp\/v2\/pages\/1631\/revisions"}],"predecessor-version":[{"id":2025,"href":"https:\/\/www.dfp.ca\/fr\/wp-json\/wp\/v2\/pages\/1631\/revisions\/2025"}],"up":[{"embeddable":true,"href":"https:\/\/www.dfp.ca\/fr\/wp-json\/wp\/v2\/pages\/830"}],"wp:attachment":[{"href":"https:\/\/www.dfp.ca\/fr\/wp-json\/wp\/v2\/media?parent=1631"}],"curies":[{"name":"wp","href":"https:\/\/api.w.org\/{rel}","templated":true}]}}