{"id":1633,"date":"2016-03-30T16:17:24","date_gmt":"2016-03-30T16:17:24","guid":{"rendered":"http:\/\/www.tradesecretproducts.com\/?page_id=307&#038;lang=fr"},"modified":"2019-05-23T15:47:38","modified_gmt":"2019-05-23T19:47:38","slug":"protecteur-de-tissu-exterieur","status":"publish","type":"page","link":"https:\/\/www.dfp.ca\/fr\/bois\/secret-du-metier\/protecteur-de-tissu-exterieur\/","title":{"rendered":"Protecteur de tissu ext\u00e9rieur"},"content":{"rendered":"<p><img loading=\"lazy\" decoding=\"async\" src=\"http:\/\/www.dfp.ca\/wp-content\/uploads\/2016\/07\/1303533641.png\" alt=\"1303533641\" width=\"181\" height=\"400\" class=\"alignright size-full wp-image-1768\" srcset=\"https:\/\/www.dfp.ca\/wp-content\/uploads\/2016\/07\/1303533641.png 181w, https:\/\/www.dfp.ca\/wp-content\/uploads\/2016\/07\/1303533641-136x300.png 136w, https:\/\/www.dfp.ca\/wp-content\/uploads\/2016\/07\/1303533641-100x221.png 100w, https:\/\/www.dfp.ca\/wp-content\/uploads\/2016\/07\/1303533641-150x331.png 150w\" sizes=\"(max-width: 181px) 100vw, 181px\" \/><\/p>\n<p>Prot\u00e9gez vos chaises de jardin, coussins et canap\u00e9s de l&#8217;humidit\u00e9. Le Protecteur de tissu Patio OasisMD est la fa\u00e7on la plus simple et la plus efficace pour ajouter ou restaurer l\u2019imperm\u00e9abilit\u00e9 \u00e0 pratiquement tous les tissus d&#8217;ext\u00e9rieur. Utilisez-le sur des chaises, coussins, canap\u00e9s, parasols, auvents et autres tissus d&#8217;ext\u00e9rieur.<\/p>\n<p>Il est facile \u00e0 utiliser; il suffit de vaporiser le tissu et laisser s\u00e9cher pendant 6 heures avant utilisation. Toujours appliquer Le Protecteur de tissu Patio OasisMD a l\u2019ext\u00e9rieure, en prenant soin de ne pas respirer la solution.<\/p>\n","protected":false},"excerpt":{"rendered":"<p>Prot\u00e9gez vos chaises de jardin, coussins et canap\u00e9s de l&#8217;humidit\u00e9. Le Protecteur de tissu Patio OasisMD est la fa\u00e7on la plus simple et la plus efficace pour ajouter ou restaurer l\u2019imperm\u00e9abilit\u00e9 \u00e0 pratiquement tous les tissus d&#8217;ext\u00e9rieur. Utilisez-le sur des chaises, coussins, canap\u00e9s, parasols, auvents et autres tissus d&#8217;ext\u00e9rieur. Il est facile \u00e0 utiliser; il [&hellip;]<\/p>\n","protected":false},"author":1,"featured_media":0,"parent":830,"menu_order":0,"comment_status":"closed","ping_status":"closed","template":"template-left-sidebar.php","meta":{"footnotes":""},"class_list":["post-1633","page","type-page","status-publish","hentry"],"_links":{"self":[{"href":"https:\/\/www.dfp.ca\/fr\/wp-json\/wp\/v2\/pages\/1633"}],"collection":[{"href":"https:\/\/www.dfp.ca\/fr\/wp-json\/wp\/v2\/pages"}],"about":[{"href":"https:\/\/www.dfp.ca\/fr\/wp-json\/wp\/v2\/types\/page"}],"author":[{"embeddable":true,"href":"https:\/\/www.dfp.ca\/fr\/wp-json\/wp\/v2\/users\/1"}],"replies":[{"embeddable":true,"href":"https:\/\/www.dfp.ca\/fr\/wp-json\/wp\/v2\/comments?post=1633"}],"version-history":[{"count":1,"href":"https:\/\/www.dfp.ca\/fr\/wp-json\/wp\/v2\/pages\/1633\/revisions"}],"predecessor-version":[{"id":1769,"href":"https:\/\/www.dfp.ca\/fr\/wp-json\/wp\/v2\/pages\/1633\/revisions\/1769"}],"up":[{"embeddable":true,"href":"https:\/\/www.dfp.ca\/fr\/wp-json\/wp\/v2\/pages\/830"}],"wp:attachment":[{"href":"https:\/\/www.dfp.ca\/fr\/wp-json\/wp\/v2\/media?parent=1633"}],"curies":[{"name":"wp","href":"https:\/\/api.w.org\/{rel}","templated":true}]}}