{"id":1635,"date":"2016-03-30T16:20:35","date_gmt":"2016-03-30T16:20:35","guid":{"rendered":"http:\/\/www.tradesecretproducts.com\/?page_id=313&#038;lang=fr"},"modified":"2019-05-23T15:47:37","modified_gmt":"2019-05-23T19:47:37","slug":"nettoyeur-pour-tissu-exterieur","status":"publish","type":"page","link":"https:\/\/www.dfp.ca\/fr\/bois\/secret-du-metier\/nettoyeur-pour-tissu-exterieur\/","title":{"rendered":"Nettoyeur pour tissu ext\u00e9rieur"},"content":{"rendered":"<p><img loading=\"lazy\" decoding=\"async\" src=\"http:\/\/www.dfp.ca\/wp-content\/uploads\/2016\/07\/667215122.png\" alt=\"667215122\" width=\"181\" height=\"400\" class=\"alignright size-full wp-image-1776\" srcset=\"https:\/\/www.dfp.ca\/wp-content\/uploads\/2016\/07\/667215122.png 181w, https:\/\/www.dfp.ca\/wp-content\/uploads\/2016\/07\/667215122-136x300.png 136w, https:\/\/www.dfp.ca\/wp-content\/uploads\/2016\/07\/667215122-100x221.png 100w, https:\/\/www.dfp.ca\/wp-content\/uploads\/2016\/07\/667215122-150x331.png 150w\" sizes=\"(max-width: 181px) 100vw, 181px\" \/>Gardez vos auvents, parasols et autres tissus d&#8217;ext\u00e9rieur propres avec le Nettoyeur pour de tissu ext\u00e9rieur Patio OasisMD. Le Nettoyeur de tissu a une formule sp\u00e9cialement con\u00e7ue pour utiliser la puissance de terp\u00e8nes d\u2019agrumes qui d\u00e9loge la salet\u00e9, la graisse et les taches.<\/p>\n<p>Notre formule est biod\u00e9gradable, sans phosphate et faible en COV. Un \u00ab must \u00bb avant l\u2019entreposage hivernal gr\u00e2ce \u00e0 notre technologie odeur d\u2019encapsulation. Utilisez sur tous les tissus d\u2019ext\u00e9rieur comme les parasols, auvents, coussins, canap\u00e9s et plus encore.<\/p>\n","protected":false},"excerpt":{"rendered":"<p>Gardez vos auvents, parasols et autres tissus d&#8217;ext\u00e9rieur propres avec le Nettoyeur pour de tissu ext\u00e9rieur Patio OasisMD. Le Nettoyeur de tissu a une formule sp\u00e9cialement con\u00e7ue pour utiliser la puissance de terp\u00e8nes d\u2019agrumes qui d\u00e9loge la salet\u00e9, la graisse et les taches. Notre formule est biod\u00e9gradable, sans phosphate et faible en COV. Un \u00ab [&hellip;]<\/p>\n","protected":false},"author":1,"featured_media":0,"parent":830,"menu_order":0,"comment_status":"closed","ping_status":"closed","template":"template-left-sidebar.php","meta":{"footnotes":""},"class_list":["post-1635","page","type-page","status-publish","hentry"],"_links":{"self":[{"href":"https:\/\/www.dfp.ca\/fr\/wp-json\/wp\/v2\/pages\/1635"}],"collection":[{"href":"https:\/\/www.dfp.ca\/fr\/wp-json\/wp\/v2\/pages"}],"about":[{"href":"https:\/\/www.dfp.ca\/fr\/wp-json\/wp\/v2\/types\/page"}],"author":[{"embeddable":true,"href":"https:\/\/www.dfp.ca\/fr\/wp-json\/wp\/v2\/users\/1"}],"replies":[{"embeddable":true,"href":"https:\/\/www.dfp.ca\/fr\/wp-json\/wp\/v2\/comments?post=1635"}],"version-history":[{"count":3,"href":"https:\/\/www.dfp.ca\/fr\/wp-json\/wp\/v2\/pages\/1635\/revisions"}],"predecessor-version":[{"id":1778,"href":"https:\/\/www.dfp.ca\/fr\/wp-json\/wp\/v2\/pages\/1635\/revisions\/1778"}],"up":[{"embeddable":true,"href":"https:\/\/www.dfp.ca\/fr\/wp-json\/wp\/v2\/pages\/830"}],"wp:attachment":[{"href":"https:\/\/www.dfp.ca\/fr\/wp-json\/wp\/v2\/media?parent=1635"}],"curies":[{"name":"wp","href":"https:\/\/api.w.org\/{rel}","templated":true}]}}