{"id":175,"date":"2016-07-03T14:43:03","date_gmt":"2016-07-03T18:43:03","guid":{"rendered":"http:\/\/www.dfp.ca\/fr\/?page_id=175"},"modified":"2016-07-13T10:24:33","modified_gmt":"2016-07-13T14:24:33","slug":"a-propos-de-nous","status":"publish","type":"page","link":"https:\/\/www.dfp.ca\/fr\/a-propos-de-nous\/","title":{"rendered":"\u00c0 PROPOS"},"content":{"rendered":"<p>Il n\u2019y a pas si longtemps, DFP a d\u00fb prendre une d\u00e9cision difficile. Nous avons d\u00e9cid\u00e9, afin de mieux r\u00e9pondre \u00e0 vos besoins, de vous offrir des produits de retouches plus raffin\u00e9s et accessibles et d\u2019abandonner notre gamme de produits de finition. M\u00eame si cette d\u00e9cision a \u00e9t\u00e9 difficile \u00e0 prendre, aujourd\u2019hui nous sommes confiants que nous avons fait le bon choix.<\/p>\n<p>Cela a permis a DFP de devenir un leader dans l\u2019industrie de la retouche. Aujourd\u2019hui, notre seule pr\u00e9occupation est de fournir les meilleurs produits de retouche \u00e0 nos clients dans les diverses industries. Les r\u00e9sultats sont \u00e9tonnants. Nous vous offrons la meilleure technologie pour chacun des items comme notre syst\u00e8me de retouche pour plancher, nos mastics \u00e9poxy \u201cQuickwood\u201d ultra performants et maintenant disponibles en 8 tons diff\u00e9rents, nos ensembles de retouche apr\u00e8s ventes qui vous aides \u00e0 diminuer les appels de service et nous sommes toujours \u00e0 la recherche d\u2019un produit a\u00e9rosol \u00e0 base d\u2019eau afin de r\u00e9pondre \u00e0 vos besoins.<\/p>\n<p>Aussi, nous avons am\u00e9lior\u00e9 notre capacit\u00e9 de mieux r\u00e9pondre \u00e0 vos demandes. Le temps de d\u00e9lai d\u2019attente sur les produits faits sur mesure, comme nos b\u00e2tonnets de retouche, nos marqueurs et a\u00e9rosols, sont r\u00e9duits et nous offrons de plus en plus de s\u00e9minaires de retouche chez vous con\u00e7us pour r\u00e9pondre \u00e0 vos besoins sp\u00e9cifiques pour vous aider \u00e0 r\u00e9duire le gaspillage et les d\u00e9lais de production. DFP est vraiment l\u00e0 pour trouver des solutions pour la retouche.<\/p>\n<p>Apres plus de 60 ans, DFP est votre source pour des solutions pour toutes les surfaces.<\/p>\n<p>Chronologie de DFP<\/p>\n<p>1950<br \/>\nMartin Dover incorpore Supreme Bag, une entreprise d\u00e9di\u00e9e aux sacs en jute.<\/p>\n<p>1952<br \/>\nSupreme Bag devient Dover Pad et vise l\u2019industrie des d\u00e9m\u00e9nageurs avec des couvertures de d\u00e9m\u00e9nagement et autres produits similaires. On r\u00e9alise assez rapidement que les d\u00e9m\u00e9nageurs ont souvent tendance \u00e0 endommager les meubles. On ajoute des produits professionnels d\u2019entretien et de retouche \u00e0 notre gamme.<\/p>\n<p>Ann\u00e9es 60<br \/>\nDover Pad agrandit sa base de clients afin d&#8217;inclure plus de compagnies d&#8217;industries g\u00e9n\u00e9rales.<\/p>\n<p>Ann\u00e9es 70<br \/>\nDes produits d\u2019emballage sont introduits afin de cibler encore plus de clients industriels.<\/p>\n<p>Ann\u00e9es 80<br \/>\nLa compagnie grandit toujours en ajoutant, \u00e0 toutes les semaines, des manufacturiers de meubles comme clients.<\/p>\n<p>1991<br \/>\nDover Pad devient Doverco Inc. et les produits de finitions et retouches deviennent une nouvelle compagnie; Les produits de finitions Dover Inc. Bizarrement, Dover Pad devient une marque des produits de finition Dover et vous pouvez en d\u00e9couvrir plus au www.doverpad.ca.<\/p>\n<p>Fin des ann\u00e9es 90<br \/>\nLa compagnie Star Finishing Products, avec lequel on travaillait ensemble depuis les ann\u00e9es 50, est achet\u00e9e par un comp\u00e9titeur et ferm\u00e9. On passe quelques ann\u00e9es \u00e0 d\u00e9velopper et am\u00e9liorer les produits qu&#8217;on ne fabriquez pas d\u00e9j\u00e0 afin de les ajouter a notre gamme. Certain de ces nouveaux produits sont fantastique, d&#8217;autres moins.<\/p>\n<p>2004<br \/>\nPour la premi\u00e8re fois depuis qu&#8217;on a distribu\u00e9 les produits de Star Finishing, nous avons finalement con\u00e7u les produits les plus performants pour retoucher et r\u00e9parer le bois. Curieusement, en m\u00eame temps, les fabricants de meubles au Qu\u00e9bec d\u00e9cident que la Chine est un bien meilleur endroit pour fabriquer des meubles. Les meubles s&#8217;arr\u00eatent d&#8217;\u00eatre aussi durable et n\u00e9cessite plus de retouches avant m\u00eame d&#8217;\u00eatre vendu!<\/p>\n<p>2006<br \/>\nNous collaborons avec Leather Master SE afin d\u2019offrir les meilleurs produits dans le monde pour l\u2019entretien et la r\u00e9paration du cuir. Les meubles en cuir au Canada et aux \u00c9tats-Unis deviennent plus propres, plus attrayants, plus durables et sans \u00ab squeak \u00bb.On ajoute plus de 100 produits pour le cuir.<\/p>\n<p>2008<br \/>\nLe d\u00e9veloppement des produits innovateurs continue. Notre bulletin \u00e9lectronique est introduit.<\/p>\n<p>2010<br \/>\n\u00ab Solutions de surface \u00bb devient notre mantra. Quand nous cr\u00e9ons de nouveaux produits, nous nous engageons \u00e0 : vous offrir des produits professionnels qui travaillent sur les surfaces de bois et de cuir.<\/p>\n<p>2012<br \/>\nLa nouvelles site web est introduit. Les employ\u00e9s f\u00eatent 62 ans en affaires en repondant au telephone en soixant deux facons different. Heureusement cela ne dure qu&#8217;un seul appel&#8230; et c&#8217;\u00e9tait pour notre soci\u00e9t\u00e9 m\u00e8re.<\/p>\n<p>2015<br \/>\nDFP Inc. est acheter par Martin &amp; Associ\u00e9s. Un partenariat strat\u00e9gique est form\u00e9 qui permet DFP et Martin de livrer des nouvelles synergies \u00e0 leurs clients industriels et au d\u00e9tail.<\/p>\n<h2>Nos valeurs fondamentals<\/h2>\n<h3>ENTREPRENANT<\/h3>\n<p>Trouver diff\u00e9rentes fa\u00e7ons innovatrices de satisfaire nos clients de mani\u00e8re simple et efficace.<\/p>\n<h3>ENTHOUSIASTE FACE AU CHANGEMENT<\/h3>\n<p>Chercher \u00e0 am\u00e9liorer constamment notre environnement et nos syst\u00e8mes. Rechercher les opportunit\u00e9s pour am\u00e9liorer notre talent et nos aptitudes.<\/p>\n<h3>EMBALLER PAR CHAQUE JOURN\u00c9E<\/h3>\n<p>Cr\u00e9er un environnement de travail positif en fournissantl\u2019effort suppl\u00e9mentaire et communiquer avec respect et politesse.<\/p>\n<h3>\u00c9THIQUE<\/h3>\n<p>Cr\u00e9er un sentiment de fiert\u00e9 et d\u2019harmonie au sein de l\u2019entreprise. Traiter tous les intervenants; nos employ\u00e9s, nos fournisseurs et nos clients avec des principes moraux sans reproche et un code de conduite impeccable.<\/p>\n","protected":false},"excerpt":{"rendered":"<p>Il n\u2019y a pas si longtemps, DFP a d\u00fb prendre une d\u00e9cision difficile. Nous avons d\u00e9cid\u00e9, afin de mieux r\u00e9pondre \u00e0 vos besoins, de vous offrir des produits de retouches plus raffin\u00e9s et accessibles et d\u2019abandonner notre gamme de produits de finition. M\u00eame si cette d\u00e9cision a \u00e9t\u00e9 difficile \u00e0 prendre, aujourd\u2019hui nous sommes confiants [&hellip;]<\/p>\n","protected":false},"author":1,"featured_media":0,"parent":0,"menu_order":0,"comment_status":"closed","ping_status":"closed","template":"sidebar-content-page.php","meta":{"footnotes":""},"class_list":["post-175","page","type-page","status-publish","hentry"],"_links":{"self":[{"href":"https:\/\/www.dfp.ca\/fr\/wp-json\/wp\/v2\/pages\/175"}],"collection":[{"href":"https:\/\/www.dfp.ca\/fr\/wp-json\/wp\/v2\/pages"}],"about":[{"href":"https:\/\/www.dfp.ca\/fr\/wp-json\/wp\/v2\/types\/page"}],"author":[{"embeddable":true,"href":"https:\/\/www.dfp.ca\/fr\/wp-json\/wp\/v2\/users\/1"}],"replies":[{"embeddable":true,"href":"https:\/\/www.dfp.ca\/fr\/wp-json\/wp\/v2\/comments?post=175"}],"version-history":[{"count":2,"href":"https:\/\/www.dfp.ca\/fr\/wp-json\/wp\/v2\/pages\/175\/revisions"}],"predecessor-version":[{"id":716,"href":"https:\/\/www.dfp.ca\/fr\/wp-json\/wp\/v2\/pages\/175\/revisions\/716"}],"wp:attachment":[{"href":"https:\/\/www.dfp.ca\/fr\/wp-json\/wp\/v2\/media?parent=175"}],"curies":[{"name":"wp","href":"https:\/\/api.w.org\/{rel}","templated":true}]}}