{"id":184,"date":"2016-07-03T15:11:33","date_gmt":"2016-07-03T19:11:33","guid":{"rendered":"http:\/\/www.dfp.ca\/fr\/?page_id=184"},"modified":"2017-10-11T14:00:57","modified_gmt":"2017-10-11T18:00:57","slug":"bois","status":"publish","type":"page","link":"https:\/\/www.dfp.ca\/fr\/bois\/","title":{"rendered":"BOIS"},"content":{"rendered":"<div class=\"wc-shortcodes-row wc-shortcodes-item wc-shortcodes-clearfix\">\n<div class=\"wc-shortcodes-column wc-shortcodes-content wc-shortcodes-one-third wc-shortcodes-column-first \">\n<p><a href=\"http:\/\/www.dfp.ca\/fr\/bois\/retouche\/\"><center><img loading=\"lazy\" decoding=\"async\" class=\"alignnone size-full wp-image-708\" src=\"\/wp-content\/uploads\/2016\/07\/touchupmenu.png\" alt=\"Retouche\" width=\"145\" height=\"175\" srcset=\"https:\/\/www.dfp.ca\/wp-content\/uploads\/2016\/07\/touchupmenu.png 145w, https:\/\/www.dfp.ca\/wp-content\/uploads\/2016\/07\/touchupmenu-100x121.png 100w\" sizes=\"(max-width: 145px) 100vw, 145px\" \/><\/center><\/p>\n<h4 style=\"text-align: center;\">Retouche<\/h4>\n<p><\/a>\n<\/div>\n<div class=\"wc-shortcodes-column wc-shortcodes-content wc-shortcodes-one-third wc-shortcodes-column- \">\n<p><a href=\"http:\/\/www.dfp.ca\/fr\/bois\/reparation\/\"><center><img loading=\"lazy\" decoding=\"async\" class=\"alignnone size-full wp-image-707\" src=\"\/wp-content\/uploads\/2016\/07\/repairmenu.png\" alt=\"R\u00e9paration\" width=\"145\" height=\"175\" srcset=\"https:\/\/www.dfp.ca\/wp-content\/uploads\/2016\/07\/repairmenu.png 145w, https:\/\/www.dfp.ca\/wp-content\/uploads\/2016\/07\/repairmenu-100x121.png 100w\" sizes=\"(max-width: 145px) 100vw, 145px\" \/><\/center><\/p>\n<h4 style=\"text-align: center;\">R\u00e9paration<\/h4>\n<p><\/a>\n<\/div>\n<div class=\"wc-shortcodes-column wc-shortcodes-content wc-shortcodes-one-third wc-shortcodes-column-last \">\n<p><a href=\"http:\/\/www.dfp.ca\/fr\/bois\/mastic-adhesifs-et-abrasifs\/\"><center><img loading=\"lazy\" decoding=\"async\" class=\"alignnone size-full wp-image-706\" src=\"\/wp-content\/uploads\/2016\/07\/adhesivesmeni.png\" alt=\"Adh\u00e9sifs, mastic et abrasifs\" width=\"152\" height=\"175\" srcset=\"https:\/\/www.dfp.ca\/wp-content\/uploads\/2016\/07\/adhesivesmeni.png 152w, https:\/\/www.dfp.ca\/wp-content\/uploads\/2016\/07\/adhesivesmeni-100x115.png 100w, https:\/\/www.dfp.ca\/wp-content\/uploads\/2016\/07\/adhesivesmeni-150x173.png 150w\" sizes=\"(max-width: 152px) 100vw, 152px\" \/><\/center><\/p>\n<h4 style=\"text-align: center;\">Adh\u00e9sifs, mastic et abrasifs<\/h4>\n<p><\/a>\n<\/div>\n<\/div>\n<p>&nbsp;<\/p>\n<div class=\"wc-shortcodes-row wc-shortcodes-item wc-shortcodes-clearfix\">\n<div class=\"wc-shortcodes-column wc-shortcodes-content wc-shortcodes-one-third wc-shortcodes-column-first \">\n<p><a href=\"http:\/\/www.dfp.ca\/fr\/bois\/liquides\/\"><center><img loading=\"lazy\" decoding=\"async\" class=\"alignnone size-full wp-image-705\" src=\"\/wp-content\/uploads\/2016\/07\/liquidsmenu.png\" alt=\"liquides\" width=\"175\" height=\"175\" srcset=\"https:\/\/www.dfp.ca\/wp-content\/uploads\/2016\/07\/liquidsmenu.png 175w, https:\/\/www.dfp.ca\/wp-content\/uploads\/2016\/07\/liquidsmenu-150x150.png 150w, https:\/\/www.dfp.ca\/wp-content\/uploads\/2016\/07\/liquidsmenu-100x100.png 100w\" sizes=\"(max-width: 175px) 100vw, 175px\" \/><\/center><\/p>\n<h4 style=\"text-align: center;\">Liquides<\/h4>\n<p><\/a>\n<\/div>\n<div class=\"wc-shortcodes-column wc-shortcodes-content wc-shortcodes-one-third wc-shortcodes-column- \">\n<p><a href=\"http:\/\/www.dfp.ca\/fr\/bois\/secret-du-metier\/\"><center><img loading=\"lazy\" decoding=\"async\" class=\"alignnone size-full wp-image-162\" src=\"\/wp-content\/uploads\/2016\/07\/dfp-main-tradesecret.png\" alt=\"Secret du M\u00e9tier\" width=\"145\" height=\"175\" \/><\/center><\/p>\n<h4 style=\"text-align: center;\">Secret du M\u00e9tier<\/h4>\n<p><\/a>\n<\/div>\n<div class=\"wc-shortcodes-column wc-shortcodes-content wc-shortcodes-one-third wc-shortcodes-column-last \">\n<p><a href=\"http:\/\/www.dfp.ca\/fr\/bois\/marque-maison\/\"><center><img loading=\"lazy\" decoding=\"async\" class=\"alignnone size-full wp-image-700\" src=\"\/wp-content\/uploads\/2016\/07\/customlabel.png\" alt=\"Marque maison\" width=\"145\" height=\"175\" srcset=\"https:\/\/www.dfp.ca\/wp-content\/uploads\/2016\/07\/customlabel.png 145w, https:\/\/www.dfp.ca\/wp-content\/uploads\/2016\/07\/customlabel-100x121.png 100w\" sizes=\"(max-width: 145px) 100vw, 145px\" \/><\/center><\/p>\n<h4 style=\"text-align: center;\">Marque maison<\/h4>\n<p><\/a>\n<\/div>\n<\/div>\n<p>&nbsp;<\/p>\n","protected":false},"excerpt":{"rendered":"<p>Retouche R\u00e9paration Adh\u00e9sifs, mastic et abrasifs &nbsp; Liquides Secret du M\u00e9tier Marque maison &nbsp;<\/p>\n","protected":false},"author":1,"featured_media":0,"parent":0,"menu_order":0,"comment_status":"closed","ping_status":"closed","template":"template-left-sidebar.php","meta":{"footnotes":""},"class_list":["post-184","page","type-page","status-publish","hentry"],"_links":{"self":[{"href":"https:\/\/www.dfp.ca\/fr\/wp-json\/wp\/v2\/pages\/184"}],"collection":[{"href":"https:\/\/www.dfp.ca\/fr\/wp-json\/wp\/v2\/pages"}],"about":[{"href":"https:\/\/www.dfp.ca\/fr\/wp-json\/wp\/v2\/types\/page"}],"author":[{"embeddable":true,"href":"https:\/\/www.dfp.ca\/fr\/wp-json\/wp\/v2\/users\/1"}],"replies":[{"embeddable":true,"href":"https:\/\/www.dfp.ca\/fr\/wp-json\/wp\/v2\/comments?post=184"}],"version-history":[{"count":5,"href":"https:\/\/www.dfp.ca\/fr\/wp-json\/wp\/v2\/pages\/184\/revisions"}],"predecessor-version":[{"id":2598,"href":"https:\/\/www.dfp.ca\/fr\/wp-json\/wp\/v2\/pages\/184\/revisions\/2598"}],"wp:attachment":[{"href":"https:\/\/www.dfp.ca\/fr\/wp-json\/wp\/v2\/media?parent=184"}],"curies":[{"name":"wp","href":"https:\/\/api.w.org\/{rel}","templated":true}]}}