{"id":192,"date":"2016-07-03T15:16:06","date_gmt":"2016-07-03T19:16:06","guid":{"rendered":"http:\/\/www.dfp.ca\/fr\/?page_id=192"},"modified":"2024-11-14T14:59:24","modified_gmt":"2024-11-14T19:59:24","slug":"aerosols","status":"publish","type":"page","link":"https:\/\/www.dfp.ca\/fr\/bois\/retouche\/aerosols\/","title":{"rendered":"A\u00c9ROSOLS"},"content":{"rendered":"\n<div class=\"wp-block-columns is-layout-flex wp-container-core-columns-is-layout-1 wp-block-columns-is-layout-flex\">\n<div class=\"wp-block-column is-layout-flow wp-block-column-is-layout-flow\">\n<figure class=\"wp-block-image size-full\"><a href=\"https:\/\/www.dfp.ca\/fr\/bois\/retouche\/aerosols\/finis-transparent-fini-professionnel-serie-600\/\"><img loading=\"lazy\" decoding=\"async\" width=\"500\" height=\"500\" src=\"https:\/\/www.dfp.ca\/wp-content\/uploads\/2024\/11\/Aerosol-Colors-6XX-500-1.jpg\" alt=\"\" class=\"wp-image-5123\" srcset=\"https:\/\/www.dfp.ca\/wp-content\/uploads\/2024\/11\/Aerosol-Colors-6XX-500-1.jpg 500w, https:\/\/www.dfp.ca\/wp-content\/uploads\/2024\/11\/Aerosol-Colors-6XX-500-1-300x300.jpg 300w, https:\/\/www.dfp.ca\/wp-content\/uploads\/2024\/11\/Aerosol-Colors-6XX-500-1-150x150.jpg 150w, https:\/\/www.dfp.ca\/wp-content\/uploads\/2024\/11\/Aerosol-Colors-6XX-500-1-24x24.jpg 24w, https:\/\/www.dfp.ca\/wp-content\/uploads\/2024\/11\/Aerosol-Colors-6XX-500-1-36x36.jpg 36w, https:\/\/www.dfp.ca\/wp-content\/uploads\/2024\/11\/Aerosol-Colors-6XX-500-1-48x48.jpg 48w\" sizes=\"(max-width: 500px) 100vw, 500px\" \/><\/a><\/figure>\n\n\n\n<p class=\"has-text-align-center\" style=\"font-size:1.5em\"><a href=\"https:\/\/www.dfp.ca\/fr\/bois\/retouche\/aerosols\/finis-transparent-fini-professionnel-serie-600\/\" data-type=\"page\" data-id=\"194\"><strong>PRO FINI<\/strong><br><strong><strong>S\u00c9RIE 600<\/strong><\/strong><\/a><\/p>\n<\/div>\n\n\n\n<div class=\"wp-block-column is-layout-flow wp-block-column-is-layout-flow\">\n<figure class=\"wp-block-image size-full\"><a href=\"https:\/\/www.dfp.ca\/fr\/bois\/retouche\/aerosols\/pro-fini-serie-400\/\"><img loading=\"lazy\" decoding=\"async\" width=\"501\" height=\"501\" src=\"https:\/\/www.dfp.ca\/wp-content\/uploads\/2024\/11\/Aerosol-Colors-4XX-500-1.jpg\" alt=\"\" class=\"wp-image-5121\" srcset=\"https:\/\/www.dfp.ca\/wp-content\/uploads\/2024\/11\/Aerosol-Colors-4XX-500-1.jpg 501w, https:\/\/www.dfp.ca\/wp-content\/uploads\/2024\/11\/Aerosol-Colors-4XX-500-1-300x300.jpg 300w, https:\/\/www.dfp.ca\/wp-content\/uploads\/2024\/11\/Aerosol-Colors-4XX-500-1-150x150.jpg 150w, https:\/\/www.dfp.ca\/wp-content\/uploads\/2024\/11\/Aerosol-Colors-4XX-500-1-24x24.jpg 24w, https:\/\/www.dfp.ca\/wp-content\/uploads\/2024\/11\/Aerosol-Colors-4XX-500-1-36x36.jpg 36w, https:\/\/www.dfp.ca\/wp-content\/uploads\/2024\/11\/Aerosol-Colors-4XX-500-1-48x48.jpg 48w\" sizes=\"(max-width: 501px) 100vw, 501px\" \/><\/a><\/figure>\n\n\n\n<p class=\"has-text-align-center\" style=\"font-size:1.5em\"><a href=\"https:\/\/www.dfp.ca\/fr\/bois\/retouche\/aerosols\/pro-fini-serie-400\/\" data-type=\"page\" data-id=\"204\"><strong>PRO FINI<\/strong><br><strong><strong>S\u00c9RIE 400<\/strong><\/strong><\/a><\/p>\n<\/div>\n\n\n\n<div class=\"wp-block-column is-layout-flow wp-block-column-is-layout-flow\">\n<figure class=\"wp-block-image size-full\"><a href=\"https:\/\/www.dfp.ca\/fr\/bois\/retouche\/aerosols\/colorants-et-finis-teintes-professionnels\/\"><img loading=\"lazy\" decoding=\"async\" width=\"500\" height=\"500\" src=\"https:\/\/www.dfp.ca\/wp-content\/uploads\/2024\/11\/Aerosol-Colors-Toners-500-1.jpg\" alt=\"\" class=\"wp-image-5125\" srcset=\"https:\/\/www.dfp.ca\/wp-content\/uploads\/2024\/11\/Aerosol-Colors-Toners-500-1.jpg 500w, https:\/\/www.dfp.ca\/wp-content\/uploads\/2024\/11\/Aerosol-Colors-Toners-500-1-300x300.jpg 300w, https:\/\/www.dfp.ca\/wp-content\/uploads\/2024\/11\/Aerosol-Colors-Toners-500-1-150x150.jpg 150w, https:\/\/www.dfp.ca\/wp-content\/uploads\/2024\/11\/Aerosol-Colors-Toners-500-1-24x24.jpg 24w, https:\/\/www.dfp.ca\/wp-content\/uploads\/2024\/11\/Aerosol-Colors-Toners-500-1-36x36.jpg 36w, https:\/\/www.dfp.ca\/wp-content\/uploads\/2024\/11\/Aerosol-Colors-Toners-500-1-48x48.jpg 48w\" sizes=\"(max-width: 500px) 100vw, 500px\" \/><\/a><\/figure>\n\n\n\n<p class=\"has-text-align-center\" style=\"font-size:1.5em\"><a href=\"https:\/\/www.dfp.ca\/fr\/bois\/retouche\/aerosols\/colorants-et-finis-teintes-professionnels\/\" data-type=\"page\" data-id=\"208\"><strong>PRO FINI<\/strong><br><strong><strong>TEINT\u00c9S<\/strong><\/strong><\/a><\/p>\n<\/div>\n<\/div>\n\n\n\n<div class=\"wp-block-columns is-layout-flex wp-container-core-columns-is-layout-2 wp-block-columns-is-layout-flex\">\n<div class=\"wp-block-column is-layout-flow wp-block-column-is-layout-flow\">\n<figure class=\"wp-block-image size-full\"><a href=\"https:\/\/www.dfp.ca\/fr\/bois\/retouche\/aerosols\/pro-fini-opaques\/\"><img loading=\"lazy\" decoding=\"async\" width=\"500\" height=\"500\" src=\"https:\/\/www.dfp.ca\/wp-content\/uploads\/2024\/11\/Aerosol-Colors-3XX-500-1.jpg\" alt=\"\" class=\"wp-image-5127\" srcset=\"https:\/\/www.dfp.ca\/wp-content\/uploads\/2024\/11\/Aerosol-Colors-3XX-500-1.jpg 500w, https:\/\/www.dfp.ca\/wp-content\/uploads\/2024\/11\/Aerosol-Colors-3XX-500-1-300x300.jpg 300w, https:\/\/www.dfp.ca\/wp-content\/uploads\/2024\/11\/Aerosol-Colors-3XX-500-1-150x150.jpg 150w, https:\/\/www.dfp.ca\/wp-content\/uploads\/2024\/11\/Aerosol-Colors-3XX-500-1-24x24.jpg 24w, https:\/\/www.dfp.ca\/wp-content\/uploads\/2024\/11\/Aerosol-Colors-3XX-500-1-36x36.jpg 36w, https:\/\/www.dfp.ca\/wp-content\/uploads\/2024\/11\/Aerosol-Colors-3XX-500-1-48x48.jpg 48w\" sizes=\"(max-width: 500px) 100vw, 500px\" \/><\/a><\/figure>\n\n\n\n<p class=\"has-text-align-center\" style=\"font-size:1.5em\"><a href=\"https:\/\/www.dfp.ca\/fr\/bois\/retouche\/aerosols\/pro-fini-opaques\/\" data-type=\"page\" data-id=\"274\"><strong>PRO FINI<\/strong><br><strong>OPAQUES<\/strong><\/a><\/p>\n<\/div>\n\n\n\n<div class=\"wp-block-column is-layout-flow wp-block-column-is-layout-flow\">\n<figure class=\"wp-block-image size-full\"><a href=\"https:\/\/www.dfp.ca\/fr\/bois\/retouche\/aerosols\/neutralisateurs-de-silicone-fini-professionnels\/\"><img loading=\"lazy\" decoding=\"async\" width=\"500\" height=\"500\" src=\"https:\/\/www.dfp.ca\/wp-content\/uploads\/2024\/11\/Aerosol-Colors-56X-500-1.jpg\" alt=\"\" class=\"wp-image-5129\" srcset=\"https:\/\/www.dfp.ca\/wp-content\/uploads\/2024\/11\/Aerosol-Colors-56X-500-1.jpg 500w, https:\/\/www.dfp.ca\/wp-content\/uploads\/2024\/11\/Aerosol-Colors-56X-500-1-300x300.jpg 300w, https:\/\/www.dfp.ca\/wp-content\/uploads\/2024\/11\/Aerosol-Colors-56X-500-1-150x150.jpg 150w, https:\/\/www.dfp.ca\/wp-content\/uploads\/2024\/11\/Aerosol-Colors-56X-500-1-24x24.jpg 24w, https:\/\/www.dfp.ca\/wp-content\/uploads\/2024\/11\/Aerosol-Colors-56X-500-1-36x36.jpg 36w, https:\/\/www.dfp.ca\/wp-content\/uploads\/2024\/11\/Aerosol-Colors-56X-500-1-48x48.jpg 48w\" sizes=\"(max-width: 500px) 100vw, 500px\" \/><\/a><\/figure>\n\n\n\n<p class=\"has-text-align-center\" style=\"font-size:1.5em\"><a href=\"https:\/\/www.dfp.ca\/fr\/bois\/retouche\/aerosols\/neutralisateurs-de-silicone-fini-professionnels\/\" data-type=\"page\" data-id=\"279\"><strong>PRO FINI<\/strong><br><strong>N<strong>EUTRALISATEURS<\/strong><\/strong><br><strong><strong>DE SILICONE<\/strong><\/strong><\/a><\/p>\n<\/div>\n\n\n\n<div class=\"wp-block-column is-layout-flow wp-block-column-is-layout-flow\">\n<figure class=\"wp-block-image size-full\"><a href=\"https:\/\/www.dfp.ca\/fr\/bois\/retouche\/aerosols\/blush-stoppers\/\"><img loading=\"lazy\" decoding=\"async\" width=\"500\" height=\"500\" src=\"https:\/\/www.dfp.ca\/wp-content\/uploads\/2024\/11\/Aerosol-Colors-555-500.jpg\" alt=\"\" class=\"wp-image-5131\" srcset=\"https:\/\/www.dfp.ca\/wp-content\/uploads\/2024\/11\/Aerosol-Colors-555-500.jpg 500w, https:\/\/www.dfp.ca\/wp-content\/uploads\/2024\/11\/Aerosol-Colors-555-500-300x300.jpg 300w, https:\/\/www.dfp.ca\/wp-content\/uploads\/2024\/11\/Aerosol-Colors-555-500-150x150.jpg 150w, https:\/\/www.dfp.ca\/wp-content\/uploads\/2024\/11\/Aerosol-Colors-555-500-24x24.jpg 24w, https:\/\/www.dfp.ca\/wp-content\/uploads\/2024\/11\/Aerosol-Colors-555-500-36x36.jpg 36w, https:\/\/www.dfp.ca\/wp-content\/uploads\/2024\/11\/Aerosol-Colors-555-500-48x48.jpg 48w\" sizes=\"(max-width: 500px) 100vw, 500px\" \/><\/a><\/figure>\n\n\n\n<p class=\"has-text-align-center\" style=\"font-size:1.5em\"><a href=\"https:\/\/www.dfp.ca\/fr\/bois\/retouche\/aerosols\/blush-stoppers\/\" data-type=\"page\" data-id=\"285\"><strong>PRO FINI<\/strong><br><strong>NIVELEUR <\/strong><br><strong><strong>ANTI-OPALESCENT<\/strong><\/strong><\/a><\/p>\n<\/div>\n<\/div>\n\n\n\n<div class=\"wp-block-columns is-layout-flex wp-container-core-columns-is-layout-3 wp-block-columns-is-layout-flex\">\n<div class=\"wp-block-column is-layout-flow wp-block-column-is-layout-flow\">\n<figure class=\"wp-block-image size-full\"><a href=\"https:\/\/www.dfp.ca\/fr\/bois\/retouche\/aerosols\/crc-lubrifiant-seche\/\"><img loading=\"lazy\" decoding=\"async\" width=\"500\" height=\"500\" src=\"https:\/\/www.dfp.ca\/wp-content\/uploads\/2024\/11\/Aerosol-Drulube-500.jpg\" alt=\"\" class=\"wp-image-5133\" srcset=\"https:\/\/www.dfp.ca\/wp-content\/uploads\/2024\/11\/Aerosol-Drulube-500.jpg 500w, https:\/\/www.dfp.ca\/wp-content\/uploads\/2024\/11\/Aerosol-Drulube-500-300x300.jpg 300w, https:\/\/www.dfp.ca\/wp-content\/uploads\/2024\/11\/Aerosol-Drulube-500-150x150.jpg 150w, https:\/\/www.dfp.ca\/wp-content\/uploads\/2024\/11\/Aerosol-Drulube-500-24x24.jpg 24w, https:\/\/www.dfp.ca\/wp-content\/uploads\/2024\/11\/Aerosol-Drulube-500-36x36.jpg 36w, https:\/\/www.dfp.ca\/wp-content\/uploads\/2024\/11\/Aerosol-Drulube-500-48x48.jpg 48w\" sizes=\"(max-width: 500px) 100vw, 500px\" \/><\/a><\/figure>\n\n\n\n<p class=\"has-text-align-center\" style=\"font-size:1.5em\"><strong><a href=\"https:\/\/www.dfp.ca\/fr\/bois\/retouche\/aerosols\/crc-lubrifiant-seche\/\" data-type=\"page\" data-id=\"4047\">LUBRIFIANT <\/a><\/strong><br><strong><a href=\"https:\/\/www.dfp.ca\/fr\/bois\/retouche\/aerosols\/crc-lubrifiant-seche\/\" data-type=\"page\" data-id=\"4047\">\u00c0 FILM SEC<\/a><\/strong><\/p>\n<\/div>\n\n\n\n<div class=\"wp-block-column is-layout-flow wp-block-column-is-layout-flow\"><\/div>\n\n\n\n<div class=\"wp-block-column is-layout-flow wp-block-column-is-layout-flow\"><\/div>\n<\/div>\n","protected":false},"excerpt":{"rendered":"<p>PRO FINIS\u00c9RIE 600 PRO FINIS\u00c9RIE 400 PRO FINITEINT\u00c9S PRO FINIOPAQUES PRO FININEUTRALISATEURSDE SILICONE PRO FININIVELEUR ANTI-OPALESCENT LUBRIFIANT \u00c0 FILM SEC<\/p>\n","protected":false},"author":1,"featured_media":0,"parent":188,"menu_order":0,"comment_status":"closed","ping_status":"closed","template":"template-left-sidebar.php","meta":{"footnotes":""},"class_list":["post-192","page","type-page","status-publish","hentry"],"_links":{"self":[{"href":"https:\/\/www.dfp.ca\/fr\/wp-json\/wp\/v2\/pages\/192"}],"collection":[{"href":"https:\/\/www.dfp.ca\/fr\/wp-json\/wp\/v2\/pages"}],"about":[{"href":"https:\/\/www.dfp.ca\/fr\/wp-json\/wp\/v2\/types\/page"}],"author":[{"embeddable":true,"href":"https:\/\/www.dfp.ca\/fr\/wp-json\/wp\/v2\/users\/1"}],"replies":[{"embeddable":true,"href":"https:\/\/www.dfp.ca\/fr\/wp-json\/wp\/v2\/comments?post=192"}],"version-history":[{"count":19,"href":"https:\/\/www.dfp.ca\/fr\/wp-json\/wp\/v2\/pages\/192\/revisions"}],"predecessor-version":[{"id":5503,"href":"https:\/\/www.dfp.ca\/fr\/wp-json\/wp\/v2\/pages\/192\/revisions\/5503"}],"up":[{"embeddable":true,"href":"https:\/\/www.dfp.ca\/fr\/wp-json\/wp\/v2\/pages\/188"}],"wp:attachment":[{"href":"https:\/\/www.dfp.ca\/fr\/wp-json\/wp\/v2\/media?parent=192"}],"curies":[{"name":"wp","href":"https:\/\/api.w.org\/{rel}","templated":true}]}}