{"id":194,"date":"2016-07-03T15:53:38","date_gmt":"2016-07-03T19:53:38","guid":{"rendered":"http:\/\/www.dfp.ca\/fr\/?page_id=194"},"modified":"2024-11-06T04:26:32","modified_gmt":"2024-11-06T09:26:32","slug":"finis-transparent-fini-professionnel-serie-600","status":"publish","type":"page","link":"https:\/\/www.dfp.ca\/fr\/bois\/retouche\/aerosols\/finis-transparent-fini-professionnel-serie-600\/","title":{"rendered":"PRO FINI &#8211; S\u00c9RIE 600"},"content":{"rendered":"\n<div class=\"wp-block-media-text alignwide has-media-on-the-right is-stacked-on-mobile\"><div class=\"wp-block-media-text__content\">\n<p>Le nec plus ultra en mati\u00e8re de finition et de retouche, la s\u00e9rie 600 Pro fini est une formule pr\u00e9-catalys\u00e9e claire comme de l\u2019eau con\u00e7ue pour offrir notre plus haute densit\u00e9 de mati\u00e8res solides et une r\u00e9sistance tenace au jaunissement. La formule a \u00e9t\u00e9 \u00e9labor\u00e9e pour la retouche, la r\u00e9paration et la restauration. Excellente compatibilit\u00e9 avec un large \u00e9ventail de finis et le meilleur pouvoir garnissant qui soit!<\/p>\n\n\n\n<ul class=\"wp-block-list\">\n<li>Notre plus haute densit\u00e9 de mati\u00e8res solides offerte<\/li>\n\n\n\n<li>Propri\u00e9t\u00e9s anti-jaunissement tenaces<\/li>\n\n\n\n<li>Excellente compatibilit\u00e9 avec les autres finis<\/li>\n\n\n\n<li>N\u2019exc\u00e8de pas 95 % de COV par poids<\/li>\n<\/ul>\n<\/div><figure class=\"wp-block-media-text__media\"><img loading=\"lazy\" decoding=\"async\" width=\"1024\" height=\"1024\" src=\"https:\/\/www.dfp.ca\/wp-content\/uploads\/2024\/11\/Aerosol-Colors-6XX-1500-1024x1024.jpg\" alt=\"\" class=\"wp-image-5142 size-full\" srcset=\"https:\/\/www.dfp.ca\/wp-content\/uploads\/2024\/11\/Aerosol-Colors-6XX-1500-1024x1024.jpg 1024w, https:\/\/www.dfp.ca\/wp-content\/uploads\/2024\/11\/Aerosol-Colors-6XX-1500-300x300.jpg 300w, https:\/\/www.dfp.ca\/wp-content\/uploads\/2024\/11\/Aerosol-Colors-6XX-1500-150x150.jpg 150w, https:\/\/www.dfp.ca\/wp-content\/uploads\/2024\/11\/Aerosol-Colors-6XX-1500-768x768.jpg 768w, https:\/\/www.dfp.ca\/wp-content\/uploads\/2024\/11\/Aerosol-Colors-6XX-1500-24x24.jpg 24w, https:\/\/www.dfp.ca\/wp-content\/uploads\/2024\/11\/Aerosol-Colors-6XX-1500-36x36.jpg 36w, https:\/\/www.dfp.ca\/wp-content\/uploads\/2024\/11\/Aerosol-Colors-6XX-1500-48x48.jpg 48w, https:\/\/www.dfp.ca\/wp-content\/uploads\/2024\/11\/Aerosol-Colors-6XX-1500.jpg 1500w\" sizes=\"(max-width: 1024px) 100vw, 1024px\" \/><\/figure><\/div>\n\n\n\n<figure class=\"wp-block-table\"><table><tbody><tr><td><strong>Article<\/strong><\/td><td><strong>Description<\/strong><\/td><\/tr><tr><td>768600<\/td><td>Lustr\u00e9 transparent\u00a0<\/td><\/tr><tr><td>768601<\/td><td>Semi-lustr\u00e9 transparent\u00a0<\/td><\/tr><tr><td>768602<\/td><td>Mat transparent<\/td><\/tr><tr><td>768604<\/td><td>Satin transparent<\/td><\/tr><\/tbody><\/table><\/figure>\n","protected":false},"excerpt":{"rendered":"<p>Article Description 768600 Lustr\u00e9 transparent\u00a0 768601 Semi-lustr\u00e9 transparent\u00a0 768602 Mat transparent 768604 Satin transparent<\/p>\n","protected":false},"author":1,"featured_media":0,"parent":192,"menu_order":0,"comment_status":"closed","ping_status":"closed","template":"template-left-sidebar.php","meta":{"footnotes":""},"class_list":["post-194","page","type-page","status-publish","hentry"],"_links":{"self":[{"href":"https:\/\/www.dfp.ca\/fr\/wp-json\/wp\/v2\/pages\/194"}],"collection":[{"href":"https:\/\/www.dfp.ca\/fr\/wp-json\/wp\/v2\/pages"}],"about":[{"href":"https:\/\/www.dfp.ca\/fr\/wp-json\/wp\/v2\/types\/page"}],"author":[{"embeddable":true,"href":"https:\/\/www.dfp.ca\/fr\/wp-json\/wp\/v2\/users\/1"}],"replies":[{"embeddable":true,"href":"https:\/\/www.dfp.ca\/fr\/wp-json\/wp\/v2\/comments?post=194"}],"version-history":[{"count":8,"href":"https:\/\/www.dfp.ca\/fr\/wp-json\/wp\/v2\/pages\/194\/revisions"}],"predecessor-version":[{"id":5145,"href":"https:\/\/www.dfp.ca\/fr\/wp-json\/wp\/v2\/pages\/194\/revisions\/5145"}],"up":[{"embeddable":true,"href":"https:\/\/www.dfp.ca\/fr\/wp-json\/wp\/v2\/pages\/192"}],"wp:attachment":[{"href":"https:\/\/www.dfp.ca\/fr\/wp-json\/wp\/v2\/media?parent=194"}],"curies":[{"name":"wp","href":"https:\/\/api.w.org\/{rel}","templated":true}]}}