{"id":204,"date":"2016-07-03T16:07:20","date_gmt":"2016-07-03T20:07:20","guid":{"rendered":"http:\/\/www.dfp.ca\/fr\/?page_id=204"},"modified":"2024-11-14T14:55:05","modified_gmt":"2024-11-14T19:55:05","slug":"pro-fini-serie-400","status":"publish","type":"page","link":"https:\/\/www.dfp.ca\/fr\/bois\/retouche\/aerosols\/pro-fini-serie-400\/","title":{"rendered":"PRO FINI &#8211; S\u00c9RIE 400"},"content":{"rendered":"\n<div class=\"wp-block-media-text alignwide has-media-on-the-right is-stacked-on-mobile\"><div class=\"wp-block-media-text__content\">\n<p>Obtenez des finis professionnels gr\u00e2ce au syst\u00e8me en a\u00e9rosol de la s\u00e9rie 400 Pro fini. La formule pr\u00e9-catalys\u00e9e procure une plus haute densit\u00e9 de mati\u00e8res solides, une meilleure durabilit\u00e9 et une r\u00e9sistance sup\u00e9rieure au jaunissement que les finis conventionnels \u00e0 base de nitrocellulose. Ce syst\u00e8me offre une compatibilit\u00e9 accrue lors de l\u2019application sur un fini existant.<\/p>\n\n\n\n<ul class=\"wp-block-list\">\n<li>Fini cristallin, moins sujet au jaunissement, pouvoir garnissant sup\u00e9rieur<\/li>\n\n\n\n<li>Application uniforme, \u00e9coulement r\u00e9gulier et adh\u00e9rence exceptionnelle<\/li>\n\n\n\n<li>L\u2019aspect de la nitrocellulose avec les avantages de la formule pr\u00e9-catalys\u00e9e<\/li>\n<\/ul>\n<\/div><figure class=\"wp-block-media-text__media\"><img loading=\"lazy\" decoding=\"async\" width=\"1024\" height=\"1024\" src=\"https:\/\/www.dfp.ca\/wp-content\/uploads\/2024\/11\/Aerosol-Colors-4XX-1500-1024x1024.jpg\" alt=\"Pro Finish - 400 Series Clears\" class=\"wp-image-5146 size-full\" srcset=\"https:\/\/www.dfp.ca\/wp-content\/uploads\/2024\/11\/Aerosol-Colors-4XX-1500-1024x1024.jpg 1024w, https:\/\/www.dfp.ca\/wp-content\/uploads\/2024\/11\/Aerosol-Colors-4XX-1500-300x300.jpg 300w, https:\/\/www.dfp.ca\/wp-content\/uploads\/2024\/11\/Aerosol-Colors-4XX-1500-150x150.jpg 150w, https:\/\/www.dfp.ca\/wp-content\/uploads\/2024\/11\/Aerosol-Colors-4XX-1500-768x768.jpg 768w, https:\/\/www.dfp.ca\/wp-content\/uploads\/2024\/11\/Aerosol-Colors-4XX-1500-24x24.jpg 24w, https:\/\/www.dfp.ca\/wp-content\/uploads\/2024\/11\/Aerosol-Colors-4XX-1500-36x36.jpg 36w, https:\/\/www.dfp.ca\/wp-content\/uploads\/2024\/11\/Aerosol-Colors-4XX-1500-48x48.jpg 48w, https:\/\/www.dfp.ca\/wp-content\/uploads\/2024\/11\/Aerosol-Colors-4XX-1500.jpg 1500w\" sizes=\"(max-width: 1024px) 100vw, 1024px\" \/><\/figure><\/div>\n\n\n\n<figure class=\"wp-block-table\"><table><tbody><tr><td><strong>Article<\/strong><\/td><td><strong>Description<\/strong><\/td><\/tr><tr><td>768450<\/td><td>Super lustre transparent<\/td><\/tr><tr><td>768400<\/td><td>Lustre transparent<\/td><\/tr><tr><td>768401<\/td><td>Semi-lustre transparent<\/td><\/tr><tr><td>768404<\/td><td>Satin transparent<\/td><\/tr><tr><td>768402<\/td><td>Mat transparent<\/td><\/tr><tr><td>768403<\/td><td>Mat lav\u00e9 transparent<\/td><\/tr><tr><td>768410<\/td><td>Lustre \u00e9pais transparent<\/td><\/tr><tr><td>768411<\/td><td>Semi-lustre \u00e9pais transparent<\/td><\/tr><tr><td>768412<\/td><td>Mat \u00e9pais transparent<\/td><\/tr><tr><td>768490<\/td><td>Ultra lustre transparent<\/td><\/tr><tr><td>768460<\/td><td>Scellant \u00e0 poncer<\/td><\/tr><tr><td>768465<\/td><td>Scellant \u00e0 poncer mat\u00a0<\/td><\/tr><tr><td>768470<\/td><td>Scellant \u00e0 poncer vinylique<\/td><\/tr><tr><td>768500<\/td><td>Scellant \u00e0 poncer \u00e9pais<\/td><\/tr><\/tbody><\/table><\/figure>\n","protected":false},"excerpt":{"rendered":"<p>Article Description 768450 Super lustre transparent 768400 Lustre transparent 768401 Semi-lustre transparent 768404 Satin transparent 768402 Mat transparent 768403 Mat lav\u00e9 transparent 768410 Lustre \u00e9pais transparent 768411 Semi-lustre \u00e9pais transparent 768412 Mat \u00e9pais transparent 768490 Ultra lustre transparent 768460 Scellant \u00e0 poncer 768465 Scellant \u00e0 poncer mat\u00a0 768470 Scellant \u00e0 poncer vinylique 768500 Scellant \u00e0 [&hellip;]<\/p>\n","protected":false},"author":1,"featured_media":0,"parent":192,"menu_order":0,"comment_status":"closed","ping_status":"closed","template":"template-left-sidebar.php","meta":{"footnotes":""},"class_list":["post-204","page","type-page","status-publish","hentry"],"_links":{"self":[{"href":"https:\/\/www.dfp.ca\/fr\/wp-json\/wp\/v2\/pages\/204"}],"collection":[{"href":"https:\/\/www.dfp.ca\/fr\/wp-json\/wp\/v2\/pages"}],"about":[{"href":"https:\/\/www.dfp.ca\/fr\/wp-json\/wp\/v2\/types\/page"}],"author":[{"embeddable":true,"href":"https:\/\/www.dfp.ca\/fr\/wp-json\/wp\/v2\/users\/1"}],"replies":[{"embeddable":true,"href":"https:\/\/www.dfp.ca\/fr\/wp-json\/wp\/v2\/comments?post=204"}],"version-history":[{"count":7,"href":"https:\/\/www.dfp.ca\/fr\/wp-json\/wp\/v2\/pages\/204\/revisions"}],"predecessor-version":[{"id":5152,"href":"https:\/\/www.dfp.ca\/fr\/wp-json\/wp\/v2\/pages\/204\/revisions\/5152"}],"up":[{"embeddable":true,"href":"https:\/\/www.dfp.ca\/fr\/wp-json\/wp\/v2\/pages\/192"}],"wp:attachment":[{"href":"https:\/\/www.dfp.ca\/fr\/wp-json\/wp\/v2\/media?parent=204"}],"curies":[{"name":"wp","href":"https:\/\/api.w.org\/{rel}","templated":true}]}}