{"id":279,"date":"2016-07-04T10:13:56","date_gmt":"2016-07-04T14:13:56","guid":{"rendered":"http:\/\/www.dfp.ca\/fr\/?page_id=279"},"modified":"2024-11-06T06:11:51","modified_gmt":"2024-11-06T11:11:51","slug":"neutralisateurs-de-silicone-fini-professionnels","status":"publish","type":"page","link":"https:\/\/www.dfp.ca\/fr\/bois\/retouche\/aerosols\/neutralisateurs-de-silicone-fini-professionnels\/","title":{"rendered":"PRO FINI &#8211; NEUTRALISATEURS DE SILICONE"},"content":{"rendered":"\n<div class=\"wp-block-media-text has-media-on-the-right is-stacked-on-mobile\"><div class=\"wp-block-media-text__content\">\n<p>Assurez-vous que les yeux de poisson restent \u00e0 la poissonnerie! Nos neutralisateurs de silicone minimisent le besoin de d\u00e9caper et de refaire les travaux contamin\u00e9s par la silicone, ce qui permet de gagner du temps et d\u2019\u00e9conomiser de l\u2019argent. Les neutraliseurs de silicone, offerts dans les trois finis les plus populaires, neutralisent les finis contamin\u00e9s et construisent couche apr\u00e8s couche un rev\u00eatement de finition lisse, transparent et sans yeux de poisson. N\u2019appliquez aucune autre couche de finition.<br><\/p>\n<\/div><figure class=\"wp-block-media-text__media\"><img loading=\"lazy\" decoding=\"async\" width=\"1024\" height=\"1024\" src=\"https:\/\/www.dfp.ca\/wp-content\/uploads\/2024\/11\/Aerosol-Colors-56XX-1500-1024x1024.jpg\" alt=\"\" class=\"wp-image-5175 size-full\" srcset=\"https:\/\/www.dfp.ca\/wp-content\/uploads\/2024\/11\/Aerosol-Colors-56XX-1500-1024x1024.jpg 1024w, https:\/\/www.dfp.ca\/wp-content\/uploads\/2024\/11\/Aerosol-Colors-56XX-1500-300x300.jpg 300w, https:\/\/www.dfp.ca\/wp-content\/uploads\/2024\/11\/Aerosol-Colors-56XX-1500-150x150.jpg 150w, https:\/\/www.dfp.ca\/wp-content\/uploads\/2024\/11\/Aerosol-Colors-56XX-1500-768x768.jpg 768w, https:\/\/www.dfp.ca\/wp-content\/uploads\/2024\/11\/Aerosol-Colors-56XX-1500-24x24.jpg 24w, https:\/\/www.dfp.ca\/wp-content\/uploads\/2024\/11\/Aerosol-Colors-56XX-1500-36x36.jpg 36w, https:\/\/www.dfp.ca\/wp-content\/uploads\/2024\/11\/Aerosol-Colors-56XX-1500-48x48.jpg 48w, https:\/\/www.dfp.ca\/wp-content\/uploads\/2024\/11\/Aerosol-Colors-56XX-1500.jpg 1500w\" sizes=\"(max-width: 1024px) 100vw, 1024px\" \/><\/figure><\/div>\n\n\n\n<figure class=\"wp-block-table\"><table class=\"has-fixed-layout\"><tbody><tr><td><strong>Article<\/strong><\/td><td><strong>Description<\/strong><\/td><\/tr><tr><td>768560 <\/td><td>Neutralisateur de silicone &#8211; lustr\u00e9<\/td><\/tr><tr><td>768562 <\/td><td>Neutralisateur de silicone &#8211; mat<\/td><\/tr><tr><td>768564<\/td><td>Neutralisateur de silicone &#8211; satin<\/td><\/tr><\/tbody><\/table><\/figure>\n","protected":false},"excerpt":{"rendered":"<p>Assurez-vous que les yeux de poisson restent \u00e0 la poissonnerie! Nos neutralisateurs de silicone minimisent le besoin de d\u00e9caper et de refaire les travaux contamin\u00e9s par la silicone, ce qui permet de gagner du temps et d\u2019\u00e9conomiser de l\u2019argent. Les neutraliseurs de silicone, offerts dans les trois finis les plus populaires, neutralisent les finis contamin\u00e9s [&hellip;]<\/p>\n","protected":false},"author":1,"featured_media":0,"parent":192,"menu_order":0,"comment_status":"closed","ping_status":"closed","template":"template-left-sidebar.php","meta":{"footnotes":""},"class_list":["post-279","page","type-page","status-publish","hentry"],"_links":{"self":[{"href":"https:\/\/www.dfp.ca\/fr\/wp-json\/wp\/v2\/pages\/279"}],"collection":[{"href":"https:\/\/www.dfp.ca\/fr\/wp-json\/wp\/v2\/pages"}],"about":[{"href":"https:\/\/www.dfp.ca\/fr\/wp-json\/wp\/v2\/types\/page"}],"author":[{"embeddable":true,"href":"https:\/\/www.dfp.ca\/fr\/wp-json\/wp\/v2\/users\/1"}],"replies":[{"embeddable":true,"href":"https:\/\/www.dfp.ca\/fr\/wp-json\/wp\/v2\/comments?post=279"}],"version-history":[{"count":3,"href":"https:\/\/www.dfp.ca\/fr\/wp-json\/wp\/v2\/pages\/279\/revisions"}],"predecessor-version":[{"id":5179,"href":"https:\/\/www.dfp.ca\/fr\/wp-json\/wp\/v2\/pages\/279\/revisions\/5179"}],"up":[{"embeddable":true,"href":"https:\/\/www.dfp.ca\/fr\/wp-json\/wp\/v2\/pages\/192"}],"wp:attachment":[{"href":"https:\/\/www.dfp.ca\/fr\/wp-json\/wp\/v2\/media?parent=279"}],"curies":[{"name":"wp","href":"https:\/\/api.w.org\/{rel}","templated":true}]}}