{"id":285,"date":"2016-07-04T10:18:41","date_gmt":"2016-07-04T14:18:41","guid":{"rendered":"http:\/\/www.dfp.ca\/fr\/?page_id=285"},"modified":"2024-11-06T06:17:01","modified_gmt":"2024-11-06T11:17:01","slug":"blush-stoppers","status":"publish","type":"page","link":"https:\/\/www.dfp.ca\/fr\/bois\/retouche\/aerosols\/blush-stoppers\/","title":{"rendered":"PRO FINI &#8211; NIVELEUR ANTI-OPALESCENT"},"content":{"rendered":"\n<div class=\"wp-block-media-text has-media-on-the-right is-stacked-on-mobile\"><div class=\"wp-block-media-text__content\">\n<p>La formation d\u2019un voile blanc nuageux dans un fini laqu\u00e9 caus\u00e9e par l\u2019humidit\u00e9, la pr\u00e9sence de solvants non \u00e9quilibr\u00e9s, la pulv\u00e9risation de la laque \u00e0 une temp\u00e9rature trop basse ou la circulation d\u2019air sur une surface pendant la phase de s\u00e9chage de la laque peut \u00eatre un probl\u00e8me grave et potentiellement co\u00fbteux \u00e0 r\u00e9soudre. Il permet \u00e0 l\u2019humidit\u00e9 emprisonn\u00e9e de s\u2019\u00e9chapper des finitions, laissant ainsi une belle finition claire et sans voile, dans la plupart des cas, sans avoir \u00e0 poncer, d\u00e9caper et refaire la finition.<br>.&nbsp;<\/p>\n<\/div><figure class=\"wp-block-media-text__media\"><img loading=\"lazy\" decoding=\"async\" width=\"1024\" height=\"1024\" src=\"https:\/\/www.dfp.ca\/wp-content\/uploads\/2024\/11\/Aerosol-Colors-555-1500-1024x1024.jpg\" alt=\"Pro Fini - Niveleur anti-opalescent\" class=\"wp-image-5180 size-full\" srcset=\"https:\/\/www.dfp.ca\/wp-content\/uploads\/2024\/11\/Aerosol-Colors-555-1500-1024x1024.jpg 1024w, https:\/\/www.dfp.ca\/wp-content\/uploads\/2024\/11\/Aerosol-Colors-555-1500-300x300.jpg 300w, https:\/\/www.dfp.ca\/wp-content\/uploads\/2024\/11\/Aerosol-Colors-555-1500-150x150.jpg 150w, https:\/\/www.dfp.ca\/wp-content\/uploads\/2024\/11\/Aerosol-Colors-555-1500-768x768.jpg 768w, https:\/\/www.dfp.ca\/wp-content\/uploads\/2024\/11\/Aerosol-Colors-555-1500-24x24.jpg 24w, https:\/\/www.dfp.ca\/wp-content\/uploads\/2024\/11\/Aerosol-Colors-555-1500-36x36.jpg 36w, https:\/\/www.dfp.ca\/wp-content\/uploads\/2024\/11\/Aerosol-Colors-555-1500-48x48.jpg 48w, https:\/\/www.dfp.ca\/wp-content\/uploads\/2024\/11\/Aerosol-Colors-555-1500.jpg 1500w\" sizes=\"(max-width: 1024px) 100vw, 1024px\" \/><\/figure><\/div>\n\n\n\n<figure class=\"wp-block-table\"><table class=\"has-fixed-layout\"><tbody><tr><td><strong>Article<\/strong><\/td><td><strong>Description<\/strong><\/td><\/tr><tr><td>768555 <\/td><td>Niveleur anti-opalescent<\/td><\/tr><\/tbody><\/table><\/figure>\n","protected":false},"excerpt":{"rendered":"<p>La formation d\u2019un voile blanc nuageux dans un fini laqu\u00e9 caus\u00e9e par l\u2019humidit\u00e9, la pr\u00e9sence de solvants non \u00e9quilibr\u00e9s, la pulv\u00e9risation de la laque \u00e0 une temp\u00e9rature trop basse ou la circulation d\u2019air sur une surface pendant la phase de s\u00e9chage de la laque peut \u00eatre un probl\u00e8me grave et potentiellement co\u00fbteux \u00e0 r\u00e9soudre. Il [&hellip;]<\/p>\n","protected":false},"author":1,"featured_media":0,"parent":192,"menu_order":0,"comment_status":"closed","ping_status":"closed","template":"template-left-sidebar.php","meta":{"footnotes":""},"class_list":["post-285","page","type-page","status-publish","hentry"],"_links":{"self":[{"href":"https:\/\/www.dfp.ca\/fr\/wp-json\/wp\/v2\/pages\/285"}],"collection":[{"href":"https:\/\/www.dfp.ca\/fr\/wp-json\/wp\/v2\/pages"}],"about":[{"href":"https:\/\/www.dfp.ca\/fr\/wp-json\/wp\/v2\/types\/page"}],"author":[{"embeddable":true,"href":"https:\/\/www.dfp.ca\/fr\/wp-json\/wp\/v2\/users\/1"}],"replies":[{"embeddable":true,"href":"https:\/\/www.dfp.ca\/fr\/wp-json\/wp\/v2\/comments?post=285"}],"version-history":[{"count":5,"href":"https:\/\/www.dfp.ca\/fr\/wp-json\/wp\/v2\/pages\/285\/revisions"}],"predecessor-version":[{"id":5190,"href":"https:\/\/www.dfp.ca\/fr\/wp-json\/wp\/v2\/pages\/285\/revisions\/5190"}],"up":[{"embeddable":true,"href":"https:\/\/www.dfp.ca\/fr\/wp-json\/wp\/v2\/pages\/192"}],"wp:attachment":[{"href":"https:\/\/www.dfp.ca\/fr\/wp-json\/wp\/v2\/media?parent=285"}],"curies":[{"name":"wp","href":"https:\/\/api.w.org\/{rel}","templated":true}]}}