{"id":4053,"date":"2019-06-17T14:30:35","date_gmt":"2019-06-17T18:30:35","guid":{"rendered":"https:\/\/www.dfp.ca\/?page_id=4053"},"modified":"2024-11-06T06:21:47","modified_gmt":"2024-11-06T11:21:47","slug":"crc-dry-lube","status":"publish","type":"page","link":"https:\/\/www.dfp.ca\/fr\/bois\/retouche\/aerosols\/crc-dry-lube\/","title":{"rendered":"LUBRIFIANT \u00c0 FILM SEC"},"content":{"rendered":"\n<div class=\"wp-block-media-text has-media-on-the-right is-stacked-on-mobile\"><div class=\"wp-block-media-text__content\">\n<p>Ce lubrifiant \u00e0 film sec ultra mince r\u00e9siste \u00e0 l\u2019accumulation d\u2019huile, de salet\u00e9 et de poussi\u00e8re. Il p\u00e9n\u00e8tre dans les ouvertures les plus minuscules, emp\u00eachant l\u2019humidit\u00e9 de p\u00e9n\u00e9trer et pr\u00e9venant la corrosion. Excellent pour le s\u00e9chage des composants \u00e9lectriques et \u00e9lectroniques. La certification NSF H2 permet son utilisation dans les usines de transformation de la viande et de la volaille au Canada. La pratique valve de pulv\u00e9risation \u00e0 360\u00b0 permet de pulv\u00e9riser dans n\u2019importe quelle position.<\/p>\n<\/div><figure class=\"wp-block-media-text__media\"><img loading=\"lazy\" decoding=\"async\" width=\"1024\" height=\"1024\" src=\"https:\/\/www.dfp.ca\/wp-content\/uploads\/2024\/11\/768550-DryLube-1500-1024x1024.jpg\" alt=\"\" class=\"wp-image-5192 size-full\" srcset=\"https:\/\/www.dfp.ca\/wp-content\/uploads\/2024\/11\/768550-DryLube-1500-1024x1024.jpg 1024w, https:\/\/www.dfp.ca\/wp-content\/uploads\/2024\/11\/768550-DryLube-1500-300x300.jpg 300w, https:\/\/www.dfp.ca\/wp-content\/uploads\/2024\/11\/768550-DryLube-1500-150x150.jpg 150w, https:\/\/www.dfp.ca\/wp-content\/uploads\/2024\/11\/768550-DryLube-1500-768x768.jpg 768w, https:\/\/www.dfp.ca\/wp-content\/uploads\/2024\/11\/768550-DryLube-1500-24x24.jpg 24w, https:\/\/www.dfp.ca\/wp-content\/uploads\/2024\/11\/768550-DryLube-1500-36x36.jpg 36w, https:\/\/www.dfp.ca\/wp-content\/uploads\/2024\/11\/768550-DryLube-1500-48x48.jpg 48w, https:\/\/www.dfp.ca\/wp-content\/uploads\/2024\/11\/768550-DryLube-1500.jpg 1500w\" sizes=\"(max-width: 1024px) 100vw, 1024px\" \/><\/figure><\/div>\n\n\n\n<figure class=\"wp-block-table\"><table class=\"has-fixed-layout\"><tbody><tr><td><strong>Article<\/strong><\/td><td><strong>Description<\/strong><\/td><\/tr><tr><td>768550<\/td><td>Lubrifiant \u00e0 film sec<\/td><\/tr><\/tbody><\/table><\/figure>\n\n\n\n<p><\/p>\n","protected":false},"excerpt":{"rendered":"<p>Ce lubrifiant \u00e0 film sec ultra mince r\u00e9siste \u00e0 l\u2019accumulation d\u2019huile, de salet\u00e9 et de poussi\u00e8re. Il p\u00e9n\u00e8tre dans les ouvertures les plus minuscules, emp\u00eachant l\u2019humidit\u00e9 de p\u00e9n\u00e9trer et pr\u00e9venant la corrosion. Excellent pour le s\u00e9chage des composants \u00e9lectriques et \u00e9lectroniques. La certification NSF H2 permet son utilisation dans les usines de transformation de la [&hellip;]<\/p>\n","protected":false},"author":1,"featured_media":0,"parent":192,"menu_order":0,"comment_status":"closed","ping_status":"closed","template":"template-left-sidebar.php","meta":{"footnotes":""},"class_list":["post-4053","page","type-page","status-publish","hentry"],"_links":{"self":[{"href":"https:\/\/www.dfp.ca\/fr\/wp-json\/wp\/v2\/pages\/4053"}],"collection":[{"href":"https:\/\/www.dfp.ca\/fr\/wp-json\/wp\/v2\/pages"}],"about":[{"href":"https:\/\/www.dfp.ca\/fr\/wp-json\/wp\/v2\/types\/page"}],"author":[{"embeddable":true,"href":"https:\/\/www.dfp.ca\/fr\/wp-json\/wp\/v2\/users\/1"}],"replies":[{"embeddable":true,"href":"https:\/\/www.dfp.ca\/fr\/wp-json\/wp\/v2\/comments?post=4053"}],"version-history":[{"count":7,"href":"https:\/\/www.dfp.ca\/fr\/wp-json\/wp\/v2\/pages\/4053\/revisions"}],"predecessor-version":[{"id":5197,"href":"https:\/\/www.dfp.ca\/fr\/wp-json\/wp\/v2\/pages\/4053\/revisions\/5197"}],"up":[{"embeddable":true,"href":"https:\/\/www.dfp.ca\/fr\/wp-json\/wp\/v2\/pages\/192"}],"wp:attachment":[{"href":"https:\/\/www.dfp.ca\/fr\/wp-json\/wp\/v2\/media?parent=4053"}],"curies":[{"name":"wp","href":"https:\/\/api.w.org\/{rel}","templated":true}]}}