{"id":4182,"date":"2020-03-24T11:08:39","date_gmt":"2020-03-24T15:08:39","guid":{"rendered":"https:\/\/www.dfp.ca\/?page_id=4182"},"modified":"2024-11-06T11:48:30","modified_gmt":"2024-11-06T16:48:30","slug":"bouche-pores-en-poudre-pour-bois","status":"publish","type":"page","link":"https:\/\/www.dfp.ca\/fr\/bois\/mastic-adhesifs-et-abrasifs\/remplisseurs\/bouche-pores-en-poudre-pour-bois\/","title":{"rendered":"Bouche-pores en poudre pour bois"},"content":{"rendered":"\n<figure class=\"wp-block-image size-full\"><a href=\"https:\/\/www.dfp.ca\/wp-content\/uploads\/2024\/11\/TS-PowderedFillers-1000.jpg\"><img loading=\"lazy\" decoding=\"async\" width=\"1000\" height=\"306\" src=\"https:\/\/www.dfp.ca\/wp-content\/uploads\/2024\/11\/TS-PowderedFillers-1000.jpg\" alt=\"\" class=\"wp-image-5282\" srcset=\"https:\/\/www.dfp.ca\/wp-content\/uploads\/2024\/11\/TS-PowderedFillers-1000.jpg 1000w, https:\/\/www.dfp.ca\/wp-content\/uploads\/2024\/11\/TS-PowderedFillers-1000-300x92.jpg 300w, https:\/\/www.dfp.ca\/wp-content\/uploads\/2024\/11\/TS-PowderedFillers-1000-768x235.jpg 768w, https:\/\/www.dfp.ca\/wp-content\/uploads\/2024\/11\/TS-PowderedFillers-1000-24x7.jpg 24w, https:\/\/www.dfp.ca\/wp-content\/uploads\/2024\/11\/TS-PowderedFillers-1000-36x11.jpg 36w, https:\/\/www.dfp.ca\/wp-content\/uploads\/2024\/11\/TS-PowderedFillers-1000-48x15.jpg 48w\" sizes=\"(max-width: 1000px) 100vw, 1000px\" \/><\/a><\/figure>\n\n\n\n<p>La premi\u00e8re \u00e9tape vers une finition impeccable<\/p>\n\n\n\n<p>\u00ab Ne gaspillez pas, ne voulez pas \u00bb avec le Bouche-pores en poudre pour bois Trade Secret<sup>MC<\/sup>. Il ne r\u00e9tr\u00e9cit pas, ne coule pas, ne se fissure pas et a une excellente adh\u00e9rence excellente. Ce produit peut \u00eatre m\u00e9lang\u00e9 avec n&#8217;importe quel pigment, teinture \u00e0 base d&#8217;eau pour un match de couleur parfait \u00e0 chaque fois.<\/p>\n\n\n\n<p>Cet innovant bouche-pores innovante, facile \u00e0 utiliser et \u00e0 base d&#8217;eau est con\u00e7ue pour les \u00e9b\u00e9nistes professionnels, mais est \u00e9galement parfaite pour les artistes, les fabricants de meubles et les bricoleurs. Poncez, teintez, appr\u00eatez, remplissez et scellez chaque n\u0153ud de votre liste. La la Le Bouche-pores en poudre pour bois Trade Secret<sup>MC<\/sup> est facile \u00e0 poncer, vous serez \u00e9tonn\u00e9 par le produit et par le temps que vous sauverez.<\/p>\n\n\n\n<p>Le Bouche-pores en poudre pour bois Trade Secret<sup>MC<\/sup> a une dur\u00e9e de vie illimit\u00e9e et vous aide \u00e0 \u00e9conomiser de l&#8217;argent en vous permettant d&#8217;utiliser uniquement ce dont vous avez besoin. Notre formule de poudre innovante est unique et extr\u00eamement conviviale. M\u00e9langez la quantit\u00e9 requise de la Bouche-pores en poudre pour bois Trade Secret<sup>MC<\/sup> avec de l&#8217;eau quand vous en avez besoin! Puisqu\u2019il vous permet de remplir votre contenant de m\u00e9lange et d&#8217;\u00e9liminer les emballages et les d\u00e9chets inutiles, ce produit est respectueux de l&#8217;environnement tout en vous offrant des r\u00e9sultats de qualit\u00e9 sup\u00e9rieur.<\/p>\n\n\n\n<ul class=\"wp-block-list\">\n<li>M\u00e9langez selon vos besoins exacts<\/li>\n\n\n\n<li>M\u00e9langez la poudre avec de l\u2019eau pour que le bouche-pores soit aussi \u00e9pais ou aussi fin que vous le souhaitez<\/li>\n\n\n\n<li>Elle ne r\u00e9tr\u00e9cit et ne se fissure pas. Elle s\u00e8che rapidement et se ponce facilement<\/li>\n\n\n\n<li>Disponible en six couleurs<\/li>\n\n\n\n<li>L&#8217;utilisation d&#8217;une couleur de remplissage contrastante peut souvent \u00e9galement am\u00e9liorer le grain<\/li>\n\n\n\n<li>Tout ce dont vous avez besoin pour un look d&#8217;origine<\/li>\n\n\n\n<li>Non toxique, sans solvant et ininflammable<\/li>\n\n\n\n<li>Z\u00e9ro COV, z\u00e9ro d\u00e9chet<\/li>\n\n\n\n<li>R\u00e9sistant au gel gr\u00e2ce \u00e0 sa forme en poudre<\/li>\n\n\n\n<li>Plusieurs fonctions: rapi\u00e9\u00e7age, remplissage des grains et m\u00eame incrustation<\/li>\n\n\n\n<li>Utilisez pour remplir et niveler les pores des bois \u00e0 grain ouvert avant d&#8217;appliquer la finition<\/li>\n\n\n\n<li>Remplit en douceur les fissures, les trous de clous, les gouges et les bords cass\u00e9s?<\/li>\n\n\n\n<li>Dur\u00e9e de conservation illimit\u00e9e. Lorsqu&#8217;il est stock\u00e9 au sec, le bouche-pores remplissage durera ind\u00e9finiment<\/li>\n\n\n\n<li>Respectueux de l&#8217;environnement<\/li>\n<\/ul>\n\n\n\n<figure class=\"wp-block-image\"><img decoding=\"async\" src=\"https:\/\/www.dfp.ca\/wp-content\/uploads\/2020\/03\/FillerColours.png\" alt=\"Couleurs bouche-pores\"\/><\/figure>\n\n\n\n<p><\/p>\n\n\n\n<figure class=\"wp-block-table\"><table><tbody><tr><td><strong>Article<\/strong><\/td><td><strong>Description<\/strong><\/td><td><strong>Size<\/strong><\/td><td><strong>Qty\/Case<\/strong><\/td><\/tr><tr><td>689001<\/td><td>Bouche-pores en poudre pour bois &#8211; \u00c9rable\/Bouleau\/Pin<\/td><td>150g<\/td><td>6<\/td><\/tr><tr><td>689002<\/td><td>Bouche-pores en poudre pour bois &#8211; Naturel\/Base pour teindre<\/td><td>150g<\/td><td>6<\/td><\/tr><tr><td>689003<\/td><td>Bouche-pores en poudre pour bois &#8211; Ch\u00eane rouge<\/td><td>150g<\/td><td>6<\/td><\/tr><tr><td>689004<\/td><td>Bouche-pores en poudre pour bois &#8211; Eb\u00e8ne<\/td><td>150g<\/td><td>6<\/td><\/tr><tr><td>689005<\/td><td>Bouche-pores en poudre pour bois &#8211; Noyer<\/td><td>150g<\/td><td>6<\/td><\/tr><tr><td>689006<\/td><td>Bouche-pores en poudre pour bois &#8211; Ch\u00eane p\u00e2le<\/td><td>150g<\/td><td>6<\/td><\/tr><\/tbody><\/table><\/figure>\n\n\n\n<p>&nbsp;<\/p>\n","protected":false},"excerpt":{"rendered":"<p>La premi\u00e8re \u00e9tape vers une finition impeccable \u00ab Ne gaspillez pas, ne voulez pas \u00bb avec le Bouche-pores en poudre pour bois Trade SecretMC. Il ne r\u00e9tr\u00e9cit pas, ne coule pas, ne se fissure pas et a une excellente adh\u00e9rence excellente. Ce produit peut \u00eatre m\u00e9lang\u00e9 avec n&#8217;importe quel pigment, teinture \u00e0 base d&#8217;eau pour [&hellip;]<\/p>\n","protected":false},"author":1,"featured_media":0,"parent":583,"menu_order":0,"comment_status":"closed","ping_status":"closed","template":"template-left-sidebar.php","meta":{"footnotes":""},"class_list":["post-4182","page","type-page","status-publish","hentry"],"_links":{"self":[{"href":"https:\/\/www.dfp.ca\/fr\/wp-json\/wp\/v2\/pages\/4182"}],"collection":[{"href":"https:\/\/www.dfp.ca\/fr\/wp-json\/wp\/v2\/pages"}],"about":[{"href":"https:\/\/www.dfp.ca\/fr\/wp-json\/wp\/v2\/types\/page"}],"author":[{"embeddable":true,"href":"https:\/\/www.dfp.ca\/fr\/wp-json\/wp\/v2\/users\/1"}],"replies":[{"embeddable":true,"href":"https:\/\/www.dfp.ca\/fr\/wp-json\/wp\/v2\/comments?post=4182"}],"version-history":[{"count":6,"href":"https:\/\/www.dfp.ca\/fr\/wp-json\/wp\/v2\/pages\/4182\/revisions"}],"predecessor-version":[{"id":5285,"href":"https:\/\/www.dfp.ca\/fr\/wp-json\/wp\/v2\/pages\/4182\/revisions\/5285"}],"up":[{"embeddable":true,"href":"https:\/\/www.dfp.ca\/fr\/wp-json\/wp\/v2\/pages\/583"}],"wp:attachment":[{"href":"https:\/\/www.dfp.ca\/fr\/wp-json\/wp\/v2\/media?parent=4182"}],"curies":[{"name":"wp","href":"https:\/\/api.w.org\/{rel}","templated":true}]}}