{"id":4278,"date":"2021-02-23T15:03:34","date_gmt":"2021-02-23T20:03:34","guid":{"rendered":"https:\/\/www.dfp.ca\/?page_id=4278"},"modified":"2021-02-23T17:31:20","modified_gmt":"2021-02-23T22:31:20","slug":"decolorant-pour-bois","status":"publish","type":"page","link":"https:\/\/www.dfp.ca\/fr\/bois\/liquides\/decolorant-pour-bois\/","title":{"rendered":"D\u00c9COLORANT POUR BOIS"},"content":{"rendered":"<p><img decoding=\"async\" class=\"alignright\" src=\"https:\/\/www.dfp.ca\/wp-content\/uploads\/2021\/02\/WoodBleachBox-FR-311x500.png\" alt=\"Decolorant our bois\" width=\"300px\" \/><br \/>\nLe d\u00e9colorant pour bois de Goudey est un syst\u00e8me \u00e0 deux composants con\u00e7u pour supprimer la couleur naturelle du bois nu et \u00e9claircir la teinte des surfaces en bois. Avant l\u2019application, les composants peuvent \u00eatre m\u00e9lang\u00e9s dans des proportions diff\u00e9rentes afin d\u2019obtenir une action de d\u00e9coloration tr\u00e8s variable. Auto-neutralisante.<\/p>\n<p>D\u00e9colorant \u00e0 haut rendement pour bois<\/p>\n<ul>\n<li>Formule puissante<\/li>\n<li>Supprime la couleur naturelle du bois<\/li>\n<li>Facile \u00e0 utiliser<\/li>\n<li>Id\u00e9al pour les petits projets et l\u2019artisanat<\/li>\n<li>Auto-neutralisante<\/li>\n<li>1.25 L couvre 120 pieds carr\u00e9s<\/li>\n<\/ul>\n","protected":false},"excerpt":{"rendered":"<p>Le d\u00e9colorant pour bois de Goudey est un syst\u00e8me \u00e0 deux composants con\u00e7u pour supprimer la couleur naturelle du bois nu et \u00e9claircir la teinte des surfaces en bois. Avant l\u2019application, les composants peuvent \u00eatre m\u00e9lang\u00e9s dans des proportions diff\u00e9rentes afin d\u2019obtenir une action de d\u00e9coloration tr\u00e8s variable. Auto-neutralisante. D\u00e9colorant \u00e0 haut rendement pour bois [&hellip;]<\/p>\n","protected":false},"author":1,"featured_media":0,"parent":665,"menu_order":0,"comment_status":"closed","ping_status":"closed","template":"template-left-sidebar.php","meta":{"footnotes":""},"class_list":["post-4278","page","type-page","status-publish","hentry"],"_links":{"self":[{"href":"https:\/\/www.dfp.ca\/fr\/wp-json\/wp\/v2\/pages\/4278"}],"collection":[{"href":"https:\/\/www.dfp.ca\/fr\/wp-json\/wp\/v2\/pages"}],"about":[{"href":"https:\/\/www.dfp.ca\/fr\/wp-json\/wp\/v2\/types\/page"}],"author":[{"embeddable":true,"href":"https:\/\/www.dfp.ca\/fr\/wp-json\/wp\/v2\/users\/1"}],"replies":[{"embeddable":true,"href":"https:\/\/www.dfp.ca\/fr\/wp-json\/wp\/v2\/comments?post=4278"}],"version-history":[{"count":3,"href":"https:\/\/www.dfp.ca\/fr\/wp-json\/wp\/v2\/pages\/4278\/revisions"}],"predecessor-version":[{"id":4289,"href":"https:\/\/www.dfp.ca\/fr\/wp-json\/wp\/v2\/pages\/4278\/revisions\/4289"}],"up":[{"embeddable":true,"href":"https:\/\/www.dfp.ca\/fr\/wp-json\/wp\/v2\/pages\/665"}],"wp:attachment":[{"href":"https:\/\/www.dfp.ca\/fr\/wp-json\/wp\/v2\/media?parent=4278"}],"curies":[{"name":"wp","href":"https:\/\/api.w.org\/{rel}","templated":true}]}}