{"id":4368,"date":"2021-04-28T07:13:22","date_gmt":"2021-04-28T11:13:22","guid":{"rendered":"https:\/\/www.dfp.ca\/?page_id=4368"},"modified":"2024-11-06T14:29:06","modified_gmt":"2024-11-06T19:29:06","slug":"bouche-pores-clair","status":"publish","type":"page","link":"https:\/\/www.dfp.ca\/fr\/bois\/mastic-adhesifs-et-abrasifs\/remplisseurs\/bouche-pores-clair\/","title":{"rendered":"GORK&#8217;S GOODFILLA &#8211; BOUCHE-PORES CLAIR"},"content":{"rendered":"<div class=\"wp-block-image\">\n<figure class=\"alignright\"><img loading=\"lazy\" decoding=\"async\" width=\"300\" height=\"270\" src=\"https:\/\/www.dfp.ca\/wp-content\/uploads\/2021\/04\/DFP-GorksClearFiller-1L16oz-300x270.jpg\" alt=\"\" class=\"wp-image-4353\" srcset=\"https:\/\/www.dfp.ca\/wp-content\/uploads\/2021\/04\/DFP-GorksClearFiller-1L16oz-300x270.jpg 300w, https:\/\/www.dfp.ca\/wp-content\/uploads\/2021\/04\/DFP-GorksClearFiller-1L16oz-1024x920.jpg 1024w, https:\/\/www.dfp.ca\/wp-content\/uploads\/2021\/04\/DFP-GorksClearFiller-1L16oz-768x690.jpg 768w, https:\/\/www.dfp.ca\/wp-content\/uploads\/2021\/04\/DFP-GorksClearFiller-1L16oz-1536x1380.jpg 1536w, https:\/\/www.dfp.ca\/wp-content\/uploads\/2021\/04\/DFP-GorksClearFiller-1L16oz-2048x1840.jpg 2048w, https:\/\/www.dfp.ca\/wp-content\/uploads\/2021\/04\/DFP-GorksClearFiller-1L16oz-250x225.jpg 250w, https:\/\/www.dfp.ca\/wp-content\/uploads\/2021\/04\/DFP-GorksClearFiller-1L16oz-550x494.jpg 550w, https:\/\/www.dfp.ca\/wp-content\/uploads\/2021\/04\/DFP-GorksClearFiller-1L16oz-800x719.jpg 800w, https:\/\/www.dfp.ca\/wp-content\/uploads\/2021\/04\/DFP-GorksClearFiller-1L16oz-200x180.jpg 200w, https:\/\/www.dfp.ca\/wp-content\/uploads\/2021\/04\/DFP-GorksClearFiller-1L16oz-334x300.jpg 334w, https:\/\/www.dfp.ca\/wp-content\/uploads\/2021\/04\/DFP-GorksClearFiller-1L16oz-556x500.jpg 556w, https:\/\/www.dfp.ca\/wp-content\/uploads\/2021\/04\/DFP-GorksClearFiller-1L16oz-24x22.jpg 24w, https:\/\/www.dfp.ca\/wp-content\/uploads\/2021\/04\/DFP-GorksClearFiller-1L16oz-36x32.jpg 36w, https:\/\/www.dfp.ca\/wp-content\/uploads\/2021\/04\/DFP-GorksClearFiller-1L16oz-48x43.jpg 48w\" sizes=\"(max-width: 300px) 100vw, 300px\" \/><\/figure><\/div>\n\n\n<p>Le bouche-pores GoodFilla par Gork\u2019s est celui que vous recherchiez !<\/p>\n\n\n\n<p>Oubliez tout ce que vous avez appris sur la t\u00e2che ardueuse de remplissage du grain, car ce produit innovant \u00e0 base d\u2019eau vous fera gagner du temps et de l\u2019argent tout en vous \u00e9vitant des maux de t\u00eate&#8230; en vous aidant \u00e0 obtenir une finition impeccable \u00e0 chaque fois!<\/p>\n\n\n\n<p>C\u2019est tout \u00e0 fait clair &#8211; il ne donne aucune couleur ou pigment \u00e0 la finition!<\/p>\n\n\n\n<p>Les avantages sont :<\/p>\n\n\n\n<ul class=\"wp-block-list\">\n<li>Bouche-pores 100% transparent \u00e0 base d\u2019eau<\/li>\n\n\n\n<li>S\u00e8che en 15 minutes<\/li>\n\n\n\n<li>Pon\u00e7age minimal<\/li>\n\n\n\n<li>Peut \u00eatre appliqu\u00e9 entre les couches de finis<\/li>\n\n\n\n<li>Augmente l\u2019adh\u00e9rence entre la finition et le support<\/li>\n\n\n\n<li>Peut \u00eatre m\u00e9lang\u00e9 avec de la farine de bois pour remplir les pores de grains ouverts<\/li>\n\n\n\n<li>Peut \u00eatre m\u00e9lang\u00e9 avec n\u2019importe quel pigment, teinture, peinture ou colorant \u00e0 base<br>d\u2019eau \/ soluble \u00e0 l\u2019eau pour am\u00e9liorer le grain<\/li>\n\n\n\n<li>Accepte toutes les teintures et finis de la m\u00eame fa\u00e7on que le bois<\/li>\n\n\n\n<li>Ne r\u00e9tr\u00e9cit pas<\/li>\n\n\n\n<li>\u00c9conomique &#8211; Faites beaucoup avec peu<\/li>\n\n\n\n<li>\u00c9cologique, non toxique, sans COV<\/li>\n<\/ul>\n","protected":false},"excerpt":{"rendered":"<p>Le bouche-pores GoodFilla par Gork\u2019s est celui que vous recherchiez ! Oubliez tout ce que vous avez appris sur la t\u00e2che ardueuse de remplissage du grain, car ce produit innovant \u00e0 base d\u2019eau vous fera gagner du temps et de l\u2019argent tout en vous \u00e9vitant des maux de t\u00eate&#8230; en vous aidant \u00e0 obtenir une [&hellip;]<\/p>\n","protected":false},"author":1,"featured_media":0,"parent":583,"menu_order":0,"comment_status":"closed","ping_status":"closed","template":"template-left-sidebar.php","meta":{"footnotes":""},"class_list":["post-4368","page","type-page","status-publish","hentry"],"_links":{"self":[{"href":"https:\/\/www.dfp.ca\/fr\/wp-json\/wp\/v2\/pages\/4368"}],"collection":[{"href":"https:\/\/www.dfp.ca\/fr\/wp-json\/wp\/v2\/pages"}],"about":[{"href":"https:\/\/www.dfp.ca\/fr\/wp-json\/wp\/v2\/types\/page"}],"author":[{"embeddable":true,"href":"https:\/\/www.dfp.ca\/fr\/wp-json\/wp\/v2\/users\/1"}],"replies":[{"embeddable":true,"href":"https:\/\/www.dfp.ca\/fr\/wp-json\/wp\/v2\/comments?post=4368"}],"version-history":[{"count":3,"href":"https:\/\/www.dfp.ca\/fr\/wp-json\/wp\/v2\/pages\/4368\/revisions"}],"predecessor-version":[{"id":5330,"href":"https:\/\/www.dfp.ca\/fr\/wp-json\/wp\/v2\/pages\/4368\/revisions\/5330"}],"up":[{"embeddable":true,"href":"https:\/\/www.dfp.ca\/fr\/wp-json\/wp\/v2\/pages\/583"}],"wp:attachment":[{"href":"https:\/\/www.dfp.ca\/fr\/wp-json\/wp\/v2\/media?parent=4368"}],"curies":[{"name":"wp","href":"https:\/\/api.w.org\/{rel}","templated":true}]}}