{"id":4476,"date":"2021-08-06T07:28:17","date_gmt":"2021-08-06T11:28:17","guid":{"rendered":"https:\/\/www.dfp.ca\/?page_id=4476"},"modified":"2025-04-14T15:18:34","modified_gmt":"2025-04-14T19:18:34","slug":"bouche-pores-epais","status":"publish","type":"page","link":"https:\/\/www.dfp.ca\/fr\/bois\/mastic-adhesifs-et-abrasifs\/remplisseurs\/bouche-pores-epais\/","title":{"rendered":"GORK&#8217;S GOODFILLA &#8211; BOUCHES-PORES \u00c9PAIS"},"content":{"rendered":"\n<p>Voici le bouche-pores \u00e9pais que vous recherchiez!<\/p>\n\n\n<div class=\"wp-block-image\">\n<figure class=\"alignright size-medium\"><a href=\"https:\/\/www.dfp.ca\/wp-content\/uploads\/2024\/11\/GorksWGFiller-500.jpg\"><img loading=\"lazy\" decoding=\"async\" width=\"300\" height=\"300\" src=\"https:\/\/www.dfp.ca\/wp-content\/uploads\/2024\/11\/GorksWGFiller-500-300x300.jpg\" alt=\"\" class=\"wp-image-5272\" srcset=\"https:\/\/www.dfp.ca\/wp-content\/uploads\/2024\/11\/GorksWGFiller-500-300x300.jpg 300w, https:\/\/www.dfp.ca\/wp-content\/uploads\/2024\/11\/GorksWGFiller-500-150x150.jpg 150w, https:\/\/www.dfp.ca\/wp-content\/uploads\/2024\/11\/GorksWGFiller-500-24x24.jpg 24w, https:\/\/www.dfp.ca\/wp-content\/uploads\/2024\/11\/GorksWGFiller-500-36x36.jpg 36w, https:\/\/www.dfp.ca\/wp-content\/uploads\/2024\/11\/GorksWGFiller-500-48x48.jpg 48w, https:\/\/www.dfp.ca\/wp-content\/uploads\/2024\/11\/GorksWGFiller-500.jpg 500w\" sizes=\"(max-width: 300px) 100vw, 300px\" \/><\/a><\/figure><\/div>\n\n\n<p>Le bouche-pores \u00e9pais Gork\u2019s GoodFilla est un bouche-pores exceptionnel \u00e0 base d\u2019eau facile \u00e0 poncer et qui ne r\u00e9tr\u00e9cit pas. Ce bouche-pores est dot\u00e9 d\u2019une adh\u00e9rence exceptionnelle et il ne r\u00e9tr\u00e9cit pas. Contrairement aux produits \u00e0 base d\u2019\u00e9mulsion qui doivent souvent \u00eatre r\u00e9appliqu\u00e9s apr\u00e8s que le pon\u00e7age ait fait \u00ab vibrer \u00bb la r\u00e9paration, il ne n\u00e9cessite qu\u2019une seule application. Cela vous permet de gagner du temps et d\u2019\u00e9conomiser de l\u2019argent.<\/p>\n\n\n\n<ul class=\"wp-block-list\">\n<li>Le bouche-pores \u00e0 base d\u2019eau est facile \u00e0 poncer et ne r\u00e9tr\u00e9cit pas.<\/li>\n\n\n\n<li>Sauve du temps et de l\u2019argent en n\u2019appliquant qu\u2019une couche<br>contrairement aux produits concurrents qui n\u00e9cessitent plusieurs<br>applications.<\/li>\n\n\n\n<li>Peut \u00eatre recouvert avec tout type de finition, peut \u00eatre color\u00e9 et teint<br>(y compris les colorants \u00e0 base d\u2019acide tannique).<\/li>\n\n\n\n<li>Obtenez 50-70% de couverture de plus que les produits<br>\u00e0 base d\u2019\u00e9mulsion.<\/li>\n\n\n\n<li>Z\u00e9ro d\u00e9chet &#8211; GoodFilla se reconstitue \u00e0 l\u2019eau.<\/li>\n\n\n\n<li>Sans COV et non toxique.<\/li>\n\n\n\n<li>R\u00e9sistant au gel\/d\u00e9gel.<\/li>\n<\/ul>\n\n\n\n<div class=\"wp-block-columns is-layout-flex wp-container-core-columns-is-layout-1 wp-block-columns-is-layout-flex\">\n<div class=\"wp-block-column is-layout-flow wp-block-column-is-layout-flow\">\n<figure class=\"wp-block-image size-large\"><a href=\"https:\/\/www.dfp.ca\/wp-content\/uploads\/2021\/08\/white.jpg\"><img loading=\"lazy\" decoding=\"async\" width=\"600\" height=\"600\" src=\"https:\/\/www.dfp.ca\/wp-content\/uploads\/2021\/08\/white.jpg\" alt=\"\" class=\"wp-image-4463\" srcset=\"https:\/\/www.dfp.ca\/wp-content\/uploads\/2021\/08\/white.jpg 600w, https:\/\/www.dfp.ca\/wp-content\/uploads\/2021\/08\/white-300x300.jpg 300w, https:\/\/www.dfp.ca\/wp-content\/uploads\/2021\/08\/white-150x150.jpg 150w, https:\/\/www.dfp.ca\/wp-content\/uploads\/2021\/08\/white-48x48.jpg 48w, https:\/\/www.dfp.ca\/wp-content\/uploads\/2021\/08\/white-250x250.jpg 250w, https:\/\/www.dfp.ca\/wp-content\/uploads\/2021\/08\/white-550x550.jpg 550w, https:\/\/www.dfp.ca\/wp-content\/uploads\/2021\/08\/white-180x180.jpg 180w, https:\/\/www.dfp.ca\/wp-content\/uploads\/2021\/08\/white-500x500.jpg 500w, https:\/\/www.dfp.ca\/wp-content\/uploads\/2021\/08\/white-24x24.jpg 24w, https:\/\/www.dfp.ca\/wp-content\/uploads\/2021\/08\/white-36x36.jpg 36w\" sizes=\"(max-width: 600px) 100vw, 600px\" \/><\/a><figcaption class=\"wp-element-caption\"><strong>Blanc<\/strong><br>220g &#8211; 642108<br>QT &#8211; 642128<br>GA -642148*<\/figcaption><\/figure>\n<\/div>\n\n\n\n<div class=\"wp-block-column is-layout-flow wp-block-column-is-layout-flow\">\n<figure class=\"wp-block-image size-large\"><a href=\"https:\/\/www.dfp.ca\/wp-content\/uploads\/2021\/08\/0008_Alder.jpg\"><img loading=\"lazy\" decoding=\"async\" width=\"600\" height=\"600\" src=\"https:\/\/www.dfp.ca\/wp-content\/uploads\/2021\/08\/0008_Alder.jpg\" alt=\"\" class=\"wp-image-4445\" srcset=\"https:\/\/www.dfp.ca\/wp-content\/uploads\/2021\/08\/0008_Alder.jpg 600w, https:\/\/www.dfp.ca\/wp-content\/uploads\/2021\/08\/0008_Alder-300x300.jpg 300w, https:\/\/www.dfp.ca\/wp-content\/uploads\/2021\/08\/0008_Alder-150x150.jpg 150w, https:\/\/www.dfp.ca\/wp-content\/uploads\/2021\/08\/0008_Alder-48x48.jpg 48w, https:\/\/www.dfp.ca\/wp-content\/uploads\/2021\/08\/0008_Alder-250x250.jpg 250w, https:\/\/www.dfp.ca\/wp-content\/uploads\/2021\/08\/0008_Alder-550x550.jpg 550w, https:\/\/www.dfp.ca\/wp-content\/uploads\/2021\/08\/0008_Alder-180x180.jpg 180w, https:\/\/www.dfp.ca\/wp-content\/uploads\/2021\/08\/0008_Alder-500x500.jpg 500w, https:\/\/www.dfp.ca\/wp-content\/uploads\/2021\/08\/0008_Alder-24x24.jpg 24w, https:\/\/www.dfp.ca\/wp-content\/uploads\/2021\/08\/0008_Alder-36x36.jpg 36w\" sizes=\"(max-width: 600px) 100vw, 600px\" \/><\/a><figcaption class=\"wp-element-caption\"><strong>Aulne<\/strong><br>220g &#8211; 642110<br>QT &#8211; 642130<br>GA -642150*<\/figcaption><\/figure>\n<\/div>\n\n\n\n<div class=\"wp-block-column is-layout-flow wp-block-column-is-layout-flow\">\n<figure class=\"wp-block-image size-large\"><a href=\"https:\/\/www.dfp.ca\/wp-content\/uploads\/2021\/08\/0007_White-Oak.jpg\"><img loading=\"lazy\" decoding=\"async\" width=\"600\" height=\"600\" src=\"https:\/\/www.dfp.ca\/wp-content\/uploads\/2021\/08\/0007_White-Oak.jpg\" alt=\"\" class=\"wp-image-4447\" srcset=\"https:\/\/www.dfp.ca\/wp-content\/uploads\/2021\/08\/0007_White-Oak.jpg 600w, https:\/\/www.dfp.ca\/wp-content\/uploads\/2021\/08\/0007_White-Oak-300x300.jpg 300w, https:\/\/www.dfp.ca\/wp-content\/uploads\/2021\/08\/0007_White-Oak-150x150.jpg 150w, https:\/\/www.dfp.ca\/wp-content\/uploads\/2021\/08\/0007_White-Oak-48x48.jpg 48w, https:\/\/www.dfp.ca\/wp-content\/uploads\/2021\/08\/0007_White-Oak-250x250.jpg 250w, https:\/\/www.dfp.ca\/wp-content\/uploads\/2021\/08\/0007_White-Oak-550x550.jpg 550w, https:\/\/www.dfp.ca\/wp-content\/uploads\/2021\/08\/0007_White-Oak-180x180.jpg 180w, https:\/\/www.dfp.ca\/wp-content\/uploads\/2021\/08\/0007_White-Oak-500x500.jpg 500w, https:\/\/www.dfp.ca\/wp-content\/uploads\/2021\/08\/0007_White-Oak-24x24.jpg 24w, https:\/\/www.dfp.ca\/wp-content\/uploads\/2021\/08\/0007_White-Oak-36x36.jpg 36w\" sizes=\"(max-width: 600px) 100vw, 600px\" \/><\/a><figcaption class=\"wp-element-caption\"><strong>Ch\u00eane blanc<\/strong><br>220g &#8211; 642109<br>QT &#8211; 642129<br>GA -642149*<\/figcaption><\/figure>\n<\/div>\n\n\n\n<div class=\"wp-block-column is-layout-flow wp-block-column-is-layout-flow\">\n<figure class=\"wp-block-image size-large is-resized\"><a href=\"https:\/\/www.dfp.ca\/wp-content\/uploads\/2021\/08\/0006_Ebony.jpg\"><img loading=\"lazy\" decoding=\"async\" width=\"600\" height=\"600\" src=\"https:\/\/www.dfp.ca\/wp-content\/uploads\/2021\/08\/0006_Ebony.jpg\" alt=\"\" class=\"wp-image-4449\" style=\"width:220px;height:auto\" srcset=\"https:\/\/www.dfp.ca\/wp-content\/uploads\/2021\/08\/0006_Ebony.jpg 600w, https:\/\/www.dfp.ca\/wp-content\/uploads\/2021\/08\/0006_Ebony-300x300.jpg 300w, https:\/\/www.dfp.ca\/wp-content\/uploads\/2021\/08\/0006_Ebony-150x150.jpg 150w, https:\/\/www.dfp.ca\/wp-content\/uploads\/2021\/08\/0006_Ebony-48x48.jpg 48w, https:\/\/www.dfp.ca\/wp-content\/uploads\/2021\/08\/0006_Ebony-250x250.jpg 250w, https:\/\/www.dfp.ca\/wp-content\/uploads\/2021\/08\/0006_Ebony-550x550.jpg 550w, https:\/\/www.dfp.ca\/wp-content\/uploads\/2021\/08\/0006_Ebony-180x180.jpg 180w, https:\/\/www.dfp.ca\/wp-content\/uploads\/2021\/08\/0006_Ebony-500x500.jpg 500w, https:\/\/www.dfp.ca\/wp-content\/uploads\/2021\/08\/0006_Ebony-24x24.jpg 24w, https:\/\/www.dfp.ca\/wp-content\/uploads\/2021\/08\/0006_Ebony-36x36.jpg 36w\" sizes=\"(max-width: 600px) 100vw, 600px\" \/><\/a><figcaption class=\"wp-element-caption\"><strong>\u00c9b\u00e8ne<\/strong><br>220g &#8211; 642106<br>QT &#8211; 642126<br>GA -642146*<\/figcaption><\/figure>\n<\/div>\n<\/div>\n\n\n\n<div class=\"wp-block-columns is-layout-flex wp-container-core-columns-is-layout-2 wp-block-columns-is-layout-flex\">\n<div class=\"wp-block-column is-layout-flow wp-block-column-is-layout-flow\">\n<figure class=\"wp-block-image size-large\"><a href=\"https:\/\/www.dfp.ca\/wp-content\/uploads\/2021\/08\/0005_Mahogany.jpg\"><img loading=\"lazy\" decoding=\"async\" width=\"600\" height=\"600\" src=\"https:\/\/www.dfp.ca\/wp-content\/uploads\/2021\/08\/0005_Mahogany.jpg\" alt=\"\" class=\"wp-image-4451\" srcset=\"https:\/\/www.dfp.ca\/wp-content\/uploads\/2021\/08\/0005_Mahogany.jpg 600w, https:\/\/www.dfp.ca\/wp-content\/uploads\/2021\/08\/0005_Mahogany-300x300.jpg 300w, https:\/\/www.dfp.ca\/wp-content\/uploads\/2021\/08\/0005_Mahogany-150x150.jpg 150w, https:\/\/www.dfp.ca\/wp-content\/uploads\/2021\/08\/0005_Mahogany-48x48.jpg 48w, https:\/\/www.dfp.ca\/wp-content\/uploads\/2021\/08\/0005_Mahogany-250x250.jpg 250w, https:\/\/www.dfp.ca\/wp-content\/uploads\/2021\/08\/0005_Mahogany-550x550.jpg 550w, https:\/\/www.dfp.ca\/wp-content\/uploads\/2021\/08\/0005_Mahogany-180x180.jpg 180w, https:\/\/www.dfp.ca\/wp-content\/uploads\/2021\/08\/0005_Mahogany-500x500.jpg 500w, https:\/\/www.dfp.ca\/wp-content\/uploads\/2021\/08\/0005_Mahogany-24x24.jpg 24w, https:\/\/www.dfp.ca\/wp-content\/uploads\/2021\/08\/0005_Mahogany-36x36.jpg 36w\" sizes=\"(max-width: 600px) 100vw, 600px\" \/><\/a><figcaption class=\"wp-element-caption\"><strong>Acajou<\/strong><br>220g &#8211; 642100<br>QT &#8211; 642120<br>GA -642140*<\/figcaption><\/figure>\n<\/div>\n\n\n\n<div class=\"wp-block-column is-layout-flow wp-block-column-is-layout-flow\">\n<figure class=\"wp-block-image size-large\"><a href=\"https:\/\/www.dfp.ca\/wp-content\/uploads\/2021\/08\/0003_Tint-Base.jpg\"><img loading=\"lazy\" decoding=\"async\" width=\"600\" height=\"600\" src=\"https:\/\/www.dfp.ca\/wp-content\/uploads\/2021\/08\/0003_Tint-Base.jpg\" alt=\"\" class=\"wp-image-4453\" srcset=\"https:\/\/www.dfp.ca\/wp-content\/uploads\/2021\/08\/0003_Tint-Base.jpg 600w, https:\/\/www.dfp.ca\/wp-content\/uploads\/2021\/08\/0003_Tint-Base-300x300.jpg 300w, https:\/\/www.dfp.ca\/wp-content\/uploads\/2021\/08\/0003_Tint-Base-150x150.jpg 150w, https:\/\/www.dfp.ca\/wp-content\/uploads\/2021\/08\/0003_Tint-Base-48x48.jpg 48w, https:\/\/www.dfp.ca\/wp-content\/uploads\/2021\/08\/0003_Tint-Base-250x250.jpg 250w, https:\/\/www.dfp.ca\/wp-content\/uploads\/2021\/08\/0003_Tint-Base-550x550.jpg 550w, https:\/\/www.dfp.ca\/wp-content\/uploads\/2021\/08\/0003_Tint-Base-180x180.jpg 180w, https:\/\/www.dfp.ca\/wp-content\/uploads\/2021\/08\/0003_Tint-Base-500x500.jpg 500w, https:\/\/www.dfp.ca\/wp-content\/uploads\/2021\/08\/0003_Tint-Base-24x24.jpg 24w, https:\/\/www.dfp.ca\/wp-content\/uploads\/2021\/08\/0003_Tint-Base-36x36.jpg 36w\" sizes=\"(max-width: 600px) 100vw, 600px\" \/><\/a><figcaption class=\"wp-element-caption\"><strong>Naturel <br><\/strong>220g &#8211; 642104<br>QT &#8211; 642124<br>GA -642144*<\/figcaption><\/figure>\n<\/div>\n\n\n\n<div class=\"wp-block-column is-layout-flow wp-block-column-is-layout-flow\">\n<figure class=\"wp-block-image size-large\"><a href=\"https:\/\/www.dfp.ca\/wp-content\/uploads\/2021\/08\/0004_Red-Oak.jpg\"><img loading=\"lazy\" decoding=\"async\" width=\"600\" height=\"600\" src=\"https:\/\/www.dfp.ca\/wp-content\/uploads\/2021\/08\/0004_Red-Oak.jpg\" alt=\"\" class=\"wp-image-4455\" srcset=\"https:\/\/www.dfp.ca\/wp-content\/uploads\/2021\/08\/0004_Red-Oak.jpg 600w, https:\/\/www.dfp.ca\/wp-content\/uploads\/2021\/08\/0004_Red-Oak-300x300.jpg 300w, https:\/\/www.dfp.ca\/wp-content\/uploads\/2021\/08\/0004_Red-Oak-150x150.jpg 150w, https:\/\/www.dfp.ca\/wp-content\/uploads\/2021\/08\/0004_Red-Oak-48x48.jpg 48w, https:\/\/www.dfp.ca\/wp-content\/uploads\/2021\/08\/0004_Red-Oak-250x250.jpg 250w, https:\/\/www.dfp.ca\/wp-content\/uploads\/2021\/08\/0004_Red-Oak-550x550.jpg 550w, https:\/\/www.dfp.ca\/wp-content\/uploads\/2021\/08\/0004_Red-Oak-180x180.jpg 180w, https:\/\/www.dfp.ca\/wp-content\/uploads\/2021\/08\/0004_Red-Oak-500x500.jpg 500w, https:\/\/www.dfp.ca\/wp-content\/uploads\/2021\/08\/0004_Red-Oak-24x24.jpg 24w, https:\/\/www.dfp.ca\/wp-content\/uploads\/2021\/08\/0004_Red-Oak-36x36.jpg 36w\" sizes=\"(max-width: 600px) 100vw, 600px\" \/><\/a><figcaption class=\"wp-element-caption\"><strong>Ch\u00eane rouge<\/strong><br>220g &#8211; 642105<br>QT &#8211; 642125<br>GA -642145*<\/figcaption><\/figure>\n<\/div>\n\n\n\n<div class=\"wp-block-column is-layout-flow wp-block-column-is-layout-flow\">\n<figure class=\"wp-block-image size-large\"><a href=\"https:\/\/www.dfp.ca\/wp-content\/uploads\/2021\/08\/0002_Cherry.jpg\"><img loading=\"lazy\" decoding=\"async\" width=\"600\" height=\"600\" src=\"https:\/\/www.dfp.ca\/wp-content\/uploads\/2021\/08\/0002_Cherry.jpg\" alt=\"\" class=\"wp-image-4457\" srcset=\"https:\/\/www.dfp.ca\/wp-content\/uploads\/2021\/08\/0002_Cherry.jpg 600w, https:\/\/www.dfp.ca\/wp-content\/uploads\/2021\/08\/0002_Cherry-300x300.jpg 300w, https:\/\/www.dfp.ca\/wp-content\/uploads\/2021\/08\/0002_Cherry-150x150.jpg 150w, https:\/\/www.dfp.ca\/wp-content\/uploads\/2021\/08\/0002_Cherry-48x48.jpg 48w, https:\/\/www.dfp.ca\/wp-content\/uploads\/2021\/08\/0002_Cherry-250x250.jpg 250w, https:\/\/www.dfp.ca\/wp-content\/uploads\/2021\/08\/0002_Cherry-550x550.jpg 550w, https:\/\/www.dfp.ca\/wp-content\/uploads\/2021\/08\/0002_Cherry-180x180.jpg 180w, https:\/\/www.dfp.ca\/wp-content\/uploads\/2021\/08\/0002_Cherry-500x500.jpg 500w, https:\/\/www.dfp.ca\/wp-content\/uploads\/2021\/08\/0002_Cherry-24x24.jpg 24w, https:\/\/www.dfp.ca\/wp-content\/uploads\/2021\/08\/0002_Cherry-36x36.jpg 36w\" sizes=\"(max-width: 600px) 100vw, 600px\" \/><\/a><figcaption class=\"wp-element-caption\"><strong>Cerise<\/strong><br>220g &#8211; 642101<br>QT &#8211; 642121<br>GA -642141*<\/figcaption><\/figure>\n<\/div>\n<\/div>\n\n\n\n<div class=\"wp-block-columns is-layout-flex wp-container-core-columns-is-layout-3 wp-block-columns-is-layout-flex\">\n<div class=\"wp-block-column is-layout-flow wp-block-column-is-layout-flow\">\n<figure class=\"wp-block-image size-large\"><a href=\"https:\/\/www.dfp.ca\/wp-content\/uploads\/2021\/08\/0001_Maple-Pine.jpg\"><img loading=\"lazy\" decoding=\"async\" width=\"600\" height=\"600\" src=\"https:\/\/www.dfp.ca\/wp-content\/uploads\/2021\/08\/0001_Maple-Pine.jpg\" alt=\"\" class=\"wp-image-4459\" srcset=\"https:\/\/www.dfp.ca\/wp-content\/uploads\/2021\/08\/0001_Maple-Pine.jpg 600w, https:\/\/www.dfp.ca\/wp-content\/uploads\/2021\/08\/0001_Maple-Pine-300x300.jpg 300w, https:\/\/www.dfp.ca\/wp-content\/uploads\/2021\/08\/0001_Maple-Pine-150x150.jpg 150w, https:\/\/www.dfp.ca\/wp-content\/uploads\/2021\/08\/0001_Maple-Pine-48x48.jpg 48w, https:\/\/www.dfp.ca\/wp-content\/uploads\/2021\/08\/0001_Maple-Pine-250x250.jpg 250w, https:\/\/www.dfp.ca\/wp-content\/uploads\/2021\/08\/0001_Maple-Pine-550x550.jpg 550w, https:\/\/www.dfp.ca\/wp-content\/uploads\/2021\/08\/0001_Maple-Pine-180x180.jpg 180w, https:\/\/www.dfp.ca\/wp-content\/uploads\/2021\/08\/0001_Maple-Pine-500x500.jpg 500w, https:\/\/www.dfp.ca\/wp-content\/uploads\/2021\/08\/0001_Maple-Pine-24x24.jpg 24w, https:\/\/www.dfp.ca\/wp-content\/uploads\/2021\/08\/0001_Maple-Pine-36x36.jpg 36w\" sizes=\"(max-width: 600px) 100vw, 600px\" \/><\/a><figcaption class=\"wp-element-caption\"><strong>\u00c9rable \/ pin<\/strong><br>220g &#8211; 642103<br>QT &#8211; 642123<br>GA -642143*<\/figcaption><\/figure>\n<\/div>\n\n\n\n<div class=\"wp-block-column is-layout-flow wp-block-column-is-layout-flow\">\n<figure class=\"wp-block-image size-large\"><a href=\"https:\/\/www.dfp.ca\/wp-content\/uploads\/2021\/08\/0000_Walnut.jpg\"><img loading=\"lazy\" decoding=\"async\" width=\"600\" height=\"600\" src=\"https:\/\/www.dfp.ca\/wp-content\/uploads\/2021\/08\/0000_Walnut.jpg\" alt=\"\" class=\"wp-image-4461\" srcset=\"https:\/\/www.dfp.ca\/wp-content\/uploads\/2021\/08\/0000_Walnut.jpg 600w, https:\/\/www.dfp.ca\/wp-content\/uploads\/2021\/08\/0000_Walnut-300x300.jpg 300w, https:\/\/www.dfp.ca\/wp-content\/uploads\/2021\/08\/0000_Walnut-150x150.jpg 150w, https:\/\/www.dfp.ca\/wp-content\/uploads\/2021\/08\/0000_Walnut-48x48.jpg 48w, https:\/\/www.dfp.ca\/wp-content\/uploads\/2021\/08\/0000_Walnut-250x250.jpg 250w, https:\/\/www.dfp.ca\/wp-content\/uploads\/2021\/08\/0000_Walnut-550x550.jpg 550w, https:\/\/www.dfp.ca\/wp-content\/uploads\/2021\/08\/0000_Walnut-180x180.jpg 180w, https:\/\/www.dfp.ca\/wp-content\/uploads\/2021\/08\/0000_Walnut-500x500.jpg 500w, https:\/\/www.dfp.ca\/wp-content\/uploads\/2021\/08\/0000_Walnut-24x24.jpg 24w, https:\/\/www.dfp.ca\/wp-content\/uploads\/2021\/08\/0000_Walnut-36x36.jpg 36w\" sizes=\"(max-width: 600px) 100vw, 600px\" \/><\/a><figcaption class=\"wp-element-caption\"><strong>Noyer<\/strong><br>220g &#8211; 642107<br>QT &#8211; 642127<br>GA -642147*<\/figcaption><\/figure>\n<\/div>\n\n\n\n<div class=\"wp-block-column is-layout-flow wp-block-column-is-layout-flow\">\n<figure class=\"wp-block-image size-full\"><a href=\"https:\/\/www.dfp.ca\/wp-content\/uploads\/2024\/11\/GorksGoodfilla_ash.jpg\"><img loading=\"lazy\" decoding=\"async\" width=\"259\" height=\"259\" src=\"https:\/\/www.dfp.ca\/wp-content\/uploads\/2024\/11\/GorksGoodfilla_ash.jpg\" alt=\"\" class=\"wp-image-5333\" srcset=\"https:\/\/www.dfp.ca\/wp-content\/uploads\/2024\/11\/GorksGoodfilla_ash.jpg 259w, https:\/\/www.dfp.ca\/wp-content\/uploads\/2024\/11\/GorksGoodfilla_ash-150x150.jpg 150w, https:\/\/www.dfp.ca\/wp-content\/uploads\/2024\/11\/GorksGoodfilla_ash-24x24.jpg 24w, https:\/\/www.dfp.ca\/wp-content\/uploads\/2024\/11\/GorksGoodfilla_ash-36x36.jpg 36w, https:\/\/www.dfp.ca\/wp-content\/uploads\/2024\/11\/GorksGoodfilla_ash-48x48.jpg 48w\" sizes=\"(max-width: 259px) 100vw, 259px\" \/><\/a><figcaption class=\"wp-element-caption\"><strong>Fr\u00eane<\/strong><br>220g &#8211; 642102<br>QT &#8211; 642122<br>GA -642142*<\/figcaption><\/figure>\n<\/div>\n\n\n\n<div class=\"wp-block-column is-layout-flow wp-block-column-is-layout-flow\"><\/div>\n<\/div>\n\n\n\n<p>* Commande sp\u00e9cial&nbsp;<\/p>\n","protected":false},"excerpt":{"rendered":"<p>Voici le bouche-pores \u00e9pais que vous recherchiez! Le bouche-pores \u00e9pais Gork\u2019s GoodFilla est un bouche-pores exceptionnel \u00e0 base d\u2019eau facile \u00e0 poncer et qui ne r\u00e9tr\u00e9cit pas. Ce bouche-pores est dot\u00e9 d\u2019une adh\u00e9rence exceptionnelle et il ne r\u00e9tr\u00e9cit pas. Contrairement aux produits \u00e0 base d\u2019\u00e9mulsion qui doivent souvent \u00eatre r\u00e9appliqu\u00e9s apr\u00e8s que le pon\u00e7age ait [&hellip;]<\/p>\n","protected":false},"author":1,"featured_media":0,"parent":583,"menu_order":0,"comment_status":"closed","ping_status":"closed","template":"template-left-sidebar.php","meta":{"footnotes":""},"class_list":["post-4476","page","type-page","status-publish","hentry"],"_links":{"self":[{"href":"https:\/\/www.dfp.ca\/fr\/wp-json\/wp\/v2\/pages\/4476"}],"collection":[{"href":"https:\/\/www.dfp.ca\/fr\/wp-json\/wp\/v2\/pages"}],"about":[{"href":"https:\/\/www.dfp.ca\/fr\/wp-json\/wp\/v2\/types\/page"}],"author":[{"embeddable":true,"href":"https:\/\/www.dfp.ca\/fr\/wp-json\/wp\/v2\/users\/1"}],"replies":[{"embeddable":true,"href":"https:\/\/www.dfp.ca\/fr\/wp-json\/wp\/v2\/comments?post=4476"}],"version-history":[{"count":5,"href":"https:\/\/www.dfp.ca\/fr\/wp-json\/wp\/v2\/pages\/4476\/revisions"}],"predecessor-version":[{"id":5582,"href":"https:\/\/www.dfp.ca\/fr\/wp-json\/wp\/v2\/pages\/4476\/revisions\/5582"}],"up":[{"embeddable":true,"href":"https:\/\/www.dfp.ca\/fr\/wp-json\/wp\/v2\/pages\/583"}],"wp:attachment":[{"href":"https:\/\/www.dfp.ca\/fr\/wp-json\/wp\/v2\/media?parent=4476"}],"curies":[{"name":"wp","href":"https:\/\/api.w.org\/{rel}","templated":true}]}}