{"id":4526,"date":"2022-05-17T19:08:20","date_gmt":"2022-05-17T23:08:20","guid":{"rendered":"https:\/\/www.dfp.ca\/?page_id=4526"},"modified":"2024-11-08T04:57:25","modified_gmt":"2024-11-08T09:57:25","slug":"colle-epoxy-5-minutes","status":"publish","type":"page","link":"https:\/\/www.dfp.ca\/fr\/bois\/mastic-adhesifs-et-abrasifs\/colles-2\/colle-epoxy-5-minutes\/","title":{"rendered":"PC \u00c9poxy liquide transparent"},"content":{"rendered":"\n<div class=\"wp-block-columns is-layout-flex wp-container-core-columns-is-layout-1 wp-block-columns-is-layout-flex\">\n<div class=\"wp-block-column is-layout-flow wp-block-column-is-layout-flow\">\n<p>PC-Clear\u2122 est un syst\u00e8me \u00e9poxyde liquide de viscosit\u00e9 moyenne avec une plus grande clart\u00e9 que les autres produits \u00e9poxydes. Il est excellent pour les r\u00e9parations et les projets qui doivent \u00eatre moins visibles comme les objets d\u2019art ou les articles de collection. L&#8217;\u00e9poxy PC-Clear\u2122 est \u00e0 durcissement rapide, mais laisse suffisamment de temps pour appliquer et positionner la r\u00e9paration. Une fois durci, l\u2019\u00e9poxy ne devient pas friable, mais PC- Clear\u2122 forme un joint r\u00e9silient et r\u00e9sistant. PC-Clear\u2122 peut \u00eatre utilis\u00e9 pour d\u2019autres types de r\u00e9parations que celles qui sont critiques d\u2019un point de vue cosm\u00e9tique, mais aussi pour des r\u00e9parations automobiles, de construction et d\u2019usine. <\/p>\n\n\n\n<p>Utilisez PC-Clear\u2122 lorsque vous \u00eates pr\u00e9occup\u00e9 par l\u2019aspect final de votre r\u00e9paration et que vous recherchez un \u00e9poxy liquide. Le temps de reprise est d\u2019environ 4 minutes et le temps de durcissement d&#8217;une heure.<\/p>\n<\/div>\n\n\n\n<div class=\"wp-block-column is-layout-flow wp-block-column-is-layout-flow\">\n<figure class=\"wp-block-image size-large is-resized\"><a href=\"https:\/\/www.dfp.ca\/wp-content\/uploads\/2022\/05\/pc-clear.jpg\"><img loading=\"lazy\" decoding=\"async\" width=\"500\" height=\"500\" src=\"https:\/\/www.dfp.ca\/wp-content\/uploads\/2022\/05\/pc-clear.jpg\" alt=\"\" class=\"wp-image-4522\" style=\"width:375px;height:375px\" srcset=\"https:\/\/www.dfp.ca\/wp-content\/uploads\/2022\/05\/pc-clear.jpg 500w, https:\/\/www.dfp.ca\/wp-content\/uploads\/2022\/05\/pc-clear-300x300.jpg 300w, https:\/\/www.dfp.ca\/wp-content\/uploads\/2022\/05\/pc-clear-150x150.jpg 150w, https:\/\/www.dfp.ca\/wp-content\/uploads\/2022\/05\/pc-clear-48x48.jpg 48w, https:\/\/www.dfp.ca\/wp-content\/uploads\/2022\/05\/pc-clear-250x250.jpg 250w, https:\/\/www.dfp.ca\/wp-content\/uploads\/2022\/05\/pc-clear-180x180.jpg 180w, https:\/\/www.dfp.ca\/wp-content\/uploads\/2022\/05\/pc-clear-24x24.jpg 24w, https:\/\/www.dfp.ca\/wp-content\/uploads\/2022\/05\/pc-clear-36x36.jpg 36w\" sizes=\"(max-width: 500px) 100vw, 500px\" \/><\/a><\/figure>\n<\/div>\n<\/div>\n\n\n\n<ul id=\"block-67c4cd00-a206-4a02-8c05-98758ead4213\" class=\"wp-block-list\">\n<li>\u00c9poxy clair<\/li>\n\n\n\n<li>Un \u00e9poxy liquide est clair avec la force similaire \u00e0 des \u00e9poxydes en p\u00e2te<\/li>\n\n\n\n<li>Colle facilement le m\u00e9tal, verre, c\u00e9ramiques, b\u00e9ton, tissus et bois<\/li>\n\n\n\n<li>Imperm\u00e9able lorsque s\u00e8che<\/li>\n\n\n\n<li>Temps de travail de 4 minutes<\/li>\n\n\n\n<li>Compl\u00e8tement durcit en 1 heure<\/li>\n\n\n\n<li>Tout usage<\/li>\n<\/ul>\n\n\n\n<figure class=\"wp-block-table\"><table class=\"has-fixed-layout\"><tbody><tr><td><strong>Article<\/strong><\/td><td><strong>Description<\/strong><\/td><td><strong>Format<\/strong><\/td><\/tr><tr><td>701022<\/td><td>PC Clear &#8211; \u00c9poxy liquide transparent <\/td><td>1 oz<\/td><\/tr><tr><td>701023<\/td><td>PC Clear &#8211; \u00c9poxy liquide transparent <\/td><td>2 0z<\/td><\/tr><\/tbody><\/table><\/figure>\n\n\n\n<p><\/p>\n","protected":false},"excerpt":{"rendered":"<p>PC-Clear\u2122 est un syst\u00e8me \u00e9poxyde liquide de viscosit\u00e9 moyenne avec une plus grande clart\u00e9 que les autres produits \u00e9poxydes. Il est excellent pour les r\u00e9parations et les projets qui doivent \u00eatre moins visibles comme les objets d\u2019art ou les articles de collection. L&#8217;\u00e9poxy PC-Clear\u2122 est \u00e0 durcissement rapide, mais laisse suffisamment de temps pour appliquer [&hellip;]<\/p>\n","protected":false},"author":1,"featured_media":0,"parent":4541,"menu_order":0,"comment_status":"closed","ping_status":"closed","template":"template-left-sidebar.php","meta":{"footnotes":""},"class_list":["post-4526","page","type-page","status-publish","hentry"],"_links":{"self":[{"href":"https:\/\/www.dfp.ca\/fr\/wp-json\/wp\/v2\/pages\/4526"}],"collection":[{"href":"https:\/\/www.dfp.ca\/fr\/wp-json\/wp\/v2\/pages"}],"about":[{"href":"https:\/\/www.dfp.ca\/fr\/wp-json\/wp\/v2\/types\/page"}],"author":[{"embeddable":true,"href":"https:\/\/www.dfp.ca\/fr\/wp-json\/wp\/v2\/users\/1"}],"replies":[{"embeddable":true,"href":"https:\/\/www.dfp.ca\/fr\/wp-json\/wp\/v2\/comments?post=4526"}],"version-history":[{"count":4,"href":"https:\/\/www.dfp.ca\/fr\/wp-json\/wp\/v2\/pages\/4526\/revisions"}],"predecessor-version":[{"id":5479,"href":"https:\/\/www.dfp.ca\/fr\/wp-json\/wp\/v2\/pages\/4526\/revisions\/5479"}],"up":[{"embeddable":true,"href":"https:\/\/www.dfp.ca\/fr\/wp-json\/wp\/v2\/pages\/4541"}],"wp:attachment":[{"href":"https:\/\/www.dfp.ca\/fr\/wp-json\/wp\/v2\/media?parent=4526"}],"curies":[{"name":"wp","href":"https:\/\/api.w.org\/{rel}","templated":true}]}}