{"id":4541,"date":"2022-05-17T19:34:19","date_gmt":"2022-05-17T23:34:19","guid":{"rendered":"https:\/\/www.dfp.ca\/bois\/mastic-adhesifs-et-abrasifs\/colles-2\/"},"modified":"2024-11-09T10:43:26","modified_gmt":"2024-11-09T15:43:26","slug":"colles-2","status":"publish","type":"page","link":"https:\/\/www.dfp.ca\/fr\/bois\/mastic-adhesifs-et-abrasifs\/colles-2\/","title":{"rendered":"COLLES"},"content":{"rendered":"\n<div class=\"wp-block-columns is-layout-flex wp-container-core-columns-is-layout-1 wp-block-columns-is-layout-flex\">\n<div class=\"wp-block-column is-layout-flow wp-block-column-is-layout-flow\"><div class=\"wp-block-image\">\n<figure class=\"aligncenter size-full\"><a href=\"https:\/\/www.dfp.ca\/fr\/bois\/mastic-adhesifs-et-abrasifs\/colles-2\/colle-blanc\/\"><img loading=\"lazy\" decoding=\"async\" width=\"500\" height=\"500\" src=\"https:\/\/www.dfp.ca\/wp-content\/uploads\/2024\/01\/WhiteGlue2024.jpg\" alt=\"\" class=\"wp-image-4858\" srcset=\"https:\/\/www.dfp.ca\/wp-content\/uploads\/2024\/01\/WhiteGlue2024.jpg 500w, https:\/\/www.dfp.ca\/wp-content\/uploads\/2024\/01\/WhiteGlue2024-300x300.jpg 300w, https:\/\/www.dfp.ca\/wp-content\/uploads\/2024\/01\/WhiteGlue2024-150x150.jpg 150w, https:\/\/www.dfp.ca\/wp-content\/uploads\/2024\/01\/WhiteGlue2024-24x24.jpg 24w, https:\/\/www.dfp.ca\/wp-content\/uploads\/2024\/01\/WhiteGlue2024-36x36.jpg 36w, https:\/\/www.dfp.ca\/wp-content\/uploads\/2024\/01\/WhiteGlue2024-48x48.jpg 48w\" sizes=\"(max-width: 500px) 100vw, 500px\" \/><\/a><\/figure><\/div>\n\n\n<p class=\"has-text-align-center\" style=\"font-size:1.5em\"><strong><a href=\"https:\/\/www.dfp.ca\/fr\/bois\/mastic-adhesifs-et-abrasifs\/colles\/colle-blanc\/\">COLLE BLANCHE<\/a><\/strong><\/p>\n<\/div>\n\n\n\n<div class=\"wp-block-column is-layout-flow wp-block-column-is-layout-flow\">\n<figure class=\"wp-block-image size-full\"><a href=\"https:\/\/www.dfp.ca\/fr\/bois\/mastic-adhesifs-et-abrasifs\/colles-2\/colle-epoxy-5-minutes\/\"><img loading=\"lazy\" decoding=\"async\" width=\"500\" height=\"500\" src=\"https:\/\/www.dfp.ca\/wp-content\/uploads\/2024\/11\/PC_clear-500.jpg\" alt=\"\" class=\"wp-image-5461\" srcset=\"https:\/\/www.dfp.ca\/wp-content\/uploads\/2024\/11\/PC_clear-500.jpg 500w, https:\/\/www.dfp.ca\/wp-content\/uploads\/2024\/11\/PC_clear-500-300x300.jpg 300w, https:\/\/www.dfp.ca\/wp-content\/uploads\/2024\/11\/PC_clear-500-150x150.jpg 150w, https:\/\/www.dfp.ca\/wp-content\/uploads\/2024\/11\/PC_clear-500-24x24.jpg 24w, https:\/\/www.dfp.ca\/wp-content\/uploads\/2024\/11\/PC_clear-500-36x36.jpg 36w, https:\/\/www.dfp.ca\/wp-content\/uploads\/2024\/11\/PC_clear-500-48x48.jpg 48w\" sizes=\"(max-width: 500px) 100vw, 500px\" \/><\/a><\/figure>\n\n\n\n<p class=\"has-text-align-center\" style=\"font-size:1.5em\"><strong><a href=\"https:\/\/www.dfp.ca\/fr\/bois\/mastic-adhesifs-et-abrasifs\/colles\/colle-epoxy-5-minutes\/\">PC \u00c9POXY LIQUIDE TRANSPARENT<\/a><\/strong><\/p>\n<\/div>\n\n\n\n<div class=\"wp-block-column is-layout-flow wp-block-column-is-layout-flow\"><div class=\"wp-block-image\">\n<figure class=\"aligncenter size-full\"><a href=\"https:\/\/www.dfp.ca\/fr\/bois\/mastic-adhesifs-et-abrasifs\/colles-2\/pc-colle-et-epoxyde\/\"><img loading=\"lazy\" decoding=\"async\" width=\"500\" height=\"500\" src=\"https:\/\/www.dfp.ca\/wp-content\/uploads\/2024\/11\/PC-GluesEpoxies-500.jpg\" alt=\"\" class=\"wp-image-5465\" srcset=\"https:\/\/www.dfp.ca\/wp-content\/uploads\/2024\/11\/PC-GluesEpoxies-500.jpg 500w, https:\/\/www.dfp.ca\/wp-content\/uploads\/2024\/11\/PC-GluesEpoxies-500-300x300.jpg 300w, https:\/\/www.dfp.ca\/wp-content\/uploads\/2024\/11\/PC-GluesEpoxies-500-150x150.jpg 150w, https:\/\/www.dfp.ca\/wp-content\/uploads\/2024\/11\/PC-GluesEpoxies-500-24x24.jpg 24w, https:\/\/www.dfp.ca\/wp-content\/uploads\/2024\/11\/PC-GluesEpoxies-500-36x36.jpg 36w, https:\/\/www.dfp.ca\/wp-content\/uploads\/2024\/11\/PC-GluesEpoxies-500-48x48.jpg 48w\" sizes=\"(max-width: 500px) 100vw, 500px\" \/><\/a><\/figure><\/div>\n\n\n<p class=\"has-text-align-center\" style=\"font-size:1.5em\"><strong><a href=\"https:\/\/www.dfp.ca\/fr\/bois\/mastic-adhesifs-et-abrasifs\/colles-2\/pc-colle-et-epoxyde\/\" data-type=\"page\" data-id=\"5442\">PC UNIVERSAL<br>ET SUPER EPOXY<\/a><\/strong><\/p>\n<\/div>\n<\/div>\n\n\n\n<div class=\"wp-block-columns is-layout-flex wp-container-core-columns-is-layout-2 wp-block-columns-is-layout-flex\">\n<div class=\"wp-block-column is-layout-flow wp-block-column-is-layout-flow\"><div class=\"wp-block-image\">\n<figure class=\"aligncenter size-full\"><a href=\"https:\/\/www.dfp.ca\/fr\/bois\/mastic-adhesifs-et-abrasifs\/colles\/adhesif-en-aerosol-470\/\"><img loading=\"lazy\" decoding=\"async\" width=\"500\" height=\"500\" src=\"https:\/\/www.dfp.ca\/wp-content\/uploads\/2024\/11\/Sluyter-470-500.jpg\" alt=\"\" class=\"wp-image-5469\" srcset=\"https:\/\/www.dfp.ca\/wp-content\/uploads\/2024\/11\/Sluyter-470-500.jpg 500w, https:\/\/www.dfp.ca\/wp-content\/uploads\/2024\/11\/Sluyter-470-500-300x300.jpg 300w, https:\/\/www.dfp.ca\/wp-content\/uploads\/2024\/11\/Sluyter-470-500-150x150.jpg 150w, https:\/\/www.dfp.ca\/wp-content\/uploads\/2024\/11\/Sluyter-470-500-24x24.jpg 24w, https:\/\/www.dfp.ca\/wp-content\/uploads\/2024\/11\/Sluyter-470-500-36x36.jpg 36w, https:\/\/www.dfp.ca\/wp-content\/uploads\/2024\/11\/Sluyter-470-500-48x48.jpg 48w\" sizes=\"(max-width: 500px) 100vw, 500px\" \/><\/a><\/figure><\/div>\n\n\n<p class=\"has-text-align-center\" style=\"font-size:1.5em\"><strong><a href=\"https:\/\/www.dfp.ca\/fr\/bois\/mastic-adhesifs-et-abrasifs\/colles\/adhesif-en-aerosol-470\/\">ADH\u00c9SIF<\/a><\/strong><br><strong><a href=\"https:\/\/www.dfp.ca\/fr\/bois\/mastic-adhesifs-et-abrasifs\/colles\/adhesif-en-aerosol-470\/\">EN A\u00c9ROSOL<\/a><\/strong><\/p>\n<\/div>\n\n\n\n<div class=\"wp-block-column is-layout-flow wp-block-column-is-layout-flow\">\n<figure class=\"wp-block-image size-full\"><a href=\"https:\/\/www.dfp.ca\/fr\/bois\/mastic-adhesifs-et-abrasifs\/colles-2\/adhesives-mitrebond\/\"><img loading=\"lazy\" decoding=\"async\" width=\"500\" height=\"500\" src=\"https:\/\/www.dfp.ca\/wp-content\/uploads\/2024\/11\/MitreBond-500.jpg\" alt=\"\" class=\"wp-image-5467\" srcset=\"https:\/\/www.dfp.ca\/wp-content\/uploads\/2024\/11\/MitreBond-500.jpg 500w, https:\/\/www.dfp.ca\/wp-content\/uploads\/2024\/11\/MitreBond-500-300x300.jpg 300w, https:\/\/www.dfp.ca\/wp-content\/uploads\/2024\/11\/MitreBond-500-150x150.jpg 150w, https:\/\/www.dfp.ca\/wp-content\/uploads\/2024\/11\/MitreBond-500-24x24.jpg 24w, https:\/\/www.dfp.ca\/wp-content\/uploads\/2024\/11\/MitreBond-500-36x36.jpg 36w, https:\/\/www.dfp.ca\/wp-content\/uploads\/2024\/11\/MitreBond-500-48x48.jpg 48w\" sizes=\"(max-width: 500px) 100vw, 500px\" \/><\/a><\/figure>\n\n\n\n<p class=\"has-text-align-center\" style=\"font-size:1.5em\"><a href=\"https:\/\/www.dfp.ca\/fr\/bois\/mastic-adhesifs-et-abrasifs\/colles-2\/adhesives-mitrebond\/\" data-type=\"page\" data-id=\"5443\"><strong>ADHESIVE<\/strong><br><strong>MITREBOND<\/strong><\/a><\/p>\n<\/div>\n\n\n\n<div class=\"wp-block-column is-layout-flow wp-block-column-is-layout-flow\"><\/div>\n<\/div>\n\n\n\n<p><\/p>\n","protected":false},"excerpt":{"rendered":"<p>COLLE BLANCHE PC \u00c9POXY LIQUIDE TRANSPARENT PC UNIVERSALET SUPER EPOXY ADH\u00c9SIFEN A\u00c9ROSOL ADHESIVEMITREBOND<\/p>\n","protected":false},"author":1,"featured_media":0,"parent":576,"menu_order":0,"comment_status":"closed","ping_status":"closed","template":"template-left-sidebar.php","meta":{"footnotes":""},"class_list":["post-4541","page","type-page","status-publish","hentry"],"_links":{"self":[{"href":"https:\/\/www.dfp.ca\/fr\/wp-json\/wp\/v2\/pages\/4541"}],"collection":[{"href":"https:\/\/www.dfp.ca\/fr\/wp-json\/wp\/v2\/pages"}],"about":[{"href":"https:\/\/www.dfp.ca\/fr\/wp-json\/wp\/v2\/types\/page"}],"author":[{"embeddable":true,"href":"https:\/\/www.dfp.ca\/fr\/wp-json\/wp\/v2\/users\/1"}],"replies":[{"embeddable":true,"href":"https:\/\/www.dfp.ca\/fr\/wp-json\/wp\/v2\/comments?post=4541"}],"version-history":[{"count":5,"href":"https:\/\/www.dfp.ca\/fr\/wp-json\/wp\/v2\/pages\/4541\/revisions"}],"predecessor-version":[{"id":5493,"href":"https:\/\/www.dfp.ca\/fr\/wp-json\/wp\/v2\/pages\/4541\/revisions\/5493"}],"up":[{"embeddable":true,"href":"https:\/\/www.dfp.ca\/fr\/wp-json\/wp\/v2\/pages\/576"}],"wp:attachment":[{"href":"https:\/\/www.dfp.ca\/fr\/wp-json\/wp\/v2\/media?parent=4541"}],"curies":[{"name":"wp","href":"https:\/\/api.w.org\/{rel}","templated":true}]}}