{"id":465,"date":"2016-07-04T13:00:00","date_gmt":"2016-07-04T17:00:00","guid":{"rendered":"http:\/\/www.dfp.ca\/fr\/?page_id=465"},"modified":"2024-11-06T09:03:02","modified_gmt":"2024-11-06T14:03:02","slug":"marqueur-de-retouche-remplissable","status":"publish","type":"page","link":"https:\/\/www.dfp.ca\/fr\/bois\/retouche\/marqueurs\/marqueur-de-retouche-remplissable\/","title":{"rendered":"MARQUEURS DE RETOUCHE REMPLISSABLES"},"content":{"rendered":"\n<div class=\"wp-block-media-text has-media-on-the-right is-stacked-on-mobile\"><div class=\"wp-block-media-text__content\">\n<p>Remplissez ces marqueurs avec vos propres teintures et couleurs que vous utilisez pendant la production afin d\u2019assurer une r\u00e9paration parfaite. Ils sont excellents pour retoucher les bords us\u00e9s, les \u00e9raflures, les \u00e9gratignures, les entailles, etc. Ces marqueurs sont dot\u00e9s d\u2019une valve &#8211; ainsi, quand la pointe est press\u00e9e, la soupape s\u2019ouvre pour laisser s\u2019\u00e9couler le mat\u00e9riel. Nos marqueurs \u00e0 pointe synth\u00e9tique vous permettent de travailler avec des produits de viscosit\u00e9 variable, allant des teintures \u00e0 base de colorant jusqu\u2019aux finis pigment\u00e9s plus \u00e9pais.<\/p>\n\n\n\n<ul class=\"wp-block-list\">\n<li>Les marqueurs de retouche remplissables sont polyvalents et faciles \u00e0 utiliser. Ils constituent le choix ultime pour les travaux de retouche de pr\u00e9cision personnalis\u00e9s et permettent d\u2019obtenir des r\u00e9sultats de qualit\u00e9 professionnelle.&nbsp;<\/li>\n\n\n\n<li>Ils sont dot\u00e9s d\u2019un tube en aluminium qui peut contenir jusqu\u2019\u00e0 10 ml de votre propre fini, teinture ou peinture.&nbsp;<\/li>\n\n\n\n<li>Chaque marqueur comprend : un tube en aluminium, une valve, une pointe, un capuchon et un roulement \u00e0 billes<\/li>\n<\/ul>\n<\/div><figure class=\"wp-block-media-text__media\"><img loading=\"lazy\" decoding=\"async\" width=\"682\" height=\"1000\" src=\"https:\/\/www.dfp.ca\/wp-content\/uploads\/2024\/11\/771001-FillYoourOwnMarker-2024.jpg\" alt=\"Marqueur de retouche remplissable\" class=\"wp-image-5238 size-full\" srcset=\"https:\/\/www.dfp.ca\/wp-content\/uploads\/2024\/11\/771001-FillYoourOwnMarker-2024.jpg 682w, https:\/\/www.dfp.ca\/wp-content\/uploads\/2024\/11\/771001-FillYoourOwnMarker-2024-205x300.jpg 205w, https:\/\/www.dfp.ca\/wp-content\/uploads\/2024\/11\/771001-FillYoourOwnMarker-2024-16x24.jpg 16w, https:\/\/www.dfp.ca\/wp-content\/uploads\/2024\/11\/771001-FillYoourOwnMarker-2024-25x36.jpg 25w, https:\/\/www.dfp.ca\/wp-content\/uploads\/2024\/11\/771001-FillYoourOwnMarker-2024-33x48.jpg 33w\" sizes=\"(max-width: 682px) 100vw, 682px\" \/><\/figure><\/div>\n\n\n\n<figure class=\"wp-block-table\"><table class=\"has-fixed-layout\"><tbody><tr><td><strong>Article<\/strong><\/td><td><strong>Description<\/strong><\/td><\/tr><tr><td>771001<\/td><td>Marqueur de retouche remplissable<\/td><\/tr><\/tbody><\/table><\/figure>\n\n\n\n<p><\/p>\n","protected":false},"excerpt":{"rendered":"<p>Article Description 771001 Marqueur de retouche remplissable<\/p>\n","protected":false},"author":1,"featured_media":0,"parent":287,"menu_order":0,"comment_status":"closed","ping_status":"closed","template":"template-left-sidebar.php","meta":{"footnotes":""},"class_list":["post-465","page","type-page","status-publish","hentry"],"_links":{"self":[{"href":"https:\/\/www.dfp.ca\/fr\/wp-json\/wp\/v2\/pages\/465"}],"collection":[{"href":"https:\/\/www.dfp.ca\/fr\/wp-json\/wp\/v2\/pages"}],"about":[{"href":"https:\/\/www.dfp.ca\/fr\/wp-json\/wp\/v2\/types\/page"}],"author":[{"embeddable":true,"href":"https:\/\/www.dfp.ca\/fr\/wp-json\/wp\/v2\/users\/1"}],"replies":[{"embeddable":true,"href":"https:\/\/www.dfp.ca\/fr\/wp-json\/wp\/v2\/comments?post=465"}],"version-history":[{"count":3,"href":"https:\/\/www.dfp.ca\/fr\/wp-json\/wp\/v2\/pages\/465\/revisions"}],"predecessor-version":[{"id":5241,"href":"https:\/\/www.dfp.ca\/fr\/wp-json\/wp\/v2\/pages\/465\/revisions\/5241"}],"up":[{"embeddable":true,"href":"https:\/\/www.dfp.ca\/fr\/wp-json\/wp\/v2\/pages\/287"}],"wp:attachment":[{"href":"https:\/\/www.dfp.ca\/fr\/wp-json\/wp\/v2\/media?parent=465"}],"curies":[{"name":"wp","href":"https:\/\/api.w.org\/{rel}","templated":true}]}}