{"id":485,"date":"2016-07-04T13:22:06","date_gmt":"2016-07-04T17:22:06","guid":{"rendered":"http:\/\/www.dfp.ca\/fr\/?page_id=485"},"modified":"2024-12-21T11:00:25","modified_gmt":"2024-12-21T16:00:25","slug":"reparation","status":"publish","type":"page","link":"https:\/\/www.dfp.ca\/fr\/bois\/reparation\/","title":{"rendered":"R\u00c9PARATION"},"content":{"rendered":"\n<div class=\"wp-block-columns is-layout-flex wp-container-core-columns-is-layout-1 wp-block-columns-is-layout-flex\">\n<div class=\"wp-block-column is-layout-flow wp-block-column-is-layout-flow\">\n<figure class=\"wp-block-image size-full is-resized\"><a href=\"https:\/\/www.dfp.ca\/fr\/cuir\/reparation-et-retouche-de-cuir\/trousse-de-reparation\/\"><img loading=\"lazy\" decoding=\"async\" width=\"500\" height=\"500\" src=\"https:\/\/www.dfp.ca\/wp-content\/uploads\/2024\/11\/793200-500.jpg\" alt=\"\" class=\"wp-image-5249\" style=\"width:295px;height:auto\" srcset=\"https:\/\/www.dfp.ca\/wp-content\/uploads\/2024\/11\/793200-500.jpg 500w, https:\/\/www.dfp.ca\/wp-content\/uploads\/2024\/11\/793200-500-300x300.jpg 300w, https:\/\/www.dfp.ca\/wp-content\/uploads\/2024\/11\/793200-500-150x150.jpg 150w, https:\/\/www.dfp.ca\/wp-content\/uploads\/2024\/11\/793200-500-24x24.jpg 24w, https:\/\/www.dfp.ca\/wp-content\/uploads\/2024\/11\/793200-500-36x36.jpg 36w, https:\/\/www.dfp.ca\/wp-content\/uploads\/2024\/11\/793200-500-48x48.jpg 48w\" sizes=\"(max-width: 500px) 100vw, 500px\" \/><\/a><\/figure>\n\n\n\n<p class=\"has-text-align-center\" style=\"font-size:1.5em\"><a href=\"https:\/\/www.dfp.ca\/fr\/cuir\/reparation-et-retouche-de-cuir\/trousse-de-reparation\/trousse-de-reparation-rapide-pour-le-cuir-et-vinyle\/\" data-type=\"page\" data-id=\"1223\"><strong>TROUSSE DE R\u00c9PARATION RAPIDE<\/strong><\/a><\/p>\n<\/div>\n\n\n\n<div class=\"wp-block-column is-layout-flow wp-block-column-is-layout-flow\">\n<figure class=\"wp-block-image size-full is-resized\"><a href=\"https:\/\/www.dfp.ca\/fr\/bois\/reparation\/pinceaux\/pinceaux-a-poils-de-zibeline\/\"><img loading=\"lazy\" decoding=\"async\" width=\"500\" height=\"500\" src=\"https:\/\/www.dfp.ca\/wp-content\/uploads\/2024\/11\/SableHairBrushes.jpg\" alt=\"\" class=\"wp-image-5247\" style=\"width:295px;height:auto\" srcset=\"https:\/\/www.dfp.ca\/wp-content\/uploads\/2024\/11\/SableHairBrushes.jpg 500w, https:\/\/www.dfp.ca\/wp-content\/uploads\/2024\/11\/SableHairBrushes-300x300.jpg 300w, https:\/\/www.dfp.ca\/wp-content\/uploads\/2024\/11\/SableHairBrushes-150x150.jpg 150w, https:\/\/www.dfp.ca\/wp-content\/uploads\/2024\/11\/SableHairBrushes-24x24.jpg 24w, https:\/\/www.dfp.ca\/wp-content\/uploads\/2024\/11\/SableHairBrushes-36x36.jpg 36w, https:\/\/www.dfp.ca\/wp-content\/uploads\/2024\/11\/SableHairBrushes-48x48.jpg 48w\" sizes=\"(max-width: 500px) 100vw, 500px\" \/><\/a><\/figure>\n\n\n\n<p class=\"has-text-align-center\" style=\"font-size:1.5em\"><strong><a href=\"https:\/\/www.dfp.ca\/fr\/bois\/reparation\/pinceaux\/pinceaux-a-poils-de-zibeline\/\" data-type=\"page\" data-id=\"523\">PINCEAUX \u00c0 POILS DE ZIBELINE<\/a><\/strong><\/p>\n<\/div>\n\n\n\n<div class=\"wp-block-column is-layout-flow wp-block-column-is-layout-flow\">\n<figure class=\"wp-block-image size-full is-resized\"><a href=\"https:\/\/www.dfp.ca\/fr\/bois\/reparation\/pinceaux\/pinceaux-a-poils-de-boeuf\/\"><img loading=\"lazy\" decoding=\"async\" width=\"500\" height=\"500\" src=\"https:\/\/www.dfp.ca\/wp-content\/uploads\/2024\/11\/oxhairbrush-500.jpg\" alt=\"\" class=\"wp-image-5253\" style=\"width:295px;height:auto\" srcset=\"https:\/\/www.dfp.ca\/wp-content\/uploads\/2024\/11\/oxhairbrush-500.jpg 500w, https:\/\/www.dfp.ca\/wp-content\/uploads\/2024\/11\/oxhairbrush-500-300x300.jpg 300w, https:\/\/www.dfp.ca\/wp-content\/uploads\/2024\/11\/oxhairbrush-500-150x150.jpg 150w, https:\/\/www.dfp.ca\/wp-content\/uploads\/2024\/11\/oxhairbrush-500-24x24.jpg 24w, https:\/\/www.dfp.ca\/wp-content\/uploads\/2024\/11\/oxhairbrush-500-36x36.jpg 36w, https:\/\/www.dfp.ca\/wp-content\/uploads\/2024\/11\/oxhairbrush-500-48x48.jpg 48w\" sizes=\"(max-width: 500px) 100vw, 500px\" \/><\/a><\/figure>\n\n\n\n<p class=\"has-text-align-center\" style=\"font-size:1.5em\"><strong><a href=\"https:\/\/www.dfp.ca\/fr\/bois\/reparation\/pinceaux\/pinceaux-a-poils-de-boeuf\/\" data-type=\"page\" data-id=\"525\">PINCEAUX \u00c0 POILS DE BOEUF <\/a><\/strong><\/p>\n<\/div>\n<\/div>\n\n\n\n<div class=\"wp-block-columns is-layout-flex wp-container-core-columns-is-layout-2 wp-block-columns-is-layout-flex\">\n<div class=\"wp-block-column is-layout-flow wp-block-column-is-layout-flow\">\n<figure class=\"wp-block-image size-full is-resized\"><a href=\"https:\/\/www.dfp.ca\/wood\/repair\/graining-pens\/\"><img loading=\"lazy\" decoding=\"async\" width=\"500\" height=\"500\" src=\"https:\/\/www.dfp.ca\/wp-content\/uploads\/2024\/11\/GrainingPens-2024-500.jpg\" alt=\"\" class=\"wp-image-5251\" style=\"width:295px;height:auto\" srcset=\"https:\/\/www.dfp.ca\/wp-content\/uploads\/2024\/11\/GrainingPens-2024-500.jpg 500w, https:\/\/www.dfp.ca\/wp-content\/uploads\/2024\/11\/GrainingPens-2024-500-300x300.jpg 300w, https:\/\/www.dfp.ca\/wp-content\/uploads\/2024\/11\/GrainingPens-2024-500-150x150.jpg 150w, https:\/\/www.dfp.ca\/wp-content\/uploads\/2024\/11\/GrainingPens-2024-500-24x24.jpg 24w, https:\/\/www.dfp.ca\/wp-content\/uploads\/2024\/11\/GrainingPens-2024-500-36x36.jpg 36w, https:\/\/www.dfp.ca\/wp-content\/uploads\/2024\/11\/GrainingPens-2024-500-48x48.jpg 48w\" sizes=\"(max-width: 500px) 100vw, 500px\" \/><\/a><\/figure>\n\n\n\n<p class=\"has-text-align-center\" style=\"font-size:1.5em\"><a href=\"https:\/\/www.dfp.ca\/fr\/bois\/reparation\/stylos-a-veiner\/\" data-type=\"page\" data-id=\"535\"><strong>STYLOS \u00c0 VEINER<\/strong><\/a><\/p>\n<\/div>\n\n\n\n<div class=\"wp-block-column is-layout-flow wp-block-column-is-layout-flow\">\n<figure class=\"wp-block-image size-full is-resized\"><a href=\"https:\/\/www.dfp.ca\/fr\/bois\/reparation\/crayons-de-retouche\/\"><img loading=\"lazy\" decoding=\"async\" width=\"500\" height=\"500\" src=\"https:\/\/www.dfp.ca\/wp-content\/uploads\/2024\/11\/DistressingPencils-2024-500.jpg\" alt=\"\" class=\"wp-image-5255\" style=\"width:295px;height:auto\" srcset=\"https:\/\/www.dfp.ca\/wp-content\/uploads\/2024\/11\/DistressingPencils-2024-500.jpg 500w, https:\/\/www.dfp.ca\/wp-content\/uploads\/2024\/11\/DistressingPencils-2024-500-300x300.jpg 300w, https:\/\/www.dfp.ca\/wp-content\/uploads\/2024\/11\/DistressingPencils-2024-500-150x150.jpg 150w, https:\/\/www.dfp.ca\/wp-content\/uploads\/2024\/11\/DistressingPencils-2024-500-24x24.jpg 24w, https:\/\/www.dfp.ca\/wp-content\/uploads\/2024\/11\/DistressingPencils-2024-500-36x36.jpg 36w, https:\/\/www.dfp.ca\/wp-content\/uploads\/2024\/11\/DistressingPencils-2024-500-48x48.jpg 48w\" sizes=\"(max-width: 500px) 100vw, 500px\" \/><\/a><\/figure>\n\n\n\n<p class=\"has-text-align-center\" style=\"font-size:1.5em\"><strong><a href=\"https:\/\/www.dfp.ca\/fr\/bois\/reparation\/crayons-de-retouche\/\" data-type=\"page\" data-id=\"537\">CRAYONS DE RETOUCHES<\/a><\/strong><\/p>\n<\/div>\n\n\n\n<div class=\"wp-block-column is-layout-flow wp-block-column-is-layout-flow\">\n<figure class=\"wp-block-image size-full is-resized\"><a href=\"https:\/\/www.dfp.ca\/fr\/bois\/reparation\/glidesfelt\/\"><img loading=\"lazy\" decoding=\"async\" width=\"500\" height=\"500\" src=\"https:\/\/www.dfp.ca\/wp-content\/uploads\/2024\/11\/Felts-500.jpg\" alt=\"\" class=\"wp-image-5349\" style=\"width:295px;height:auto\" srcset=\"https:\/\/www.dfp.ca\/wp-content\/uploads\/2024\/11\/Felts-500.jpg 500w, https:\/\/www.dfp.ca\/wp-content\/uploads\/2024\/11\/Felts-500-300x300.jpg 300w, https:\/\/www.dfp.ca\/wp-content\/uploads\/2024\/11\/Felts-500-150x150.jpg 150w, https:\/\/www.dfp.ca\/wp-content\/uploads\/2024\/11\/Felts-500-24x24.jpg 24w, https:\/\/www.dfp.ca\/wp-content\/uploads\/2024\/11\/Felts-500-36x36.jpg 36w, https:\/\/www.dfp.ca\/wp-content\/uploads\/2024\/11\/Felts-500-48x48.jpg 48w\" sizes=\"(max-width: 500px) 100vw, 500px\" \/><\/a><\/figure>\n\n\n\n<p class=\"has-text-align-center\" style=\"font-size:1.5em\"><a href=\"https:\/\/www.dfp.ca\/fr\/bois\/reparation\/glidesfelt\/coussinets-adhesives-et-feutres\/\" data-type=\"page\" data-id=\"550\"><strong>FEUTRES<\/strong><\/a><\/p>\n<\/div>\n<\/div>\n\n\n\n<p><\/p>\n","protected":false},"excerpt":{"rendered":"<p>TROUSSE DE R\u00c9PARATION RAPIDE PINCEAUX \u00c0 POILS DE ZIBELINE PINCEAUX \u00c0 POILS DE BOEUF STYLOS \u00c0 VEINER CRAYONS DE RETOUCHES FEUTRES<\/p>\n","protected":false},"author":1,"featured_media":0,"parent":184,"menu_order":0,"comment_status":"closed","ping_status":"closed","template":"template-left-sidebar.php","meta":{"footnotes":""},"class_list":["post-485","page","type-page","status-publish","hentry"],"_links":{"self":[{"href":"https:\/\/www.dfp.ca\/fr\/wp-json\/wp\/v2\/pages\/485"}],"collection":[{"href":"https:\/\/www.dfp.ca\/fr\/wp-json\/wp\/v2\/pages"}],"about":[{"href":"https:\/\/www.dfp.ca\/fr\/wp-json\/wp\/v2\/types\/page"}],"author":[{"embeddable":true,"href":"https:\/\/www.dfp.ca\/fr\/wp-json\/wp\/v2\/users\/1"}],"replies":[{"embeddable":true,"href":"https:\/\/www.dfp.ca\/fr\/wp-json\/wp\/v2\/comments?post=485"}],"version-history":[{"count":11,"href":"https:\/\/www.dfp.ca\/fr\/wp-json\/wp\/v2\/pages\/485\/revisions"}],"predecessor-version":[{"id":5536,"href":"https:\/\/www.dfp.ca\/fr\/wp-json\/wp\/v2\/pages\/485\/revisions\/5536"}],"up":[{"embeddable":true,"href":"https:\/\/www.dfp.ca\/fr\/wp-json\/wp\/v2\/pages\/184"}],"wp:attachment":[{"href":"https:\/\/www.dfp.ca\/fr\/wp-json\/wp\/v2\/media?parent=485"}],"curies":[{"name":"wp","href":"https:\/\/api.w.org\/{rel}","templated":true}]}}