{"id":496,"date":"2016-07-04T13:34:52","date_gmt":"2016-07-04T17:34:52","guid":{"rendered":"http:\/\/www.dfp.ca\/fr\/?page_id=496"},"modified":"2024-11-06T16:17:13","modified_gmt":"2024-11-06T21:17:13","slug":"trousse-de-reparation-rapide-pour-le-bois-et-les-lamines","status":"publish","type":"page","link":"https:\/\/www.dfp.ca\/fr\/bois\/reparation\/trousses\/trousse-de-reparation-rapide-pour-le-bois-et-les-lamines\/","title":{"rendered":"TROUSSE DE R\u00c9PARATION RAPIDE POUR LE BOIS ET LES LAMIN\u00c9S"},"content":{"rendered":"<div class=\"wp-block-image\">\n<figure class=\"alignright\"><img loading=\"lazy\" decoding=\"async\" width=\"300\" height=\"222\" src=\"\/wp-content\/uploads\/2016\/07\/793200.png\" alt=\"793200\" class=\"wp-image-493\"\/><\/figure><\/div>\n\n\n<p>Il n\u2019est pas n\u00e9cessaire d\u2019\u00eatre un expert en r\u00e9paration pour le bois pour employer la Trousse de r\u00e9paration rapide pour le bois. Gr\u00e2ce \u00e0 des produits faciles a utilis\u00e9, vous pouvez effectuer la plupart des r\u00e9parations sur le bois et les lamin\u00e9es. Cette trousse est une n\u00e9cessit\u00e9 pour les livreurs ainsi que pour les salles d\u2019exposition afin de pr\u00e9senter chaque meuble \u00e0 son meilleur sans avoir recours aux services on\u00e9reux d\u2019un professionnel de la retouche.<\/p>\n\n\n\n<p>Comprend :<\/p>\n\n\n\n<ul class=\"wp-block-list\">\n<li>Les b\u00e2tonnets de remplissage production &#8211; Ensemble complet de 30 b\u00e2tonnets<\/li>\n\n\n\n<li>Les marqueurs de retouche usine &#8211; Ensemble de 12 marqueurs meilleurs vendeurs<\/li>\n\n\n\n<li>1 bouteille d&#8217;Efface \u00e9raflures Secret du M\u00e9tier pour bois fonc\u00e9<\/li>\n\n\n\n<li>1 bouteille d&#8217;Efface \u00e9raflures Secret du M\u00e9tier pour bois p\u00e2le<\/li>\n\n\n\n<li>1 bouteille de fini cristallin Secret du M\u00e9tier<\/li>\n\n\n\n<li>1\/2 lb. de chiffon de polissage<\/li>\n\n\n\n<li>1 <span lang=\"fr\">boite en plastique<\/span><\/li>\n<\/ul>\n","protected":false},"excerpt":{"rendered":"<p>Il n\u2019est pas n\u00e9cessaire d\u2019\u00eatre un expert en r\u00e9paration pour le bois pour employer la Trousse de r\u00e9paration rapide pour le bois. Gr\u00e2ce \u00e0 des produits faciles a utilis\u00e9, vous pouvez effectuer la plupart des r\u00e9parations sur le bois et les lamin\u00e9es. Cette trousse est une n\u00e9cessit\u00e9 pour les livreurs ainsi que pour les salles [&hellip;]<\/p>\n","protected":false},"author":1,"featured_media":0,"parent":487,"menu_order":0,"comment_status":"closed","ping_status":"closed","template":"template-left-sidebar.php","meta":{"footnotes":""},"class_list":["post-496","page","type-page","status-publish","hentry"],"_links":{"self":[{"href":"https:\/\/www.dfp.ca\/fr\/wp-json\/wp\/v2\/pages\/496"}],"collection":[{"href":"https:\/\/www.dfp.ca\/fr\/wp-json\/wp\/v2\/pages"}],"about":[{"href":"https:\/\/www.dfp.ca\/fr\/wp-json\/wp\/v2\/types\/page"}],"author":[{"embeddable":true,"href":"https:\/\/www.dfp.ca\/fr\/wp-json\/wp\/v2\/users\/1"}],"replies":[{"embeddable":true,"href":"https:\/\/www.dfp.ca\/fr\/wp-json\/wp\/v2\/comments?post=496"}],"version-history":[{"count":5,"href":"https:\/\/www.dfp.ca\/fr\/wp-json\/wp\/v2\/pages\/496\/revisions"}],"predecessor-version":[{"id":5357,"href":"https:\/\/www.dfp.ca\/fr\/wp-json\/wp\/v2\/pages\/496\/revisions\/5357"}],"up":[{"embeddable":true,"href":"https:\/\/www.dfp.ca\/fr\/wp-json\/wp\/v2\/pages\/487"}],"wp:attachment":[{"href":"https:\/\/www.dfp.ca\/fr\/wp-json\/wp\/v2\/media?parent=496"}],"curies":[{"name":"wp","href":"https:\/\/api.w.org\/{rel}","templated":true}]}}