{"id":525,"date":"2016-07-04T14:09:37","date_gmt":"2016-07-04T18:09:37","guid":{"rendered":"http:\/\/www.dfp.ca\/fr\/?page_id=525"},"modified":"2024-11-06T16:32:28","modified_gmt":"2024-11-06T21:32:28","slug":"pinceaux-a-poils-de-boeuf","status":"publish","type":"page","link":"https:\/\/www.dfp.ca\/fr\/bois\/reparation\/pinceaux\/pinceaux-a-poils-de-boeuf\/","title":{"rendered":"PINCEAUX \u00c0 POILS DE BOEUF"},"content":{"rendered":"<div class=\"wp-block-image\">\n<figure class=\"alignright size-full is-resized\"><a href=\"https:\/\/www.dfp.ca\/wp-content\/uploads\/2016\/07\/oxhairbrushbig.png\"><img loading=\"lazy\" decoding=\"async\" width=\"539\" height=\"600\" src=\"https:\/\/www.dfp.ca\/wp-content\/uploads\/2016\/07\/oxhairbrushbig.png\" alt=\"\" class=\"wp-image-3187\" style=\"width:441px;height:auto\" srcset=\"https:\/\/www.dfp.ca\/wp-content\/uploads\/2016\/07\/oxhairbrushbig.png 539w, https:\/\/www.dfp.ca\/wp-content\/uploads\/2016\/07\/oxhairbrushbig-270x300.png 270w\" sizes=\"(max-width: 539px) 100vw, 539px\" \/><\/a><\/figure><\/div>\n\n\n<p><em>Pour le d\u00e9coupage d\u00e9licat et les surfaces plus grandes<\/em><\/p>\n\n\n\n<p>Le plus p\u00e2le des poils de boeuf; manche de couleur naturelle, qui s\u2019ajuste \u00e0 la paume de la main.<\/p>\n\n\n\n<ul class=\"wp-block-list\">\n<li>Bagues chrom\u00e9es antirouille attach\u00e9es fermement au manche de bois<\/li>\n\n\n\n<li>Utilis\u00e9 pour retoucher des moyennes et grandes surface<\/li>\n<\/ul>\n\n\n\n<figure class=\"wp-block-table aligncenter\"><table class=\"has-fixed-layout\"><tbody><tr><td><strong>Article<\/strong><\/td><td class=\"has-text-align-center\" data-align=\"center\"><strong>Grandeur<\/strong><\/td><td class=\"has-text-align-center\" data-align=\"center\"><strong>Longeur des poils<\/strong><\/td><\/tr><tr><td>783100<\/td><td class=\"has-text-align-center\" data-align=\"center\">1\/4 po.<\/td><td class=\"has-text-align-center\" data-align=\"center\">1 3\/16 po.<\/td><\/tr><tr><td>783105<\/td><td class=\"has-text-align-center\" data-align=\"center\">1\/2 po.<\/td><td class=\"has-text-align-center\" data-align=\"center\">1 5\/16 po.<\/td><\/tr><tr><td>783110<\/td><td class=\"has-text-align-center\" data-align=\"center\">3\/4 po.<\/td><td class=\"has-text-align-center\" data-align=\"center\">1 3\/16 po.<\/td><\/tr><tr><td>783115<\/td><td class=\"has-text-align-center\" data-align=\"center\">1 po. <\/td><td class=\"has-text-align-center\" data-align=\"center\">1 1\/2 po.<\/td><\/tr><\/tbody><\/table><\/figure>\n\n\n\n<p><\/p>\n","protected":false},"excerpt":{"rendered":"<p>Pour le d\u00e9coupage d\u00e9licat et les surfaces plus grandes Le plus p\u00e2le des poils de boeuf; manche de couleur naturelle, qui s\u2019ajuste \u00e0 la paume de la main. Article Grandeur Longeur des poils 783100 1\/4 po. 1 3\/16 po. 783105 1\/2 po. 1 5\/16 po. 783110 3\/4 po. 1 3\/16 po. 783115 1 po. 1 [&hellip;]<\/p>\n","protected":false},"author":1,"featured_media":0,"parent":517,"menu_order":0,"comment_status":"closed","ping_status":"closed","template":"template-left-sidebar.php","meta":{"footnotes":""},"class_list":["post-525","page","type-page","status-publish","hentry"],"_links":{"self":[{"href":"https:\/\/www.dfp.ca\/fr\/wp-json\/wp\/v2\/pages\/525"}],"collection":[{"href":"https:\/\/www.dfp.ca\/fr\/wp-json\/wp\/v2\/pages"}],"about":[{"href":"https:\/\/www.dfp.ca\/fr\/wp-json\/wp\/v2\/types\/page"}],"author":[{"embeddable":true,"href":"https:\/\/www.dfp.ca\/fr\/wp-json\/wp\/v2\/users\/1"}],"replies":[{"embeddable":true,"href":"https:\/\/www.dfp.ca\/fr\/wp-json\/wp\/v2\/comments?post=525"}],"version-history":[{"count":3,"href":"https:\/\/www.dfp.ca\/fr\/wp-json\/wp\/v2\/pages\/525\/revisions"}],"predecessor-version":[{"id":5368,"href":"https:\/\/www.dfp.ca\/fr\/wp-json\/wp\/v2\/pages\/525\/revisions\/5368"}],"up":[{"embeddable":true,"href":"https:\/\/www.dfp.ca\/fr\/wp-json\/wp\/v2\/pages\/517"}],"wp:attachment":[{"href":"https:\/\/www.dfp.ca\/fr\/wp-json\/wp\/v2\/media?parent=525"}],"curies":[{"name":"wp","href":"https:\/\/api.w.org\/{rel}","templated":true}]}}