{"id":535,"date":"2016-07-04T14:18:18","date_gmt":"2016-07-04T18:18:18","guid":{"rendered":"http:\/\/www.dfp.ca\/fr\/?page_id=535"},"modified":"2024-11-06T16:47:20","modified_gmt":"2024-11-06T21:47:20","slug":"stylos-a-veiner","status":"publish","type":"page","link":"https:\/\/www.dfp.ca\/fr\/bois\/reparation\/stylos-a-veiner\/","title":{"rendered":"STYLOS \u00c0 VEINER"},"content":{"rendered":"\n<figure class=\"wp-block-image size-full\"><a href=\"https:\/\/www.dfp.ca\/wp-content\/uploads\/2024\/11\/GRainingPens-2024.jpg\"><img loading=\"lazy\" decoding=\"async\" width=\"1000\" height=\"408\" src=\"https:\/\/www.dfp.ca\/wp-content\/uploads\/2024\/11\/GRainingPens-2024.jpg\" alt=\"\" class=\"wp-image-5369\" srcset=\"https:\/\/www.dfp.ca\/wp-content\/uploads\/2024\/11\/GRainingPens-2024.jpg 1000w, https:\/\/www.dfp.ca\/wp-content\/uploads\/2024\/11\/GRainingPens-2024-300x122.jpg 300w, https:\/\/www.dfp.ca\/wp-content\/uploads\/2024\/11\/GRainingPens-2024-768x313.jpg 768w, https:\/\/www.dfp.ca\/wp-content\/uploads\/2024\/11\/GRainingPens-2024-24x10.jpg 24w, https:\/\/www.dfp.ca\/wp-content\/uploads\/2024\/11\/GRainingPens-2024-36x15.jpg 36w, https:\/\/www.dfp.ca\/wp-content\/uploads\/2024\/11\/GRainingPens-2024-48x20.jpg 48w\" sizes=\"(max-width: 1000px) 100vw, 1000px\" \/><\/a><\/figure>\n\n\n<div class=\"wp-block-image\">\n<figure class=\"alignright size-full\"><a href=\"https:\/\/www.dfp.ca\/wp-content\/uploads\/2024\/11\/GrainingPens-2024-500.jpg\"><img loading=\"lazy\" decoding=\"async\" width=\"500\" height=\"500\" src=\"https:\/\/www.dfp.ca\/wp-content\/uploads\/2024\/11\/GrainingPens-2024-500.jpg\" alt=\"\" class=\"wp-image-5251\" srcset=\"https:\/\/www.dfp.ca\/wp-content\/uploads\/2024\/11\/GrainingPens-2024-500.jpg 500w, https:\/\/www.dfp.ca\/wp-content\/uploads\/2024\/11\/GrainingPens-2024-500-300x300.jpg 300w, https:\/\/www.dfp.ca\/wp-content\/uploads\/2024\/11\/GrainingPens-2024-500-150x150.jpg 150w, https:\/\/www.dfp.ca\/wp-content\/uploads\/2024\/11\/GrainingPens-2024-500-24x24.jpg 24w, https:\/\/www.dfp.ca\/wp-content\/uploads\/2024\/11\/GrainingPens-2024-500-36x36.jpg 36w, https:\/\/www.dfp.ca\/wp-content\/uploads\/2024\/11\/GrainingPens-2024-500-48x48.jpg 48w\" sizes=\"(max-width: 500px) 100vw, 500px\" \/><\/a><\/figure><\/div>\n\n\n<p><em>Rendez le grain !<\/em><\/p>\n\n\n\n<p>La pointe extra-fine vous permet de veiner et de r\u00e9parer de fa\u00e7on professionnelle. \u00c9liminent le m\u00e9lange ennuyeux des couleurs sur un pinceau. Couleurs permanentes. Ne se d\u00e9colorent pas. Ne coulent pas. Peuvent \u00eatre laqu\u00e9es.<\/p>\n\n\n\n<p><\/p>\n\n\n\n<figure class=\"wp-block-table aligncenter\"><table><tbody><tr><td><strong>Article<\/strong><\/td><td><strong>Couleur<\/strong><\/td><td class=\"has-text-align-center\" data-align=\"center\"><strong>Num\u00e9ro<\/strong><\/td><\/tr><tr><td>776151<\/td><td>Noir<\/td><td class=\"has-text-align-center\" data-align=\"center\">1<\/td><\/tr><tr><td>776152<\/td><td>Moyen<\/td><td class=\"has-text-align-center\" data-align=\"center\">2<\/td><\/tr><tr><td>776153<\/td><td>Brun fonc\u00e9<\/td><td class=\"has-text-align-center\" data-align=\"center\">3<\/td><\/tr><tr><td>776154<\/td><td>Ch\u00eane<\/td><td class=\"has-text-align-center\" data-align=\"center\">4<\/td><\/tr><\/tbody><\/table><\/figure>\n\n\n\n<p><\/p>\n","protected":false},"excerpt":{"rendered":"<p>Rendez le grain ! La pointe extra-fine vous permet de veiner et de r\u00e9parer de fa\u00e7on professionnelle. \u00c9liminent le m\u00e9lange ennuyeux des couleurs sur un pinceau. Couleurs permanentes. Ne se d\u00e9colorent pas. Ne coulent pas. Peuvent \u00eatre laqu\u00e9es. Article Couleur Num\u00e9ro 776151 Noir 1 776152 Moyen 2 776153 Brun fonc\u00e9 3 776154 Ch\u00eane 4<\/p>\n","protected":false},"author":1,"featured_media":0,"parent":485,"menu_order":0,"comment_status":"closed","ping_status":"closed","template":"template-left-sidebar.php","meta":{"footnotes":""},"class_list":["post-535","page","type-page","status-publish","hentry"],"_links":{"self":[{"href":"https:\/\/www.dfp.ca\/fr\/wp-json\/wp\/v2\/pages\/535"}],"collection":[{"href":"https:\/\/www.dfp.ca\/fr\/wp-json\/wp\/v2\/pages"}],"about":[{"href":"https:\/\/www.dfp.ca\/fr\/wp-json\/wp\/v2\/types\/page"}],"author":[{"embeddable":true,"href":"https:\/\/www.dfp.ca\/fr\/wp-json\/wp\/v2\/users\/1"}],"replies":[{"embeddable":true,"href":"https:\/\/www.dfp.ca\/fr\/wp-json\/wp\/v2\/comments?post=535"}],"version-history":[{"count":3,"href":"https:\/\/www.dfp.ca\/fr\/wp-json\/wp\/v2\/pages\/535\/revisions"}],"predecessor-version":[{"id":5374,"href":"https:\/\/www.dfp.ca\/fr\/wp-json\/wp\/v2\/pages\/535\/revisions\/5374"}],"up":[{"embeddable":true,"href":"https:\/\/www.dfp.ca\/fr\/wp-json\/wp\/v2\/pages\/485"}],"wp:attachment":[{"href":"https:\/\/www.dfp.ca\/fr\/wp-json\/wp\/v2\/media?parent=535"}],"curies":[{"name":"wp","href":"https:\/\/api.w.org\/{rel}","templated":true}]}}