{"id":537,"date":"2016-07-04T14:21:03","date_gmt":"2016-07-04T18:21:03","guid":{"rendered":"http:\/\/www.dfp.ca\/fr\/?page_id=537"},"modified":"2024-11-06T16:56:18","modified_gmt":"2024-11-06T21:56:18","slug":"crayons-de-retouche","status":"publish","type":"page","link":"https:\/\/www.dfp.ca\/fr\/bois\/reparation\/crayons-de-retouche\/","title":{"rendered":"CRAYONS DE RETOUCHE"},"content":{"rendered":"\n<figure class=\"wp-block-image size-full\"><a href=\"https:\/\/www.dfp.ca\/wp-content\/uploads\/2024\/11\/DistressingPencils-2024.jpg\"><img loading=\"lazy\" decoding=\"async\" width=\"1000\" height=\"166\" src=\"https:\/\/www.dfp.ca\/wp-content\/uploads\/2024\/11\/DistressingPencils-2024.jpg\" alt=\"\" class=\"wp-image-5376\" srcset=\"https:\/\/www.dfp.ca\/wp-content\/uploads\/2024\/11\/DistressingPencils-2024.jpg 1000w, https:\/\/www.dfp.ca\/wp-content\/uploads\/2024\/11\/DistressingPencils-2024-300x50.jpg 300w, https:\/\/www.dfp.ca\/wp-content\/uploads\/2024\/11\/DistressingPencils-2024-768x127.jpg 768w, https:\/\/www.dfp.ca\/wp-content\/uploads\/2024\/11\/DistressingPencils-2024-24x4.jpg 24w, https:\/\/www.dfp.ca\/wp-content\/uploads\/2024\/11\/DistressingPencils-2024-36x6.jpg 36w, https:\/\/www.dfp.ca\/wp-content\/uploads\/2024\/11\/DistressingPencils-2024-48x8.jpg 48w\" sizes=\"(max-width: 1000px) 100vw, 1000px\" \/><\/a><\/figure>\n\n\n<div class=\"wp-block-image\">\n<figure class=\"alignright\"><a href=\"\/wp-content\/uploads\/2016\/07\/crayonderetouchebig.png\"><img loading=\"lazy\" decoding=\"async\" width=\"232\" height=\"300\" src=\"\/wp-content\/uploads\/2016\/07\/crayonderetouche.png\" alt=\"crayonderetouche\" class=\"wp-image-539\"\/><\/a><\/figure><\/div>\n\n\n<p><em>D\u00e9froisser le bois !<\/em><\/p>\n\n\n\n<p>Id\u00e9al pour appliquer des retouches sous la couche de finition, colorer des d\u00e9fauts mineurs, veiner, etc.<\/p>\n\n\n\n<ul class=\"wp-block-list\">\n<li>Envelopp\u00e9 de papier qui se d\u00e9chire lorsque l\u2019on tire sur la corde ; pas besoin d&#8217;\u00eatre taill\u00e9<\/li>\n\n\n\n<li>L\u2019endroit retouch\u00e9 doit \u00eatre recouvert d\u2019une couche de finition<\/li>\n<\/ul>\n\n\n\n<figure class=\"wp-block-table aligncenter\"><table><tbody><tr><td>Article<\/td><td>Description<\/td><td>Couleur<\/td><\/tr><tr><td>776101<\/td><td>Crayon de retouche<\/td><td>Brun<\/td><\/tr><tr><td>776105<\/td><td>Crayon de retouche<\/td><td>Noir<\/td><\/tr><\/tbody><\/table><\/figure>\n\n\n\n<p><\/p>\n","protected":false},"excerpt":{"rendered":"<p>D\u00e9froisser le bois ! Id\u00e9al pour appliquer des retouches sous la couche de finition, colorer des d\u00e9fauts mineurs, veiner, etc. Article Description Couleur 776101 Crayon de retouche Brun 776105 Crayon de retouche Noir<\/p>\n","protected":false},"author":1,"featured_media":0,"parent":485,"menu_order":0,"comment_status":"closed","ping_status":"closed","template":"template-left-sidebar.php","meta":{"footnotes":""},"class_list":["post-537","page","type-page","status-publish","hentry"],"_links":{"self":[{"href":"https:\/\/www.dfp.ca\/fr\/wp-json\/wp\/v2\/pages\/537"}],"collection":[{"href":"https:\/\/www.dfp.ca\/fr\/wp-json\/wp\/v2\/pages"}],"about":[{"href":"https:\/\/www.dfp.ca\/fr\/wp-json\/wp\/v2\/types\/page"}],"author":[{"embeddable":true,"href":"https:\/\/www.dfp.ca\/fr\/wp-json\/wp\/v2\/users\/1"}],"replies":[{"embeddable":true,"href":"https:\/\/www.dfp.ca\/fr\/wp-json\/wp\/v2\/comments?post=537"}],"version-history":[{"count":3,"href":"https:\/\/www.dfp.ca\/fr\/wp-json\/wp\/v2\/pages\/537\/revisions"}],"predecessor-version":[{"id":5380,"href":"https:\/\/www.dfp.ca\/fr\/wp-json\/wp\/v2\/pages\/537\/revisions\/5380"}],"up":[{"embeddable":true,"href":"https:\/\/www.dfp.ca\/fr\/wp-json\/wp\/v2\/pages\/485"}],"wp:attachment":[{"href":"https:\/\/www.dfp.ca\/fr\/wp-json\/wp\/v2\/media?parent=537"}],"curies":[{"name":"wp","href":"https:\/\/api.w.org\/{rel}","templated":true}]}}