{"id":5429,"date":"2024-11-07T06:49:39","date_gmt":"2024-11-07T11:49:39","guid":{"rendered":"https:\/\/www.dfp.ca\/?page_id=5429"},"modified":"2024-11-07T06:49:39","modified_gmt":"2024-11-07T11:49:39","slug":"pc-woody","status":"publish","type":"page","link":"https:\/\/www.dfp.ca\/fr\/bois\/mastic-adhesifs-et-abrasifs\/remplisseurs\/pc-woody\/","title":{"rendered":"PC WOODY"},"content":{"rendered":"\n<div class=\"wp-block-media-text has-media-on-the-right is-stacked-on-mobile\"><div class=\"wp-block-media-text__content\">\n<p>PC-Woody\u00ae est une p\u00e2te \u00e9poxyde \u00e0 deux composants excellente pour remplir les cavit\u00e9s dans le bois. Effectuez des r\u00e9parations permanentes sans que le bois int\u00e9rieur ou ext\u00e9rieur r\u00e9tr\u00e9cisse, se fissure ou se d\u00e9tache. Poncez, percez, clouez, appr\u00eatez et appliquez de la peinture ou de la teinture.<\/p>\n\n\n\n<ul class=\"wp-block-list\">\n<li>Ratio de m\u00e9lange facile de 1:1.<\/li>\n\n\n\n<li>La p\u00e2te peut \u00eatre teint\u00e9e avec des colorants ou des pigments secs.<\/li>\n\n\n\n<li>R\u00e9pare des solives de terrasse, des colonnes, des poutres, des moulures d\u00e9coratives et bien plus encore.<\/li>\n<\/ul>\n<\/div><figure class=\"wp-block-media-text__media\"><img loading=\"lazy\" decoding=\"async\" width=\"1024\" height=\"1024\" src=\"https:\/\/www.dfp.ca\/wp-content\/uploads\/2024\/11\/pc-woody-1.3kg-1024x1024.jpg\" alt=\"\" class=\"wp-image-5426 size-full\" srcset=\"https:\/\/www.dfp.ca\/wp-content\/uploads\/2024\/11\/pc-woody-1.3kg-1024x1024.jpg 1024w, https:\/\/www.dfp.ca\/wp-content\/uploads\/2024\/11\/pc-woody-1.3kg-300x300.jpg 300w, https:\/\/www.dfp.ca\/wp-content\/uploads\/2024\/11\/pc-woody-1.3kg-150x150.jpg 150w, https:\/\/www.dfp.ca\/wp-content\/uploads\/2024\/11\/pc-woody-1.3kg-768x768.jpg 768w, https:\/\/www.dfp.ca\/wp-content\/uploads\/2024\/11\/pc-woody-1.3kg-24x24.jpg 24w, https:\/\/www.dfp.ca\/wp-content\/uploads\/2024\/11\/pc-woody-1.3kg-36x36.jpg 36w, https:\/\/www.dfp.ca\/wp-content\/uploads\/2024\/11\/pc-woody-1.3kg-48x48.jpg 48w, https:\/\/www.dfp.ca\/wp-content\/uploads\/2024\/11\/pc-woody-1.3kg.jpg 1500w\" sizes=\"(max-width: 1024px) 100vw, 1024px\" \/><\/figure><\/div>\n\n\n\n<figure class=\"wp-block-table\"><table class=\"has-fixed-layout\"><tbody><tr><td><strong>Article<\/strong><\/td><td><strong>Description<\/strong><\/td><td><strong>Size<\/strong><\/td><\/tr><tr><td>701066<\/td><td>P\u00e2te \u00e9poxyde PC-Woody<\/td><td>176 ml (6 oz)<\/td><\/tr><tr><td>701067<\/td><td>P\u00e2te \u00e9poxyde PC-Woody<\/td><td>343 ml (12 oz)<\/td><\/tr><tr><td>701068<\/td><td>P\u00e2te \u00e9poxyde PC-Woody<\/td><td>48 oz\u00a0 (1\/2 gallon)<\/td><\/tr><tr><td>701069<\/td><td>P\u00e2te \u00e9poxyde PC-Woodyy<\/td><td>96 oz (1 gallon)<\/td><\/tr><\/tbody><\/table><\/figure>\n\n\n\n<p>Pour plus d&#8217;informations sur PC-Woody ou d&#8217;autres produits PC, veuillez visiter notre site s\u0153ur <a href=\"https:\/\/martind.ca\/fr\/products\/protective-coatings\/\">martind.ca<\/a>.<\/p>\n\n\n\n<p><\/p>\n","protected":false},"excerpt":{"rendered":"<p>Article Description Size 701066 P\u00e2te \u00e9poxyde PC-Woody 176 ml (6 oz) 701067 P\u00e2te \u00e9poxyde PC-Woody 343 ml (12 oz) 701068 P\u00e2te \u00e9poxyde PC-Woody 48 oz\u00a0 (1\/2 gallon) 701069 P\u00e2te \u00e9poxyde PC-Woodyy 96 oz (1 gallon) Pour plus d&#8217;informations sur PC-Woody ou d&#8217;autres produits PC, veuillez visiter notre site s\u0153ur martind.ca.<\/p>\n","protected":false},"author":1,"featured_media":0,"parent":583,"menu_order":0,"comment_status":"closed","ping_status":"closed","template":"template-left-sidebar.php","meta":{"footnotes":""},"class_list":["post-5429","page","type-page","status-publish","hentry"],"_links":{"self":[{"href":"https:\/\/www.dfp.ca\/fr\/wp-json\/wp\/v2\/pages\/5429"}],"collection":[{"href":"https:\/\/www.dfp.ca\/fr\/wp-json\/wp\/v2\/pages"}],"about":[{"href":"https:\/\/www.dfp.ca\/fr\/wp-json\/wp\/v2\/types\/page"}],"author":[{"embeddable":true,"href":"https:\/\/www.dfp.ca\/fr\/wp-json\/wp\/v2\/users\/1"}],"replies":[{"embeddable":true,"href":"https:\/\/www.dfp.ca\/fr\/wp-json\/wp\/v2\/comments?post=5429"}],"version-history":[{"count":2,"href":"https:\/\/www.dfp.ca\/fr\/wp-json\/wp\/v2\/pages\/5429\/revisions"}],"predecessor-version":[{"id":5459,"href":"https:\/\/www.dfp.ca\/fr\/wp-json\/wp\/v2\/pages\/5429\/revisions\/5459"}],"up":[{"embeddable":true,"href":"https:\/\/www.dfp.ca\/fr\/wp-json\/wp\/v2\/pages\/583"}],"wp:attachment":[{"href":"https:\/\/www.dfp.ca\/fr\/wp-json\/wp\/v2\/media?parent=5429"}],"curies":[{"name":"wp","href":"https:\/\/api.w.org\/{rel}","templated":true}]}}