{"id":5450,"date":"2024-11-07T07:05:51","date_gmt":"2024-11-07T12:05:51","guid":{"rendered":"https:\/\/www.dfp.ca\/?page_id=5450"},"modified":"2024-11-07T07:05:52","modified_gmt":"2024-11-07T12:05:52","slug":"pc-colle-et-epoxyde","status":"publish","type":"page","link":"https:\/\/www.dfp.ca\/fr\/bois\/mastic-adhesifs-et-abrasifs\/colles-2\/pc-colle-et-epoxyde\/","title":{"rendered":"PC COLLE ET \u00c9POXYDE\u00a0"},"content":{"rendered":"\n<div class=\"wp-block-media-text has-media-on-the-right is-stacked-on-mobile\"><div class=\"wp-block-media-text__content\">\n<p>PC-Universal Glue\u2122 est le r\u00eave de tout travailleur du bois, car il s\u2019agit d\u2019un adh\u00e9sif \u00e0 haut rendement aux utilisations illimit\u00e9es. Il permet de cr\u00e9er des lignes adh\u00e9sives et minces offrant une force sans compromis.<\/p>\n\n\n\n<p>PC-SuperEpoxy\u00ae est une p\u00e2te \u00e9poxyde translucide qui ne coule pas et qui peut \u00eatre m\u00e9lang\u00e9e de mani\u00e8re conventionnelle ou statique. Elle propose des utilisations illimit\u00e9es pour le collage, l\u2019assemblage, le remplissage et l\u2019\u00e9tanch\u00e9it\u00e9 de la plupart des mat\u00e9riaux. Elle est id\u00e9ale pour coller l\u2019acier au bois, \u00e0 la fibre de verre, \u00e0 l\u2019aluminium, au b\u00e9ton, \u00e0 la brique, au verre, au bloc, \u00e0 la c\u00e9ramique, aux plastiques durs et \u00e0 bien d\u2019autres mat\u00e9riaux.<\/p>\n<\/div><figure class=\"wp-block-media-text__media\"><img loading=\"lazy\" decoding=\"async\" width=\"650\" height=\"650\" src=\"https:\/\/www.dfp.ca\/wp-content\/uploads\/2024\/11\/PC-GluesEpoxies.png\" alt=\"\" class=\"wp-image-5444 size-full\" srcset=\"https:\/\/www.dfp.ca\/wp-content\/uploads\/2024\/11\/PC-GluesEpoxies.png 650w, https:\/\/www.dfp.ca\/wp-content\/uploads\/2024\/11\/PC-GluesEpoxies-300x300.png 300w, https:\/\/www.dfp.ca\/wp-content\/uploads\/2024\/11\/PC-GluesEpoxies-150x150.png 150w, https:\/\/www.dfp.ca\/wp-content\/uploads\/2024\/11\/PC-GluesEpoxies-24x24.png 24w, https:\/\/www.dfp.ca\/wp-content\/uploads\/2024\/11\/PC-GluesEpoxies-36x36.png 36w, https:\/\/www.dfp.ca\/wp-content\/uploads\/2024\/11\/PC-GluesEpoxies-48x48.png 48w\" sizes=\"(max-width: 650px) 100vw, 650px\" \/><\/figure><\/div>\n\n\n\n<figure class=\"wp-block-table\"><table class=\"has-fixed-layout\"><tbody><tr><td><strong>Article<\/strong><\/td><td><strong>Description<\/strong><\/td><td><strong>Format<\/strong><\/td><\/tr><tr><td>700526<\/td><td>Colle PC-Universal Glue<\/td><td>8 oz<\/td><\/tr><tr><td>700527<\/td><td>Colle PC-Universal Glue<\/td><td>10.3 oz<\/td><\/tr><tr><td>701013<\/td><td>Colle PC-SuperEpoxy<\/td><td>28.4 g (1 oz)<\/td><\/tr><tr><td>701015<\/td><td>Colle PC-SuperEpoxy<\/td><td>32 oz<\/td><\/tr><\/tbody><\/table><\/figure>\n\n\n\n<p>Pour plus d&#8217;informations sur PC-Woody ou d&#8217;autres produits PC, veuillez visiter notre site s\u0153ur <a href=\"https:\/\/martind.ca\/fr\/products\/protective-coatings\/\">martind.ca<\/a>.<\/p>\n\n\n\n<p><\/p>\n","protected":false},"excerpt":{"rendered":"<p>PC-Universal Glue\u2122 est le r\u00eave de tout travailleur du bois, car il s\u2019agit d\u2019un adh\u00e9sif \u00e0 haut rendement aux utilisations illimit\u00e9es. Il permet de cr\u00e9er des lignes adh\u00e9sives et minces offrant une force sans compromis. PC-SuperEpoxy\u00ae est une p\u00e2te \u00e9poxyde translucide qui ne coule pas et qui peut \u00eatre m\u00e9lang\u00e9e de mani\u00e8re conventionnelle ou statique. [&hellip;]<\/p>\n","protected":false},"author":1,"featured_media":0,"parent":4541,"menu_order":0,"comment_status":"closed","ping_status":"closed","template":"template-left-sidebar.php","meta":{"footnotes":""},"class_list":["post-5450","page","type-page","status-publish","hentry"],"_links":{"self":[{"href":"https:\/\/www.dfp.ca\/fr\/wp-json\/wp\/v2\/pages\/5450"}],"collection":[{"href":"https:\/\/www.dfp.ca\/fr\/wp-json\/wp\/v2\/pages"}],"about":[{"href":"https:\/\/www.dfp.ca\/fr\/wp-json\/wp\/v2\/types\/page"}],"author":[{"embeddable":true,"href":"https:\/\/www.dfp.ca\/fr\/wp-json\/wp\/v2\/users\/1"}],"replies":[{"embeddable":true,"href":"https:\/\/www.dfp.ca\/fr\/wp-json\/wp\/v2\/comments?post=5450"}],"version-history":[{"count":1,"href":"https:\/\/www.dfp.ca\/fr\/wp-json\/wp\/v2\/pages\/5450\/revisions"}],"predecessor-version":[{"id":5451,"href":"https:\/\/www.dfp.ca\/fr\/wp-json\/wp\/v2\/pages\/5450\/revisions\/5451"}],"up":[{"embeddable":true,"href":"https:\/\/www.dfp.ca\/fr\/wp-json\/wp\/v2\/pages\/4541"}],"wp:attachment":[{"href":"https:\/\/www.dfp.ca\/fr\/wp-json\/wp\/v2\/media?parent=5450"}],"curies":[{"name":"wp","href":"https:\/\/api.w.org\/{rel}","templated":true}]}}