{"id":5457,"date":"2024-11-07T07:18:15","date_gmt":"2024-11-07T12:18:15","guid":{"rendered":"https:\/\/www.dfp.ca\/?page_id=5457"},"modified":"2024-11-07T08:27:14","modified_gmt":"2024-11-07T13:27:14","slug":"adhesives-mitrebond","status":"publish","type":"page","link":"https:\/\/www.dfp.ca\/fr\/bois\/mastic-adhesifs-et-abrasifs\/colles-2\/adhesives-mitrebond\/","title":{"rendered":"ADH\u00c9SIVES MITREBOND"},"content":{"rendered":"\n<p style=\"font-size:2em\"><strong>MITREBOND<\/strong><\/p>\n\n\n\n<div class=\"wp-block-media-text has-media-on-the-right is-stacked-on-mobile\"><div class=\"wp-block-media-text__content\">\n<p>MitreBond est l\u2019adh\u00e9sif \u00e0 prise rapide original le plus puissant sur le march\u00e9. Plus besoin de clous, ni de serre-joints, ni d\u2019attendre &#8211; aucun g\u00e2chis!<\/p>\n\n\n\n<p>MitreBond est tr\u00e8s polyvalent et peut servir \u00e0 coller les joints de corniche et \u00e0 onglet, les bandes de chant en m\u00e9lamine, les moulures de porte, les encadrements de peinture, les plinthes en MDF, les autres types de joints et bien plus encore..<\/p>\n\n\n\n<ul class=\"wp-block-list\">\n<li>MitreBond est rapide et propre, et il adh\u00e8re en 10 secondes.<\/li>\n\n\n\n<li>Pas besoin de m\u00e9langer ni de chauffer.<\/li>\n\n\n\n<li>Utilisez une ou deux gouttes par joint &#8211; un contenant de 50 g suffit pour coller 100 joints de corniche.<\/li>\n\n\n\n<li>Il procure chaque fois un joint net et \u00e9tanche.<\/li>\n\n\n\n<li>Peut \u00eatre appliqu\u00e9 sur : le MDF, le bois, le verre, la c\u00e9ramique, l\u2019aluminium, les panneaux d\u2019agglom\u00e9r\u00e9, le plexiglas, l\u2019acier, la porcelaine et certains plastiques.<\/li>\n<\/ul>\n<\/div><figure class=\"wp-block-media-text__media\"><img loading=\"lazy\" decoding=\"async\" width=\"1024\" height=\"1024\" src=\"https:\/\/www.dfp.ca\/wp-content\/uploads\/2024\/11\/MitreBond-Aerosol-1024x1024.jpg\" alt=\"\" class=\"wp-image-5452 size-full\" srcset=\"https:\/\/www.dfp.ca\/wp-content\/uploads\/2024\/11\/MitreBond-Aerosol-1024x1024.jpg 1024w, https:\/\/www.dfp.ca\/wp-content\/uploads\/2024\/11\/MitreBond-Aerosol-300x300.jpg 300w, https:\/\/www.dfp.ca\/wp-content\/uploads\/2024\/11\/MitreBond-Aerosol-150x150.jpg 150w, https:\/\/www.dfp.ca\/wp-content\/uploads\/2024\/11\/MitreBond-Aerosol-768x768.jpg 768w, https:\/\/www.dfp.ca\/wp-content\/uploads\/2024\/11\/MitreBond-Aerosol-24x24.jpg 24w, https:\/\/www.dfp.ca\/wp-content\/uploads\/2024\/11\/MitreBond-Aerosol-36x36.jpg 36w, https:\/\/www.dfp.ca\/wp-content\/uploads\/2024\/11\/MitreBond-Aerosol-48x48.jpg 48w, https:\/\/www.dfp.ca\/wp-content\/uploads\/2024\/11\/MitreBond-Aerosol.jpg 1500w\" sizes=\"(max-width: 1024px) 100vw, 1024px\" \/><\/figure><\/div>\n\n\n\n<figure class=\"wp-block-table\"><table><tbody><tr><td><strong>Article<\/strong><\/td><td><strong>Description<\/strong><\/td><\/tr><tr><td>700515<\/td><td>Adh\u00e9sif de 50 g avec activateur en a\u00e9rosol 200 ml<\/td><\/tr><tr><td>700517<\/td><td>Adh\u00e9sif de 100 g avec activateur en a\u00e9rosol 400 ml<\/td><\/tr><tr><td>700519<\/td><td>Activateur de 400 ml<\/td><\/tr><tr><td>700520<\/td><td>Adh\u00e9sif de 500 g<\/td><\/tr><\/tbody><\/table><\/figure>\n\n\n\n<p style=\"font-size:2em\"><strong>MITREPEN<\/strong><\/p>\n\n\n\n<div class=\"wp-block-media-text is-stacked-on-mobile\"><figure class=\"wp-block-media-text__media\"><img loading=\"lazy\" decoding=\"async\" width=\"1000\" height=\"1000\" src=\"https:\/\/www.dfp.ca\/wp-content\/uploads\/2024\/11\/Unika-MitreBond-PenPack.jpg\" alt=\"\" class=\"wp-image-5454 size-full\" srcset=\"https:\/\/www.dfp.ca\/wp-content\/uploads\/2024\/11\/Unika-MitreBond-PenPack.jpg 1000w, https:\/\/www.dfp.ca\/wp-content\/uploads\/2024\/11\/Unika-MitreBond-PenPack-300x300.jpg 300w, https:\/\/www.dfp.ca\/wp-content\/uploads\/2024\/11\/Unika-MitreBond-PenPack-150x150.jpg 150w, https:\/\/www.dfp.ca\/wp-content\/uploads\/2024\/11\/Unika-MitreBond-PenPack-768x768.jpg 768w, https:\/\/www.dfp.ca\/wp-content\/uploads\/2024\/11\/Unika-MitreBond-PenPack-24x24.jpg 24w, https:\/\/www.dfp.ca\/wp-content\/uploads\/2024\/11\/Unika-MitreBond-PenPack-36x36.jpg 36w, https:\/\/www.dfp.ca\/wp-content\/uploads\/2024\/11\/Unika-MitreBond-PenPack-48x48.jpg 48w\" sizes=\"(max-width: 1000px) 100vw, 1000px\" \/><\/figure><div class=\"wp-block-media-text__content\">\n<p>MitrePen est un moyen rapide et propre d\u2019acc\u00e9l\u00e9rer le collage! Il s\u2019agit d\u2019un activateur de super-adh\u00e9sif de pr\u00e9cision sous forme de marqueur plut\u00f4t que d\u2019un activateur en a\u00e9rosol. <\/p>\n\n\n\n<p>L\u2019application pr\u00e9cise permet d\u2019\u00e9viter les taches caus\u00e9es par la surpulv\u00e9risation. MitrePen est nettement sup\u00e9rieur \u00e0 ce que vous l\u2019imaginiez. <\/p>\n\n\n\n<p>Il couvre la m\u00eame superficie que trois contenants d\u2019activateur en a\u00e9rosol de 200 ml. Son petit format facilite son transport.<br><\/p>\n<\/div><\/div>\n\n\n\n<figure class=\"wp-block-table\"><table><tbody><tr><td><strong>Article<\/strong><\/td><td><strong>Description<\/strong><\/td><\/tr><tr><td>700516<\/td><td>Adh\u00e9sif de 50 g avec marqueur MitrePen<\/td><\/tr><\/tbody><\/table><\/figure>\n\n\n\n<p><\/p>\n","protected":false},"excerpt":{"rendered":"<p>MITREBOND Article Description 700515 Adh\u00e9sif de 50 g avec activateur en a\u00e9rosol 200 ml 700517 Adh\u00e9sif de 100 g avec activateur en a\u00e9rosol 400 ml 700519 Activateur de 400 ml 700520 Adh\u00e9sif de 500 g MITREPEN MitrePen est un moyen rapide et propre d\u2019acc\u00e9l\u00e9rer le collage! Il s\u2019agit d\u2019un activateur de super-adh\u00e9sif de pr\u00e9cision sous [&hellip;]<\/p>\n","protected":false},"author":1,"featured_media":0,"parent":4541,"menu_order":0,"comment_status":"closed","ping_status":"closed","template":"template-left-sidebar.php","meta":{"footnotes":""},"class_list":["post-5457","page","type-page","status-publish","hentry"],"_links":{"self":[{"href":"https:\/\/www.dfp.ca\/fr\/wp-json\/wp\/v2\/pages\/5457"}],"collection":[{"href":"https:\/\/www.dfp.ca\/fr\/wp-json\/wp\/v2\/pages"}],"about":[{"href":"https:\/\/www.dfp.ca\/fr\/wp-json\/wp\/v2\/types\/page"}],"author":[{"embeddable":true,"href":"https:\/\/www.dfp.ca\/fr\/wp-json\/wp\/v2\/users\/1"}],"replies":[{"embeddable":true,"href":"https:\/\/www.dfp.ca\/fr\/wp-json\/wp\/v2\/comments?post=5457"}],"version-history":[{"count":1,"href":"https:\/\/www.dfp.ca\/fr\/wp-json\/wp\/v2\/pages\/5457\/revisions"}],"predecessor-version":[{"id":5458,"href":"https:\/\/www.dfp.ca\/fr\/wp-json\/wp\/v2\/pages\/5457\/revisions\/5458"}],"up":[{"embeddable":true,"href":"https:\/\/www.dfp.ca\/fr\/wp-json\/wp\/v2\/pages\/4541"}],"wp:attachment":[{"href":"https:\/\/www.dfp.ca\/fr\/wp-json\/wp\/v2\/media?parent=5457"}],"curies":[{"name":"wp","href":"https:\/\/api.w.org\/{rel}","templated":true}]}}