{"id":5668,"date":"2026-03-21T10:36:02","date_gmt":"2026-03-21T14:36:02","guid":{"rendered":"https:\/\/www.dfp.ca\/?page_id=5668"},"modified":"2026-03-21T10:40:03","modified_gmt":"2026-03-21T14:40:03","slug":"remplisseur-de-noeuds","status":"publish","type":"page","link":"https:\/\/www.dfp.ca\/fr\/bois\/retouche\/remplisseur-de-noeuds\/","title":{"rendered":"REMPLISSEUR DE N\u0152UDS"},"content":{"rendered":"\n<figure class=\"wp-block-image size-large\"><a href=\"https:\/\/www.dfp.ca\/wp-content\/uploads\/2026\/03\/WoodRepair-DFPHeader.png\"><img loading=\"lazy\" decoding=\"async\" width=\"1024\" height=\"341\" src=\"https:\/\/www.dfp.ca\/wp-content\/uploads\/2026\/03\/WoodRepair-DFPHeader-1024x341.png\" alt=\"\" class=\"wp-image-5639\" srcset=\"https:\/\/www.dfp.ca\/wp-content\/uploads\/2026\/03\/WoodRepair-DFPHeader-1024x341.png 1024w, https:\/\/www.dfp.ca\/wp-content\/uploads\/2026\/03\/WoodRepair-DFPHeader-300x100.png 300w, https:\/\/www.dfp.ca\/wp-content\/uploads\/2026\/03\/WoodRepair-DFPHeader-768x256.png 768w, https:\/\/www.dfp.ca\/wp-content\/uploads\/2026\/03\/WoodRepair-DFPHeader-24x8.png 24w, https:\/\/www.dfp.ca\/wp-content\/uploads\/2026\/03\/WoodRepair-DFPHeader-36x12.png 36w, https:\/\/www.dfp.ca\/wp-content\/uploads\/2026\/03\/WoodRepair-DFPHeader-48x16.png 48w, https:\/\/www.dfp.ca\/wp-content\/uploads\/2026\/03\/WoodRepair-DFPHeader.png 1500w\" sizes=\"(max-width: 1024px) 100vw, 1024px\" \/><\/a><\/figure>\n\n\n\n<p>Remplisseur de n\u0153uds est un produit unique destin\u00e9 \u00e0 r\u00e9parer toutes sortes de n\u0153uds, fissures, fentes, d\u00e9fauts, vides et autres imperfections dans le bois. Il est facile et rapide \u00e0 utiliser, durable, flexible et r\u00e9sistant \u00e0 la fois. Remplisseur de n\u0153uds est hydrofuge, ce qui le rend \u00e9galement parfait pour une utilisation en ext\u00e9rieur. C\u2019est un produit non toxique, sans danger pour l\u2019utilisateur et l\u2019environnement.<\/p>\n\n\n\n<figure class=\"wp-block-image size-large\"><a href=\"https:\/\/www.dfp.ca\/wp-content\/uploads\/2026\/03\/WoodReapir-5Step-FR.png\"><img loading=\"lazy\" decoding=\"async\" width=\"1024\" height=\"349\" src=\"https:\/\/www.dfp.ca\/wp-content\/uploads\/2026\/03\/WoodReapir-5Step-FR-1024x349.png\" alt=\"\" class=\"wp-image-5669\" srcset=\"https:\/\/www.dfp.ca\/wp-content\/uploads\/2026\/03\/WoodReapir-5Step-FR-1024x349.png 1024w, https:\/\/www.dfp.ca\/wp-content\/uploads\/2026\/03\/WoodReapir-5Step-FR-300x102.png 300w, https:\/\/www.dfp.ca\/wp-content\/uploads\/2026\/03\/WoodReapir-5Step-FR-768x262.png 768w, https:\/\/www.dfp.ca\/wp-content\/uploads\/2026\/03\/WoodReapir-5Step-FR-1536x524.png 1536w, https:\/\/www.dfp.ca\/wp-content\/uploads\/2026\/03\/WoodReapir-5Step-FR-24x8.png 24w, https:\/\/www.dfp.ca\/wp-content\/uploads\/2026\/03\/WoodReapir-5Step-FR-36x12.png 36w, https:\/\/www.dfp.ca\/wp-content\/uploads\/2026\/03\/WoodReapir-5Step-FR-48x16.png 48w, https:\/\/www.dfp.ca\/wp-content\/uploads\/2026\/03\/WoodReapir-5Step-FR.png 2022w\" sizes=\"(max-width: 1024px) 100vw, 1024px\" \/><\/a><\/figure>\n\n\n\n<ul class=\"wp-block-list\">\n<li>Pr\u00eat \u00e0 l\u2019emploi et facile \u00e0 utiliser.<\/li>\n\n\n\n<li>Parfait pour tous les types de bois.<\/li>\n\n\n\n<li>Solide et durable.<\/li>\n\n\n\n<li>Durcit en quelques secondes.<\/li>\n\n\n\n<li>Flexible et r\u00e9sistant.<\/li>\n\n\n\n<li>Compatible avec une grande vari\u00e9t\u00e9 de couches de finition (toujours tester au pr\u00e9alable).<\/li>\n\n\n\n<li>Gaspillage minimal.<\/li>\n\n\n\n<li>Formule non toxique.<\/li>\n\n\n\n<li>R\u00e9siste aux changements de temp\u00e9rature.<\/li>\n\n\n\n<li>Pour une utilisation en int\u00e9rieur et en ext\u00e9rieur.<\/li>\n<\/ul>\n\n\n<div class=\"wp-block-image\">\n<figure class=\"aligncenter size-large\"><a href=\"https:\/\/www.dfp.ca\/wp-content\/uploads\/2026\/03\/WoodRepair-Uses-FR.png\"><img loading=\"lazy\" decoding=\"async\" width=\"1024\" height=\"140\" src=\"https:\/\/www.dfp.ca\/wp-content\/uploads\/2026\/03\/WoodRepair-Uses-FR-1024x140.png\" alt=\"\" class=\"wp-image-5671\" style=\"object-fit:cover\" srcset=\"https:\/\/www.dfp.ca\/wp-content\/uploads\/2026\/03\/WoodRepair-Uses-FR-1024x140.png 1024w, https:\/\/www.dfp.ca\/wp-content\/uploads\/2026\/03\/WoodRepair-Uses-FR-300x41.png 300w, https:\/\/www.dfp.ca\/wp-content\/uploads\/2026\/03\/WoodRepair-Uses-FR-768x105.png 768w, https:\/\/www.dfp.ca\/wp-content\/uploads\/2026\/03\/WoodRepair-Uses-FR-1536x211.png 1536w, https:\/\/www.dfp.ca\/wp-content\/uploads\/2026\/03\/WoodRepair-Uses-FR-2048x281.png 2048w, https:\/\/www.dfp.ca\/wp-content\/uploads\/2026\/03\/WoodRepair-Uses-FR-24x3.png 24w, https:\/\/www.dfp.ca\/wp-content\/uploads\/2026\/03\/WoodRepair-Uses-FR-36x5.png 36w, https:\/\/www.dfp.ca\/wp-content\/uploads\/2026\/03\/WoodRepair-Uses-FR-48x7.png 48w\" sizes=\"(max-width: 1024px) 100vw, 1024px\" \/><\/a><\/figure><\/div>\n\n\n<figure class=\"wp-block-table\"><table><tbody><tr><td>Article #<\/td><td>Description<\/td><\/tr><tr><td>730200<\/td><td><strong>Ensemble de r\u00e9paration de bois Plus+<\/strong><br>Comprends:<br>1 pistolet remplisseur de n\u0153uds BCD 180 avec thermostat<br>r\u00e9glable<br>1 sac de remplisseur de n\u0153uds (2 x pin, 2 x ch\u00eane,<br>2 x noyer, 2 x noir)<br>2 x fer \u00e0 refroidir<br>1 x outil de coupe<br>1 x \u00e9conomiseur<\/td><\/tr><tr><td>730100<\/td><td>Remplisseur de n\u0153uds &#8211; M\u00e9lange 1<br>2 b\u00e2tonnets ch.: n\u0153uds, pin, ch\u00eane, acajou\u00a0<\/td><\/tr><tr><td>730101<\/td><td>Remplisseur de n\u0153uds &#8211; M\u00e9lange 2<br>2 b\u00e2tonnets ch.: blanc, h\u00eatre, noyer, noir\u00a0<\/td><\/tr><tr><td>730199<\/td><td>Pistolet remplisseur de n\u0153uds &#8211; WR 180\u00a0<\/td><\/tr><\/tbody><\/table><\/figure>\n\n\n\n<div class=\"wp-block-columns is-layout-flex wp-container-core-columns-is-layout-1 wp-block-columns-is-layout-flex\">\n<div class=\"wp-block-column is-layout-flow wp-block-column-is-layout-flow\">\n<figure class=\"wp-block-image size-full\"><a href=\"https:\/\/www.dfp.ca\/wp-content\/uploads\/2026\/03\/134-ash-96685_400x400.jpg\"><img loading=\"lazy\" decoding=\"async\" width=\"275\" height=\"400\" src=\"https:\/\/www.dfp.ca\/wp-content\/uploads\/2026\/03\/134-ash-96685_400x400.jpg\" alt=\"\" class=\"wp-image-5641\" srcset=\"https:\/\/www.dfp.ca\/wp-content\/uploads\/2026\/03\/134-ash-96685_400x400.jpg 275w, https:\/\/www.dfp.ca\/wp-content\/uploads\/2026\/03\/134-ash-96685_400x400-206x300.jpg 206w, https:\/\/www.dfp.ca\/wp-content\/uploads\/2026\/03\/134-ash-96685_400x400-17x24.jpg 17w, https:\/\/www.dfp.ca\/wp-content\/uploads\/2026\/03\/134-ash-96685_400x400-25x36.jpg 25w, https:\/\/www.dfp.ca\/wp-content\/uploads\/2026\/03\/134-ash-96685_400x400-33x48.jpg 33w\" sizes=\"(max-width: 275px) 100vw, 275px\" \/><\/a><figcaption class=\"wp-element-caption\">730102<br>Remplisseur de n\u0153uds <br>(8 b\u00e2tonnets) &#8211; Fr\u00eane\u00a0<\/figcaption><\/figure>\n<\/div>\n\n\n\n<div class=\"wp-block-column is-layout-flow wp-block-column-is-layout-flow\">\n<figure class=\"wp-block-image size-full\"><a href=\"https:\/\/www.dfp.ca\/wp-content\/uploads\/2026\/03\/813_Beech_x_400x400.jpg\"><img loading=\"lazy\" decoding=\"async\" width=\"274\" height=\"400\" src=\"https:\/\/www.dfp.ca\/wp-content\/uploads\/2026\/03\/813_Beech_x_400x400.jpg\" alt=\"\" class=\"wp-image-5643\" srcset=\"https:\/\/www.dfp.ca\/wp-content\/uploads\/2026\/03\/813_Beech_x_400x400.jpg 274w, https:\/\/www.dfp.ca\/wp-content\/uploads\/2026\/03\/813_Beech_x_400x400-206x300.jpg 206w, https:\/\/www.dfp.ca\/wp-content\/uploads\/2026\/03\/813_Beech_x_400x400-16x24.jpg 16w, https:\/\/www.dfp.ca\/wp-content\/uploads\/2026\/03\/813_Beech_x_400x400-25x36.jpg 25w, https:\/\/www.dfp.ca\/wp-content\/uploads\/2026\/03\/813_Beech_x_400x400-33x48.jpg 33w\" sizes=\"(max-width: 274px) 100vw, 274px\" \/><\/a><figcaption class=\"wp-element-caption\">730103<br>Remplisseur de n\u0153uds (8 b\u00e2tonnets) &#8211; H\u00eatre\u00a0<\/figcaption><\/figure>\n<\/div>\n\n\n\n<div class=\"wp-block-column is-layout-flow wp-block-column-is-layout-flow\">\n<figure class=\"wp-block-image size-full\"><a href=\"https:\/\/www.dfp.ca\/wp-content\/uploads\/2026\/03\/134_Oak_400x400.jpg\"><img loading=\"lazy\" decoding=\"async\" width=\"274\" height=\"400\" src=\"https:\/\/www.dfp.ca\/wp-content\/uploads\/2026\/03\/134_Oak_400x400.jpg\" alt=\"\" class=\"wp-image-5645\" srcset=\"https:\/\/www.dfp.ca\/wp-content\/uploads\/2026\/03\/134_Oak_400x400.jpg 274w, https:\/\/www.dfp.ca\/wp-content\/uploads\/2026\/03\/134_Oak_400x400-206x300.jpg 206w, https:\/\/www.dfp.ca\/wp-content\/uploads\/2026\/03\/134_Oak_400x400-16x24.jpg 16w, https:\/\/www.dfp.ca\/wp-content\/uploads\/2026\/03\/134_Oak_400x400-25x36.jpg 25w, https:\/\/www.dfp.ca\/wp-content\/uploads\/2026\/03\/134_Oak_400x400-33x48.jpg 33w\" sizes=\"(max-width: 274px) 100vw, 274px\" \/><\/a><figcaption class=\"wp-element-caption\">730104<br>Remplisseur de n\u0153uds (8 b\u00e2tonnets) &#8211; Ch\u00eane\u00a0<\/figcaption><\/figure>\n<\/div>\n\n\n\n<div class=\"wp-block-column is-layout-flow wp-block-column-is-layout-flow\">\n<figure class=\"wp-block-image size-full\"><a href=\"https:\/\/www.dfp.ca\/wp-content\/uploads\/2026\/03\/134_Pine_x_400x400.jpg\"><img loading=\"lazy\" decoding=\"async\" width=\"274\" height=\"400\" src=\"https:\/\/www.dfp.ca\/wp-content\/uploads\/2026\/03\/134_Pine_x_400x400.jpg\" alt=\"\" class=\"wp-image-5647\" srcset=\"https:\/\/www.dfp.ca\/wp-content\/uploads\/2026\/03\/134_Pine_x_400x400.jpg 274w, https:\/\/www.dfp.ca\/wp-content\/uploads\/2026\/03\/134_Pine_x_400x400-206x300.jpg 206w, https:\/\/www.dfp.ca\/wp-content\/uploads\/2026\/03\/134_Pine_x_400x400-16x24.jpg 16w, https:\/\/www.dfp.ca\/wp-content\/uploads\/2026\/03\/134_Pine_x_400x400-25x36.jpg 25w, https:\/\/www.dfp.ca\/wp-content\/uploads\/2026\/03\/134_Pine_x_400x400-33x48.jpg 33w\" sizes=\"(max-width: 274px) 100vw, 274px\" \/><\/a><figcaption class=\"wp-element-caption\">730105<br>Remplisseur de n\u0153uds (8 b\u00e2tonnets) &#8211; Pin\u00a0<\/figcaption><\/figure>\n<\/div>\n<\/div>\n\n\n\n<div class=\"wp-block-columns is-layout-flex wp-container-core-columns-is-layout-2 wp-block-columns-is-layout-flex\">\n<div class=\"wp-block-column is-layout-flow wp-block-column-is-layout-flow\">\n<figure class=\"wp-block-image size-full\"><a href=\"https:\/\/www.dfp.ca\/wp-content\/uploads\/2026\/03\/134_Knot_400x400.jpg\"><img loading=\"lazy\" decoding=\"async\" width=\"274\" height=\"400\" src=\"https:\/\/www.dfp.ca\/wp-content\/uploads\/2026\/03\/134_Knot_400x400.jpg\" alt=\"\" class=\"wp-image-5649\" srcset=\"https:\/\/www.dfp.ca\/wp-content\/uploads\/2026\/03\/134_Knot_400x400.jpg 274w, https:\/\/www.dfp.ca\/wp-content\/uploads\/2026\/03\/134_Knot_400x400-206x300.jpg 206w, https:\/\/www.dfp.ca\/wp-content\/uploads\/2026\/03\/134_Knot_400x400-16x24.jpg 16w, https:\/\/www.dfp.ca\/wp-content\/uploads\/2026\/03\/134_Knot_400x400-25x36.jpg 25w, https:\/\/www.dfp.ca\/wp-content\/uploads\/2026\/03\/134_Knot_400x400-33x48.jpg 33w\" sizes=\"(max-width: 274px) 100vw, 274px\" \/><\/a><figcaption class=\"wp-element-caption\">730110<br>Remplisseur de n\u0153uds <br>(8 b\u00e2tonnets) &#8211;  N\u0153uds <br>(semi-transparent)\u00a0<\/figcaption><\/figure>\n<\/div>\n\n\n\n<div class=\"wp-block-column is-layout-flow wp-block-column-is-layout-flow\">\n<figure class=\"wp-block-image size-full\"><a href=\"https:\/\/www.dfp.ca\/wp-content\/uploads\/2026\/03\/134-mahogany-23517_400x400.jpg\"><img loading=\"lazy\" decoding=\"async\" width=\"277\" height=\"400\" src=\"https:\/\/www.dfp.ca\/wp-content\/uploads\/2026\/03\/134-mahogany-23517_400x400.jpg\" alt=\"\" class=\"wp-image-5651\" srcset=\"https:\/\/www.dfp.ca\/wp-content\/uploads\/2026\/03\/134-mahogany-23517_400x400.jpg 277w, https:\/\/www.dfp.ca\/wp-content\/uploads\/2026\/03\/134-mahogany-23517_400x400-208x300.jpg 208w, https:\/\/www.dfp.ca\/wp-content\/uploads\/2026\/03\/134-mahogany-23517_400x400-17x24.jpg 17w, https:\/\/www.dfp.ca\/wp-content\/uploads\/2026\/03\/134-mahogany-23517_400x400-25x36.jpg 25w, https:\/\/www.dfp.ca\/wp-content\/uploads\/2026\/03\/134-mahogany-23517_400x400-33x48.jpg 33w\" sizes=\"(max-width: 277px) 100vw, 277px\" \/><\/a><figcaption class=\"wp-element-caption\">730112<br>Remplisseur de n\u0153uds <br>(8 b\u00e2tonnets) &#8211; Acajou<\/figcaption><\/figure>\n<\/div>\n\n\n\n<div class=\"wp-block-column is-layout-flow wp-block-column-is-layout-flow\">\n<figure class=\"wp-block-image size-full\"><a href=\"https:\/\/www.dfp.ca\/wp-content\/uploads\/2026\/03\/134_Black_400x400.png\"><img loading=\"lazy\" decoding=\"async\" width=\"277\" height=\"400\" src=\"https:\/\/www.dfp.ca\/wp-content\/uploads\/2026\/03\/134_Black_400x400.png\" alt=\"\" class=\"wp-image-5663\" srcset=\"https:\/\/www.dfp.ca\/wp-content\/uploads\/2026\/03\/134_Black_400x400.png 277w, https:\/\/www.dfp.ca\/wp-content\/uploads\/2026\/03\/134_Black_400x400-208x300.png 208w, https:\/\/www.dfp.ca\/wp-content\/uploads\/2026\/03\/134_Black_400x400-17x24.png 17w, https:\/\/www.dfp.ca\/wp-content\/uploads\/2026\/03\/134_Black_400x400-25x36.png 25w, https:\/\/www.dfp.ca\/wp-content\/uploads\/2026\/03\/134_Black_400x400-33x48.png 33w\" sizes=\"(max-width: 277px) 100vw, 277px\" \/><\/a><figcaption class=\"wp-element-caption\">730113<br>Remplisseur de n\u0153uds <br>(8 b\u00e2tonnets) &#8211; Noir<\/figcaption><\/figure>\n<\/div>\n\n\n\n<div class=\"wp-block-column is-layout-flow wp-block-column-is-layout-flow\">\n<figure class=\"wp-block-image size-full\"><a href=\"https:\/\/www.dfp.ca\/wp-content\/uploads\/2026\/03\/134_Walnut_400x400a.png\"><img loading=\"lazy\" decoding=\"async\" width=\"277\" height=\"400\" src=\"https:\/\/www.dfp.ca\/wp-content\/uploads\/2026\/03\/134_Walnut_400x400a.png\" alt=\"\" class=\"wp-image-5665\" srcset=\"https:\/\/www.dfp.ca\/wp-content\/uploads\/2026\/03\/134_Walnut_400x400a.png 277w, https:\/\/www.dfp.ca\/wp-content\/uploads\/2026\/03\/134_Walnut_400x400a-208x300.png 208w, https:\/\/www.dfp.ca\/wp-content\/uploads\/2026\/03\/134_Walnut_400x400a-17x24.png 17w, https:\/\/www.dfp.ca\/wp-content\/uploads\/2026\/03\/134_Walnut_400x400a-25x36.png 25w, https:\/\/www.dfp.ca\/wp-content\/uploads\/2026\/03\/134_Walnut_400x400a-33x48.png 33w\" sizes=\"(max-width: 277px) 100vw, 277px\" \/><\/a><figcaption class=\"wp-element-caption\">730114<br>Remplisseur de n\u0153uds <br>(8 b\u00e2tonnets) &#8211; Noyer<\/figcaption><\/figure>\n<\/div>\n<\/div>\n\n\n\n<div class=\"wp-block-columns is-layout-flex wp-container-core-columns-is-layout-3 wp-block-columns-is-layout-flex\">\n<div class=\"wp-block-column is-layout-flow wp-block-column-is-layout-flow\">\n<figure class=\"wp-block-embed is-type-video is-provider-youtube wp-block-embed-youtube wp-embed-aspect-16-9 wp-has-aspect-ratio\"><div class=\"wp-block-embed__wrapper\">\n<iframe loading=\"lazy\" title=\"STAIRCASE repair w. #Knotfiller - No epoxy! Unique Polyamide Filler I woodrepair.dk\" width=\"900\" height=\"506\" src=\"https:\/\/www.youtube.com\/embed\/iXYwlqvvW7o?feature=oembed\" frameborder=\"0\" allow=\"accelerometer; autoplay; clipboard-write; encrypted-media; gyroscope; picture-in-picture; web-share\" referrerpolicy=\"strict-origin-when-cross-origin\" allowfullscreen><\/iframe>\n<\/div><\/figure>\n<\/div>\n\n\n\n<div class=\"wp-block-column is-layout-flow wp-block-column-is-layout-flow\">\n<figure class=\"wp-block-embed is-type-video is-provider-youtube wp-block-embed-youtube wp-embed-aspect-16-9 wp-has-aspect-ratio\"><div class=\"wp-block-embed__wrapper\">\n<iframe loading=\"lazy\" title=\"Una Incre\u00edble Forma De Reparar La Madera - Masilla Caliente\" width=\"900\" height=\"506\" src=\"https:\/\/www.youtube.com\/embed\/RD87ZJbATlQ?feature=oembed\" frameborder=\"0\" allow=\"accelerometer; autoplay; clipboard-write; encrypted-media; gyroscope; picture-in-picture; web-share\" referrerpolicy=\"strict-origin-when-cross-origin\" allowfullscreen><\/iframe>\n<\/div><\/figure>\n<\/div>\n<\/div>\n","protected":false},"excerpt":{"rendered":"<p>Remplisseur de n\u0153uds est un produit unique destin\u00e9 \u00e0 r\u00e9parer toutes sortes de n\u0153uds, fissures, fentes, d\u00e9fauts, vides et autres imperfections dans le bois. Il est facile et rapide \u00e0 utiliser, durable, flexible et r\u00e9sistant \u00e0 la fois. Remplisseur de n\u0153uds est hydrofuge, ce qui le rend \u00e9galement parfait pour une utilisation en ext\u00e9rieur. C\u2019est [&hellip;]<\/p>\n","protected":false},"author":1,"featured_media":0,"parent":188,"menu_order":0,"comment_status":"closed","ping_status":"closed","template":"template-left-sidebar.php","meta":{"footnotes":""},"class_list":["post-5668","page","type-page","status-publish","hentry"],"_links":{"self":[{"href":"https:\/\/www.dfp.ca\/fr\/wp-json\/wp\/v2\/pages\/5668"}],"collection":[{"href":"https:\/\/www.dfp.ca\/fr\/wp-json\/wp\/v2\/pages"}],"about":[{"href":"https:\/\/www.dfp.ca\/fr\/wp-json\/wp\/v2\/types\/page"}],"author":[{"embeddable":true,"href":"https:\/\/www.dfp.ca\/fr\/wp-json\/wp\/v2\/users\/1"}],"replies":[{"embeddable":true,"href":"https:\/\/www.dfp.ca\/fr\/wp-json\/wp\/v2\/comments?post=5668"}],"version-history":[{"count":1,"href":"https:\/\/www.dfp.ca\/fr\/wp-json\/wp\/v2\/pages\/5668\/revisions"}],"predecessor-version":[{"id":5673,"href":"https:\/\/www.dfp.ca\/fr\/wp-json\/wp\/v2\/pages\/5668\/revisions\/5673"}],"up":[{"embeddable":true,"href":"https:\/\/www.dfp.ca\/fr\/wp-json\/wp\/v2\/pages\/188"}],"wp:attachment":[{"href":"https:\/\/www.dfp.ca\/fr\/wp-json\/wp\/v2\/media?parent=5668"}],"curies":[{"name":"wp","href":"https:\/\/api.w.org\/{rel}","templated":true}]}}