{"id":583,"date":"2016-07-04T15:15:24","date_gmt":"2016-07-04T19:15:24","guid":{"rendered":"http:\/\/www.dfp.ca\/fr\/?page_id=583"},"modified":"2025-10-31T12:52:41","modified_gmt":"2025-10-31T16:52:41","slug":"remplisseurs","status":"publish","type":"page","link":"https:\/\/www.dfp.ca\/fr\/bois\/mastic-adhesifs-et-abrasifs\/remplisseurs\/","title":{"rendered":"REMPLISSEURS"},"content":{"rendered":"\n<div class=\"wp-block-columns is-layout-flex wp-container-core-columns-is-layout-1 wp-block-columns-is-layout-flex\">\n<div class=\"wp-block-column is-layout-flow wp-block-column-is-layout-flow\">\n<figure class=\"wp-block-image size-full\"><a href=\"https:\/\/www.dfp.ca\/fr\/bois\/mastic-adhesifs-et-abrasifs\/remplisseurs\/bouche-pores-en-poudre-pour-bois\/\"><img loading=\"lazy\" decoding=\"async\" width=\"500\" height=\"500\" src=\"https:\/\/www.dfp.ca\/wp-content\/uploads\/2024\/11\/PowdereWoodFIller-500.jpg\" alt=\"\" class=\"wp-image-5268\" srcset=\"https:\/\/www.dfp.ca\/wp-content\/uploads\/2024\/11\/PowdereWoodFIller-500.jpg 500w, https:\/\/www.dfp.ca\/wp-content\/uploads\/2024\/11\/PowdereWoodFIller-500-300x300.jpg 300w, https:\/\/www.dfp.ca\/wp-content\/uploads\/2024\/11\/PowdereWoodFIller-500-150x150.jpg 150w, https:\/\/www.dfp.ca\/wp-content\/uploads\/2024\/11\/PowdereWoodFIller-500-24x24.jpg 24w, https:\/\/www.dfp.ca\/wp-content\/uploads\/2024\/11\/PowdereWoodFIller-500-36x36.jpg 36w, https:\/\/www.dfp.ca\/wp-content\/uploads\/2024\/11\/PowdereWoodFIller-500-48x48.jpg 48w\" sizes=\"(max-width: 500px) 100vw, 500px\" \/><\/a><\/figure>\n\n\n\n<p class=\"has-text-align-center\" style=\"font-size:1.5em\"><a href=\"https:\/\/www.dfp.ca\/fr\/bois\/mastic-adhesifs-et-abrasifs\/fillers\/bouche-pores-en-poudre-pour-bois\/\" data-type=\"page\" data-id=\"4164\"><strong>BOUCHE-PORES<\/strong><\/a><br><a href=\"https:\/\/www.dfp.ca\/fr\/bois\/mastic-adhesifs-et-abrasifs\/fillers\/bouche-pores-en-poudre-pour-bois\/\" data-type=\"page\" data-id=\"4164\"><strong>EN POUDRE POUR BOIS<\/strong> <\/a><\/p>\n<\/div>\n\n\n\n<div class=\"wp-block-column is-layout-flow wp-block-column-is-layout-flow\">\n<figure class=\"wp-block-image size-full\"><a href=\"https:\/\/www.dfp.ca\/fr\/bois\/mastic-adhesifs-et-abrasifs\/remplisseurs\/mastic-a-bois\/\"><img loading=\"lazy\" decoding=\"async\" width=\"500\" height=\"500\" src=\"https:\/\/www.dfp.ca\/wp-content\/uploads\/2024\/01\/timbermate-500.jpg\" alt=\"\" class=\"wp-image-4856\" srcset=\"https:\/\/www.dfp.ca\/wp-content\/uploads\/2024\/01\/timbermate-500.jpg 500w, https:\/\/www.dfp.ca\/wp-content\/uploads\/2024\/01\/timbermate-500-300x300.jpg 300w, https:\/\/www.dfp.ca\/wp-content\/uploads\/2024\/01\/timbermate-500-150x150.jpg 150w, https:\/\/www.dfp.ca\/wp-content\/uploads\/2024\/01\/timbermate-500-24x24.jpg 24w, https:\/\/www.dfp.ca\/wp-content\/uploads\/2024\/01\/timbermate-500-36x36.jpg 36w, https:\/\/www.dfp.ca\/wp-content\/uploads\/2024\/01\/timbermate-500-48x48.jpg 48w\" sizes=\"(max-width: 500px) 100vw, 500px\" \/><\/a><\/figure>\n\n\n\n<p class=\"has-text-align-center\" style=\"font-size:1.5em\"><a href=\"https:\/\/www.dfp.ca\/fr\/bois\/mastic-adhesifs-et-abrasifs\/remplisseurs\/mastic-a-bois\/\" data-type=\"page\" data-id=\"585\"><strong>TIMBERMATE<\/strong><br><strong>BOUCHE-PORES<\/strong><\/a><\/p>\n<\/div>\n\n\n\n<div class=\"wp-block-column is-layout-flow wp-block-column-is-layout-flow\">\n<figure class=\"wp-block-image size-full\"><a href=\"https:\/\/www.dfp.ca\/fr\/bois\/mastic-adhesifs-et-abrasifs\/remplisseurs\/bouche-pores-clair\/\"><img loading=\"lazy\" decoding=\"async\" width=\"500\" height=\"500\" src=\"https:\/\/www.dfp.ca\/wp-content\/uploads\/2024\/11\/GorksClearFiller-500.jpg\" alt=\"\" class=\"wp-image-5270\" srcset=\"https:\/\/www.dfp.ca\/wp-content\/uploads\/2024\/11\/GorksClearFiller-500.jpg 500w, https:\/\/www.dfp.ca\/wp-content\/uploads\/2024\/11\/GorksClearFiller-500-300x300.jpg 300w, https:\/\/www.dfp.ca\/wp-content\/uploads\/2024\/11\/GorksClearFiller-500-150x150.jpg 150w, https:\/\/www.dfp.ca\/wp-content\/uploads\/2024\/11\/GorksClearFiller-500-24x24.jpg 24w, https:\/\/www.dfp.ca\/wp-content\/uploads\/2024\/11\/GorksClearFiller-500-36x36.jpg 36w, https:\/\/www.dfp.ca\/wp-content\/uploads\/2024\/11\/GorksClearFiller-500-48x48.jpg 48w\" sizes=\"(max-width: 500px) 100vw, 500px\" \/><\/a><\/figure>\n\n\n\n<p class=\"has-text-align-center\" style=\"font-size:1.5em\"><a href=\"https:\/\/www.dfp.ca\/fr\/bois\/mastic-adhesifs-et-abrasifs\/fillers\/bouche-pores-clair\/\" data-type=\"page\" data-id=\"4351\"><strong>GORK&#8217;S GOODFILLA<\/strong><br><strong>BOUCHE-PORES CLAIR<\/strong><\/a><\/p>\n<\/div>\n<\/div>\n\n\n\n<div class=\"wp-block-columns is-layout-flex wp-container-core-columns-is-layout-2 wp-block-columns-is-layout-flex\">\n<div class=\"wp-block-column is-layout-flow wp-block-column-is-layout-flow\">\n<figure class=\"wp-block-image size-full\"><a href=\"https:\/\/www.dfp.ca\/fr\/bois\/mastic-adhesifs-et-abrasifs\/remplisseurs\/bouche-pores-epais\/\"><img loading=\"lazy\" decoding=\"async\" width=\"500\" height=\"500\" src=\"https:\/\/www.dfp.ca\/wp-content\/uploads\/2024\/11\/GorksWGFiller-500.jpg\" alt=\"\" class=\"wp-image-5272\" srcset=\"https:\/\/www.dfp.ca\/wp-content\/uploads\/2024\/11\/GorksWGFiller-500.jpg 500w, https:\/\/www.dfp.ca\/wp-content\/uploads\/2024\/11\/GorksWGFiller-500-300x300.jpg 300w, https:\/\/www.dfp.ca\/wp-content\/uploads\/2024\/11\/GorksWGFiller-500-150x150.jpg 150w, https:\/\/www.dfp.ca\/wp-content\/uploads\/2024\/11\/GorksWGFiller-500-24x24.jpg 24w, https:\/\/www.dfp.ca\/wp-content\/uploads\/2024\/11\/GorksWGFiller-500-36x36.jpg 36w, https:\/\/www.dfp.ca\/wp-content\/uploads\/2024\/11\/GorksWGFiller-500-48x48.jpg 48w\" sizes=\"(max-width: 500px) 100vw, 500px\" \/><\/a><\/figure>\n\n\n\n<p class=\"has-text-align-center\" style=\"font-size:1.5em\"><a href=\"https:\/\/www.dfp.ca\/fr\/bois\/mastic-adhesifs-et-abrasifs\/fillers\/bouche-pores-epais\/\" data-type=\"page\" data-id=\"4438\"><strong>GORK&#8217;S GOODFILLA BOUCHE-PORES \u00c9PAIS<\/strong><br><\/a><\/p>\n<\/div>\n\n\n\n<div class=\"wp-block-column is-layout-flow wp-block-column-is-layout-flow\">\n<figure class=\"wp-block-image size-full\"><a href=\"https:\/\/www.dfp.ca\/fr\/bois\/mastic-adhesifs-et-abrasifs\/remplisseurs\/pc-woody\/\"><img loading=\"lazy\" decoding=\"async\" width=\"500\" height=\"500\" src=\"https:\/\/www.dfp.ca\/wp-content\/uploads\/2024\/11\/pc-woody-500-1.jpg\" alt=\"\" class=\"wp-image-5438\" srcset=\"https:\/\/www.dfp.ca\/wp-content\/uploads\/2024\/11\/pc-woody-500-1.jpg 500w, https:\/\/www.dfp.ca\/wp-content\/uploads\/2024\/11\/pc-woody-500-1-300x300.jpg 300w, https:\/\/www.dfp.ca\/wp-content\/uploads\/2024\/11\/pc-woody-500-1-150x150.jpg 150w, https:\/\/www.dfp.ca\/wp-content\/uploads\/2024\/11\/pc-woody-500-1-24x24.jpg 24w, https:\/\/www.dfp.ca\/wp-content\/uploads\/2024\/11\/pc-woody-500-1-36x36.jpg 36w, https:\/\/www.dfp.ca\/wp-content\/uploads\/2024\/11\/pc-woody-500-1-48x48.jpg 48w\" sizes=\"(max-width: 500px) 100vw, 500px\" \/><\/a><\/figure>\n\n\n\n<p class=\"has-text-align-center\" style=\"font-size:1.5em\"><strong><a href=\"https:\/\/www.dfp.ca\/fr\/bois\/mastic-adhesifs-et-abrasifs\/remplisseurs\/pc-woody\/\" data-type=\"page\" data-id=\"5429\">P\u00c2TE \u00c9POXYDE<br>PC-WOODY<\/a><\/strong><\/p>\n<\/div>\n\n\n\n<div class=\"wp-block-column is-layout-flow wp-block-column-is-layout-flow\">\n<figure class=\"wp-block-image size-full\"><a href=\"https:\/\/www.dfp.ca\/fr\/bois\/mastic-adhesifs-et-abrasifs\/remplisseurs\/quickwood\/\"><img loading=\"lazy\" decoding=\"async\" width=\"500\" height=\"500\" src=\"https:\/\/www.dfp.ca\/wp-content\/uploads\/2024\/11\/QuickCure2024-500.jpg\" alt=\"\" class=\"wp-image-5266\" srcset=\"https:\/\/www.dfp.ca\/wp-content\/uploads\/2024\/11\/QuickCure2024-500.jpg 500w, https:\/\/www.dfp.ca\/wp-content\/uploads\/2024\/11\/QuickCure2024-500-300x300.jpg 300w, https:\/\/www.dfp.ca\/wp-content\/uploads\/2024\/11\/QuickCure2024-500-150x150.jpg 150w, https:\/\/www.dfp.ca\/wp-content\/uploads\/2024\/11\/QuickCure2024-500-24x24.jpg 24w, https:\/\/www.dfp.ca\/wp-content\/uploads\/2024\/11\/QuickCure2024-500-36x36.jpg 36w, https:\/\/www.dfp.ca\/wp-content\/uploads\/2024\/11\/QuickCure2024-500-48x48.jpg 48w\" sizes=\"(max-width: 500px) 100vw, 500px\" \/><\/a><\/figure>\n\n\n\n<p class=\"has-text-align-center\" style=\"font-size:1.5em\"><a href=\"https:\/\/www.dfp.ca\/fr\/bois\/mastic-adhesifs-et-abrasifs\/fillers\/quickwood\/\" data-type=\"page\" data-id=\"607\"><strong>MASTIC<\/strong><br><strong>\u00c9POXYDE&nbsp;<\/strong><\/a><\/p>\n<\/div>\n<\/div>\n\n\n\n<div class=\"wp-block-columns is-layout-flex wp-container-core-columns-is-layout-3 wp-block-columns-is-layout-flex\">\n<div class=\"wp-block-column is-layout-flow wp-block-column-is-layout-flow\">\n<figure class=\"wp-block-image size-full\"><a href=\"https:\/\/www.dfp.ca\/fr\/bois\/mastic-adhesifs-et-abrasifs\/remplisseurs\/seamfil\/\"><img loading=\"lazy\" decoding=\"async\" width=\"500\" height=\"500\" src=\"https:\/\/www.dfp.ca\/wp-content\/uploads\/2024\/11\/Seamfil-Kit-2024-500.jpg\" alt=\"\" class=\"wp-image-5274\" srcset=\"https:\/\/www.dfp.ca\/wp-content\/uploads\/2024\/11\/Seamfil-Kit-2024-500.jpg 500w, https:\/\/www.dfp.ca\/wp-content\/uploads\/2024\/11\/Seamfil-Kit-2024-500-300x300.jpg 300w, https:\/\/www.dfp.ca\/wp-content\/uploads\/2024\/11\/Seamfil-Kit-2024-500-150x150.jpg 150w, https:\/\/www.dfp.ca\/wp-content\/uploads\/2024\/11\/Seamfil-Kit-2024-500-24x24.jpg 24w, https:\/\/www.dfp.ca\/wp-content\/uploads\/2024\/11\/Seamfil-Kit-2024-500-36x36.jpg 36w, https:\/\/www.dfp.ca\/wp-content\/uploads\/2024\/11\/Seamfil-Kit-2024-500-48x48.jpg 48w\" sizes=\"(max-width: 500px) 100vw, 500px\" \/><\/a><\/figure>\n\n\n\n<p class=\"has-text-align-center\" style=\"font-size:1.5em\"><strong><a href=\"https:\/\/www.dfp.ca\/fr\/bois\/mastic-adhesifs-et-abrasifs\/fillers\/seamfil\/\" data-type=\"page\" data-id=\"617\">R\u00c9PARATION POUR STRATIFI\u00c9 SEAMFIL<\/a><\/strong><br><\/p>\n<\/div>\n\n\n\n<div class=\"wp-block-column is-layout-flow wp-block-column-is-layout-flow\"><\/div>\n\n\n\n<div class=\"wp-block-column is-layout-flow wp-block-column-is-layout-flow\"><\/div>\n<\/div>\n\n\n\n<p><\/p>\n","protected":false},"excerpt":{"rendered":"<p>BOUCHE-PORESEN POUDRE POUR BOIS TIMBERMATEBOUCHE-PORES GORK&#8217;S GOODFILLABOUCHE-PORES CLAIR GORK&#8217;S GOODFILLA BOUCHE-PORES \u00c9PAIS P\u00c2TE \u00c9POXYDEPC-WOODY MASTIC\u00c9POXYDE&nbsp; R\u00c9PARATION POUR STRATIFI\u00c9 SEAMFIL<\/p>\n","protected":false},"author":1,"featured_media":0,"parent":576,"menu_order":0,"comment_status":"closed","ping_status":"closed","template":"template-left-sidebar.php","meta":{"footnotes":""},"class_list":["post-583","page","type-page","status-publish","hentry"],"_links":{"self":[{"href":"https:\/\/www.dfp.ca\/fr\/wp-json\/wp\/v2\/pages\/583"}],"collection":[{"href":"https:\/\/www.dfp.ca\/fr\/wp-json\/wp\/v2\/pages"}],"about":[{"href":"https:\/\/www.dfp.ca\/fr\/wp-json\/wp\/v2\/types\/page"}],"author":[{"embeddable":true,"href":"https:\/\/www.dfp.ca\/fr\/wp-json\/wp\/v2\/users\/1"}],"replies":[{"embeddable":true,"href":"https:\/\/www.dfp.ca\/fr\/wp-json\/wp\/v2\/comments?post=583"}],"version-history":[{"count":21,"href":"https:\/\/www.dfp.ca\/fr\/wp-json\/wp\/v2\/pages\/583\/revisions"}],"predecessor-version":[{"id":5619,"href":"https:\/\/www.dfp.ca\/fr\/wp-json\/wp\/v2\/pages\/583\/revisions\/5619"}],"up":[{"embeddable":true,"href":"https:\/\/www.dfp.ca\/fr\/wp-json\/wp\/v2\/pages\/576"}],"wp:attachment":[{"href":"https:\/\/www.dfp.ca\/fr\/wp-json\/wp\/v2\/media?parent=583"}],"curies":[{"name":"wp","href":"https:\/\/api.w.org\/{rel}","templated":true}]}}